{"id":934,"date":"2022-04-08T10:34:58","date_gmt":"2022-04-08T07:34:58","guid":{"rendered":"https:\/\/dshop.ee\/privacy-policy\/"},"modified":"2024-04-05T11:44:58","modified_gmt":"2024-04-05T08:44:58","slug":"privacy-policy","status":"publish","type":"page","link":"https:\/\/www.dshop.ee\/en\/privacy-policy\/","title":{"rendered":"<strong>Privacy Policy<\/strong>"},"content":{"rendered":"\n<h1 class=\"has-large-font-size wp-block-heading\" style=\"text-transform:capitalize\"><strong>Privacy Policy<\/strong><\/h1>\n\n<hr class=\"wp-block-separator is-style-wide\"\/>\n\n<hr class=\"wp-block-separator is-style-wide\"\/>\n\n<ul class=\"wp-block-list\"><li>Avers Disain O\u00dc is responsible for the customer&#8217;s personal data, which is provided when making purchases and is used only when completing the order and maintaining the customer relationship.<\/li><li>Personal data provided by the client is treated as confidential information.<\/li><li>Avers Disain O\u00dc reserves the right to send the customer information about new offers.<\/li><li>The customer has the right to inform about his \/ her desire not to receive in the future dshop.ee offers sent by you and demand termination of the processing of your data or deletion of the data collected so far from the database of Avers Disain O\u00dc.<\/li><li>All dshop.ee the customer&#8217;s personal data, which has become known in the course of visiting the online store and making purchases, is treated as confidential information. Except in cases where the courier needs your name, phone number and delivery address to deliver the goods or in other cases prescribed by law. An encrypted data channel with banks ensures the security of the purchaser&#8217;s personal data and bank details, including dshop.ee the e-shop has no access to them.<\/li><li>The seller shall ensure the protection and use of the buyer&#8217;s data,<br\/>including personal data, pursuant to the procedure prescribed in the General Conditions. Based on the current legislation and the general conditions, the seller has the right to process data (including personal data) without the consent of the buyer to the extent necessary for the use of the e-store, the performance of the sales contract or to ensure the performance of the sales contract. Among other things, due to the above, the seller has the right to separate consent:<br\/>&#8211; send to the buyer notices related to the use of the e &#8211; shop services, including notices sent in the interests of the safety of the users of the e &#8211; shop;<br\/>&#8211; to preserve the order data of the buyer who logged in to the e-store for better service of buyers and proof of transactions, including within a reasonable period of time also those orders that the buyer did not complete during the session.<\/li><li>The buyer has the right at any time to withdraw the consent given for the marketing use of the data by sending the seller a corresponding e &#8211; mail or to refuse to receive further direct marketing offers following the instructions in the direct marketing offer sent to his or her e &#8211; mail address.<\/li><\/ul>\n\n<h3 class=\"wp-block-heading\">What are Cookies?<\/h3>\n\n<p>A cookie is a file stored on your computer or device when you visit a website that remembers your activities and preferences (e.g. login, language selection, etc.). This way, you don&#8217;t have to re-enter your preferences when you visit a website repeatedly or move to another page.<\/p>\n\n<ul class=\"wp-block-list\"><li><strong>Technical cookies<\/strong> ensure the functioning of the website, without them important parts of the website cannot be used.<\/li><li><strong>Functional cookies<\/strong> allow you to offer special functionalities and personalize the website.<\/li><li><strong>Analytical cookies <\/strong> collect non-personalized information about website visitors and website usage to measure and improve website performance.<\/li><li><strong>Advertising or marketing cookies <\/strong>can be used to display ads that are as relevant as possible to a website visitor, to measure the effectiveness of advertising campaigns and to design a profile to display ads tailored to your interests on other websites. Information is collected in a non-personal form. Managing cookies<\/li><\/ul>\n\n<h3 class=\"wp-block-heading\">Managing cookies<\/h3>\n\n<p>You can block cookies by activating the settings in your browser that prohibit the installation of all or some cookies. However, by blocking cookies, you may not be able to access any part of our website, function or the website as a whole. More information about cookies, how to manage and delete them can be found at: www.allaboutcookies.org, www.youronlinechoices.com and in the \u201cHelp\u201d section of your browser.<\/p>\n\n<h3 class=\"wp-block-heading\">Changes in cookie policy<\/h3>\n\n<p>We reserve the right to change this cookie policy at any time. We will publish the modified cookie policy on our website by highlighting the notice in the browser if necessary.<\/p>\n","protected":false},"excerpt":{"rendered":"<p>Privacy Policy Avers Disain O\u00dc is responsible for the customer&#8217;s personal data, which is provided when making purchases and is used only when completing the order and maintaining the customer relationship. Personal data provided by the client is treated as confidential information. Avers Disain O\u00dc reserves the right to send the customer information about new [&#8230;]\n","protected":false},"author":1,"featured_media":0,"parent":0,"menu_order":0,"comment_status":"closed","ping_status":"open","template":"","meta":{"footnotes":""},"class_list":["post-934","page","type-page","status-publish","hentry"],"yoast_head":"<!-- This site is optimized with the Yoast SEO plugin v21.5 - https:\/\/yoast.com\/wordpress\/plugins\/seo\/ -->\n<title>Privacy Policy DSHOP AVERS DISAN O\u00dc - D.SHOP<\/title>\n<meta name=\"description\" content=\"Privacy Policy DSHOP AVERS DISAN O\u00dc\" \/>\n<meta name=\"robots\" content=\"index, follow, max-snippet:-1, max-image-preview:large, max-video-preview:-1\" \/>\n<link rel=\"canonical\" href=\"https:\/\/www.dshop.ee\/en\/privacy-policy\/\" \/>\n<meta property=\"og:locale\" content=\"en_US\" \/>\n<meta property=\"og:type\" content=\"article\" \/>\n<meta property=\"og:title\" content=\"Privacy Policy DSHOP AVERS DISAN O\u00dc - D.SHOP\" \/>\n<meta property=\"og:description\" content=\"Privacy Policy DSHOP AVERS DISAN O\u00dc\" \/>\n<meta property=\"og:url\" content=\"https:\/\/www.dshop.ee\/en\/privacy-policy\/\" \/>\n<meta property=\"og:site_name\" content=\"D.SHOP\" \/>\n<meta property=\"article:publisher\" content=\"https:\/\/www.facebook.com\/anovozilovaa\" \/>\n<meta property=\"article:modified_time\" content=\"2024-04-05T08:44:58+00:00\" \/>\n<meta name=\"twitter:card\" content=\"summary_large_image\" \/>\n<meta name=\"twitter:label1\" content=\"Est. reading time\" \/>\n\t<meta name=\"twitter:data1\" content=\"3 minutes\" \/>\n<script type=\"application\/ld+json\" class=\"yoast-schema-graph\">{\"@context\":\"https:\/\/schema.org\",\"@graph\":[{\"@type\":\"WebPage\",\"@id\":\"https:\/\/www.dshop.ee\/en\/privacy-policy\/\",\"url\":\"https:\/\/www.dshop.ee\/en\/privacy-policy\/\",\"name\":\"Privacy Policy DSHOP AVERS DISAN O\u00dc - D.SHOP\",\"isPartOf\":{\"@id\":\"https:\/\/www.dshop.ee\/en\/#website\"},\"datePublished\":\"2022-04-08T07:34:58+00:00\",\"dateModified\":\"2024-04-05T08:44:58+00:00\",\"description\":\"Privacy Policy DSHOP AVERS DISAN O\u00dc\",\"breadcrumb\":{\"@id\":\"https:\/\/www.dshop.ee\/en\/privacy-policy\/#breadcrumb\"},\"inLanguage\":\"en-US\",\"potentialAction\":[{\"@type\":\"ReadAction\",\"target\":[\"https:\/\/www.dshop.ee\/en\/privacy-policy\/\"]}]},{\"@type\":\"BreadcrumbList\",\"@id\":\"https:\/\/www.dshop.ee\/en\/privacy-policy\/#breadcrumb\",\"itemListElement\":[{\"@type\":\"ListItem\",\"position\":1,\"name\":\"Home\",\"item\":\"https:\/\/dshop.ee\/en\/\"},{\"@type\":\"ListItem\",\"position\":2,\"name\":\"Privacy Policy\"}]},{\"@type\":\"WebSite\",\"@id\":\"https:\/\/www.dshop.ee\/en\/#website\",\"url\":\"https:\/\/www.dshop.ee\/en\/\",\"name\":\"D.SHOP\",\"description\":\"We are ready to help make a home of your dreams. So cozy and all yours.\",\"publisher\":{\"@id\":\"https:\/\/www.dshop.ee\/en\/#organization\"},\"potentialAction\":[{\"@type\":\"SearchAction\",\"target\":{\"@type\":\"EntryPoint\",\"urlTemplate\":\"https:\/\/www.dshop.ee\/en\/?s={search_term_string}\"},\"query-input\":\"required name=search_term_string\"}],\"inLanguage\":\"en-US\"},{\"@type\":\"Organization\",\"@id\":\"https:\/\/www.dshop.ee\/en\/#organization\",\"name\":\"D.SHOP\",\"url\":\"https:\/\/www.dshop.ee\/en\/\",\"logo\":{\"@type\":\"ImageObject\",\"inLanguage\":\"en-US\",\"@id\":\"https:\/\/www.dshop.ee\/en\/#\/schema\/logo\/image\/\",\"url\":\"https:\/\/i0.wp.com\/www.dshop.ee\/wp-content\/uploads\/2022\/05\/Dshop-logo-300-2.jpg?fit=300%2C188&ssl=1\",\"contentUrl\":\"https:\/\/i0.wp.com\/www.dshop.ee\/wp-content\/uploads\/2022\/05\/Dshop-logo-300-2.jpg?fit=300%2C188&ssl=1\",\"width\":300,\"height\":188,\"caption\":\"D.SHOP\"},\"image\":{\"@id\":\"https:\/\/www.dshop.ee\/en\/#\/schema\/logo\/image\/\"},\"sameAs\":[\"https:\/\/www.facebook.com\/anovozilovaa\",\"https:\/\/www.instagram.com\/anovozilovaa\/\"]}]}<\/script>\n<!-- \/ Yoast SEO plugin. -->","yoast_head_json":{"title":"Privacy Policy DSHOP AVERS DISAN O\u00dc - D.SHOP","description":"Privacy Policy DSHOP AVERS DISAN O\u00dc","robots":{"index":"index","follow":"follow","max-snippet":"max-snippet:-1","max-image-preview":"max-image-preview:large","max-video-preview":"max-video-preview:-1"},"canonical":"https:\/\/www.dshop.ee\/en\/privacy-policy\/","og_locale":"en_US","og_type":"article","og_title":"Privacy Policy DSHOP AVERS DISAN O\u00dc - D.SHOP","og_description":"Privacy Policy DSHOP AVERS DISAN O\u00dc","og_url":"https:\/\/www.dshop.ee\/en\/privacy-policy\/","og_site_name":"D.SHOP","article_publisher":"https:\/\/www.facebook.com\/anovozilovaa","article_modified_time":"2024-04-05T08:44:58+00:00","twitter_card":"summary_large_image","twitter_misc":{"Est. reading time":"3 minutes"},"schema":{"@context":"https:\/\/schema.org","@graph":[{"@type":"WebPage","@id":"https:\/\/www.dshop.ee\/en\/privacy-policy\/","url":"https:\/\/www.dshop.ee\/en\/privacy-policy\/","name":"Privacy Policy DSHOP AVERS DISAN O\u00dc - D.SHOP","isPartOf":{"@id":"https:\/\/www.dshop.ee\/en\/#website"},"datePublished":"2022-04-08T07:34:58+00:00","dateModified":"2024-04-05T08:44:58+00:00","description":"Privacy Policy DSHOP AVERS DISAN O\u00dc","breadcrumb":{"@id":"https:\/\/www.dshop.ee\/en\/privacy-policy\/#breadcrumb"},"inLanguage":"en-US","potentialAction":[{"@type":"ReadAction","target":["https:\/\/www.dshop.ee\/en\/privacy-policy\/"]}]},{"@type":"BreadcrumbList","@id":"https:\/\/www.dshop.ee\/en\/privacy-policy\/#breadcrumb","itemListElement":[{"@type":"ListItem","position":1,"name":"Home","item":"https:\/\/dshop.ee\/en\/"},{"@type":"ListItem","position":2,"name":"Privacy Policy"}]},{"@type":"WebSite","@id":"https:\/\/www.dshop.ee\/en\/#website","url":"https:\/\/www.dshop.ee\/en\/","name":"D.SHOP","description":"We are ready to help make a home of your dreams. So cozy and all yours.","publisher":{"@id":"https:\/\/www.dshop.ee\/en\/#organization"},"potentialAction":[{"@type":"SearchAction","target":{"@type":"EntryPoint","urlTemplate":"https:\/\/www.dshop.ee\/en\/?s={search_term_string}"},"query-input":"required name=search_term_string"}],"inLanguage":"en-US"},{"@type":"Organization","@id":"https:\/\/www.dshop.ee\/en\/#organization","name":"D.SHOP","url":"https:\/\/www.dshop.ee\/en\/","logo":{"@type":"ImageObject","inLanguage":"en-US","@id":"https:\/\/www.dshop.ee\/en\/#\/schema\/logo\/image\/","url":"https:\/\/i0.wp.com\/www.dshop.ee\/wp-content\/uploads\/2022\/05\/Dshop-logo-300-2.jpg?fit=300%2C188&ssl=1","contentUrl":"https:\/\/i0.wp.com\/www.dshop.ee\/wp-content\/uploads\/2022\/05\/Dshop-logo-300-2.jpg?fit=300%2C188&ssl=1","width":300,"height":188,"caption":"D.SHOP"},"image":{"@id":"https:\/\/www.dshop.ee\/en\/#\/schema\/logo\/image\/"},"sameAs":["https:\/\/www.facebook.com\/anovozilovaa","https:\/\/www.instagram.com\/anovozilovaa\/"]}]}},"jetpack-related-posts":[{"id":927,"url":"https:\/\/www.dshop.ee\/privacy-policy\/","url_meta":{"origin":934,"position":0},"title":"Privaatsus ja andmekaitse","date":"08.04.2022","format":false,"excerpt":"Privaatsus ja andmekaitse Avers Disain O\u00dc vastutab kliendi isikuandmete eest, mis esitatakse ostude sooritamisel ning neid kasutatakse vaid tellimuse t\u00e4itmisel ja kliendisuhte hoidmisel.Kliendi esitatud isikuandmeid k\u00e4sitletakse kui konfidentsiaalset infot.Avers Disain O\u00dc j\u00e4tab endale \u00f5iguse saata kliendile informatsiooni uute pakkumiste kohta.Kliendil on \u00f5igus teatada oma soovist mitte saada edaspidi hektor.ee poolt\u2026","rel":"","context":"Similar post","img":{"alt_text":"","src":"","width":0,"height":0},"classes":[]},{"id":3,"url":"https:\/\/www.dshop.ee\/ru\/privacy-policy\/","url_meta":{"origin":934,"position":1},"title":"\u041f\u043e\u043b\u0438\u0442\u0438\u043a\u0430 \u043a\u043e\u043d\u0444\u0438\u0434\u0435\u043d\u0446\u0438\u0430\u043b\u044c\u043d\u043e\u0441\u0442\u0438","date":"08.04.2022","format":false,"excerpt":"\u041f\u043e\u043b\u0438\u0442\u0438\u043a\u0430 \u043a\u043e\u043d\u0444\u0438\u0434\u0435\u043d\u0446\u0438\u0430\u043b\u044c\u043d\u043e\u0441\u0442\u0438 Avers Disain O\u00dc \u043d\u0435\u0441\u0435\u0442 \u043e\u0442\u0432\u0435\u0442\u0441\u0442\u0432\u0435\u043d\u043d\u043e\u0441\u0442\u044c \u0437\u0430 \u043b\u0438\u0447\u043d\u044b\u0435 \u0434\u0430\u043d\u043d\u044b\u0435 \u043a\u043b\u0438\u0435\u043d\u0442\u0430, \u043f\u0440\u0435\u0434\u0441\u0442\u0430\u0432\u043b\u044f\u0435\u043c\u044b\u0435 \u043f\u0440\u0438 \u043e\u0441\u0443\u0449\u0435\u0441\u0442\u0432\u043b\u0435\u043d\u0438\u0438 \u043f\u043e\u043a\u0443\u043f\u043e\u043a, \u0438 \u0438\u0441\u043f\u043e\u043b\u044c\u0437\u0443\u0435\u0442 \u0438\u0445 \u0442\u043e\u043b\u044c\u043a\u043e \u0434\u043b\u044f \u0432\u044b\u043f\u043e\u043b\u043d\u0435\u043d\u0438\u044f \u0437\u0430\u043a\u0430\u0437\u0430 \u0438 \u0443\u043f\u0440\u0430\u0432\u043b\u0435\u043d\u0438\u044f \u0432\u0437\u0430\u0438\u043c\u043e\u0434\u0435\u0439\u0441\u0442\u0432\u0438\u0435\u043c \u0441 \u043a\u043b\u0438\u0435\u043d\u0442\u0430\u043c\u0438.\u041b\u0438\u0447\u043d\u044b\u0435 \u0434\u0430\u043d\u043d\u044b\u0435, \u043f\u0440\u0435\u0434\u0441\u0442\u0430\u0432\u043b\u0435\u043d\u043d\u044b\u0435 \u043a\u043b\u0438\u0435\u043d\u0442\u043e\u043c, \u0440\u0430\u0441\u0441\u043c\u0430\u0442\u0440\u0438\u0432\u0430\u044e\u0442\u0441\u044f \u043a\u0430\u043a \u043a\u043e\u043d\u0444\u0438\u0434\u0435\u043d\u0446\u0438\u0430\u043b\u044c\u043d\u0430\u044f\u00a0\u0438\u043d\u0444\u043e\u0440\u043c\u0430\u0446\u0438\u044f.Avers Disain O\u00dc\u00a0\u043e\u0441\u0442\u0430\u0432\u043b\u044f\u0435\u0442 \u0437\u0430 \u0441\u043e\u0431\u043e\u0439 \u043f\u0440\u0430\u0432\u043e \u043f\u0440\u0438\u0441\u044b\u043b\u0430\u0442\u044c \u043a\u043b\u0438\u0435\u043d\u0442\u0443 \u0438\u043d\u0444\u043e\u0440\u043c\u0430\u0446\u0438\u044e \u043e \u043d\u043e\u0432\u044b\u0445 \u043f\u0440\u0435\u0434\u043b\u043e\u0436\u0435\u043d\u0438\u044f\u0445.\u041a\u043b\u0438\u0435\u043d\u0442 \u0438\u043c\u0435\u0435\u0442 \u043f\u0440\u0430\u0432\u043e \u0441\u043e\u043e\u0431\u0449\u0438\u0442\u044c \u043e \u0441\u0432\u043e\u0435\u043c \u043d\u0435\u0436\u0435\u043b\u0430\u043d\u0438\u0438\u2026","rel":"","context":"Similar post","img":{"alt_text":"","src":"","width":0,"height":0},"classes":[]},{"id":2159,"url":"https:\/\/www.dshop.ee\/uldised-muugitingimused\/","url_meta":{"origin":934,"position":2},"title":"\u00dcldised m\u00fc\u00fcgitingimused","date":"03.05.2022","format":false,"excerpt":"\u00dcldised m\u00fc\u00fcgitingimused 1. \u00dcldtingimused 1.1. \u00dcldised m\u00fc\u00fcgitingimused kehtivad www.dshop.ee klientide (edaspidi Klient) ja www.dshop.ee omaniku Avers Disain O\u00dc (edaspidi \u2013 dshop.ee). 1.2. \u00dcldised m\u00fc\u00fcgitingimused on koosk\u00f5las Eesti Vabariigis kehtivate \u00f5igusnormidega. L\u00e4htutakse dshop.ee tooteinfost, hinnakirjast ning ostuinfost. 1.3. Dshop.ee j\u00e4tab endale \u00f5iguse muuta \u00fchepoolselt m\u00fc\u00fcgitingimusi ja toote hindu, et olla oma\u2026","rel":"","context":"Similar post","img":{"alt_text":"","src":"","width":0,"height":0},"classes":[]},{"id":2157,"url":"https:\/\/www.dshop.ee\/ru\/%d0%be%d0%b1%d1%89%d0%b8%d0%b5-%d1%83%d1%81%d0%bb%d0%be%d0%b2%d0%b8%d1%8f-%d0%bf%d1%80%d0%be%d0%b4%d0%b0%d0%b6%d0%b8\/","url_meta":{"origin":934,"position":3},"title":"\u041e\u0431\u0449\u0438\u0435 \u0443\u0441\u043b\u043e\u0432\u0438\u044f \u043f\u0440\u043e\u0434\u0430\u0436\u0438","date":"03.05.2022","format":false,"excerpt":"\u041e\u0431\u0449\u0438\u0435 \u0443\u0441\u043b\u043e\u0432\u0438\u044f \u043f\u0440\u043e\u0434\u0430\u0436\u0438 1. \u041e\u0431\u0449\u0438\u0435 \u0443\u0441\u043b\u043e\u0432\u0438\u044f 1.1. \u041e\u0431\u0449\u0438\u0435 \u0443\u0441\u043b\u043e\u0432\u0438\u044f \u043f\u0440\u043e\u0434\u0430\u0436\u0438 \u0434\u0435\u0439\u0441\u0442\u0432\u0443\u044e\u0442 \u043c\u0435\u0436\u0434\u0443 \u043a\u043b\u0438\u0435\u043d\u0442\u0430\u043c\u0438 \u0441\u0430\u0439\u0442\u0430 www.dshop.ee (\u0434\u0430\u043b\u0435\u0435 \u2013 \u041a\u043b\u0438\u0435\u043d\u0442) \u0438 \u0441\u043e\u0431\u0441\u0442\u0432\u0435\u043d\u043d\u0438\u043a\u043e\u043c www.dshop.ee \u0444\u0438\u0440\u043c\u043e\u0439 Avers Disain O\u00dc (\u0434\u0430\u043b\u0435\u0435 \u2013 dshop.ee). 1.2. \u041e\u0431\u0449\u0438\u0435 \u0443\u0441\u043b\u043e\u0432\u0438\u044f \u043f\u0440\u043e\u0434\u0430\u0436\u0438 \u0441\u043e\u043e\u0442\u0432\u0435\u0442\u0441\u0442\u0432\u0443\u044e\u0442 \u0434\u0435\u0439\u0441\u0442\u0432\u0443\u044e\u0449\u0438\u043c \u0432 \u042d\u0441\u0442\u043e\u043d\u0441\u043a\u043e\u0439 \u0420\u0435\u0441\u043f\u0443\u0431\u043b\u0438\u043a\u0435 \u043f\u0440\u0430\u0432\u043e\u0432\u044b\u043c \u043d\u043e\u0440\u043c\u0430\u043c. \u0421\u0442\u043e\u0440\u043e\u043d\u044b \u0440\u0443\u043a\u043e\u0432\u043e\u0434\u0441\u0442\u0432\u0443\u044e\u0442\u0441\u044f \u0438\u043d\u0444\u043e\u0440\u043c\u0430\u0446\u0438\u0435\u0439 \u043e \u043f\u0440\u043e\u0434\u0443\u043a\u0446\u0438\u0438 dshop.ee, \u043f\u0440\u0435\u0439\u0441\u043a\u0443\u0440\u0430\u043d\u0442\u043e\u043c \u0438 \u0438\u043d\u0444\u043e\u0440\u043c\u0430\u0446\u0438\u0435\u0439 \u043e \u043f\u043e\u043a\u0443\u043f\u043a\u0435.\u2026","rel":"","context":"Similar post","img":{"alt_text":"","src":"","width":0,"height":0},"classes":[]},{"id":2108,"url":"https:\/\/www.dshop.ee\/kontaktandmed\/","url_meta":{"origin":934,"position":4},"title":"Kontaktandmed","date":"03.05.2022","format":false,"excerpt":"","rel":"","context":"Similar post","img":{"alt_text":"","src":"","width":0,"height":0},"classes":[]},{"id":2125,"url":"https:\/\/www.dshop.ee\/en\/%d1%81ontact-information\/","url_meta":{"origin":934,"position":5},"title":"\u0421ontact information","date":"03.05.2022","format":false,"excerpt":"","rel":"","context":"Similar post","img":{"alt_text":"","src":"","width":0,"height":0},"classes":[]}],"_links":{"self":[{"href":"https:\/\/www.dshop.ee\/en\/wp-json\/wp\/v2\/pages\/934"}],"collection":[{"href":"https:\/\/www.dshop.ee\/en\/wp-json\/wp\/v2\/pages"}],"about":[{"href":"https:\/\/www.dshop.ee\/en\/wp-json\/wp\/v2\/types\/page"}],"author":[{"embeddable":true,"href":"https:\/\/www.dshop.ee\/en\/wp-json\/wp\/v2\/users\/1"}],"replies":[{"embeddable":true,"href":"https:\/\/www.dshop.ee\/en\/wp-json\/wp\/v2\/comments?post=934"}],"version-history":[{"count":2,"href":"https:\/\/www.dshop.ee\/en\/wp-json\/wp\/v2\/pages\/934\/revisions"}],"predecessor-version":[{"id":12167,"href":"https:\/\/www.dshop.ee\/en\/wp-json\/wp\/v2\/pages\/934\/revisions\/12167"}],"wp:attachment":[{"href":"https:\/\/www.dshop.ee\/en\/wp-json\/wp\/v2\/media?parent=934"}],"curies":[{"name":"wp","href":"https:\/\/api.w.org\/{rel}","templated":true}]}}