{"id":3046,"date":"2022-05-20T12:35:52","date_gmt":"2022-05-20T09:35:52","guid":{"rendered":"https:\/\/dshop.ee\/?post_type=product&#038;p=3046"},"modified":"2022-05-20T14:20:17","modified_gmt":"2022-05-20T11:20:17","slug":"table-with-lid-sasha-%e2%8c%8038cm","status":"publish","type":"product","link":"https:\/\/www.dshop.ee\/en\/product\/table-with-lid-sasha-%e2%8c%8038cm\/","title":{"rendered":"Table with lid SASHA | \u230038cm"},"content":{"rendered":"<div class=\"row row-collapse row-full-width align-middle\"  id=\"row-859169340\">\n\n\t<div id=\"col-1680464658\" class=\"col medium-5 small-12 large-5\"  >\n\t\t\t\t<div class=\"col-inner\"  >\n\t\t\t\n\t\t\t\n<div class=\"container section-title-container\" ><h3 class=\"section-title section-title-bold\"><b><\/b><span class=\"section-title-main\" >View in the project<\/span><b><\/b><\/h3><\/div>\n<div class=\"row row-full-width\"  id=\"row-1440901274\">\n\n\t<div id=\"col-490374888\" class=\"col medium-6 small-6 large-6\"  >\n\t\t\t\t<div class=\"col-inner\"  >\n\t\t\t\n\t<div class=\"is-border\"\n\t\tstyle=\"border-color:rgb(61, 173, 153);border-width:0px 0px 0px 1px;\">\n\t<\/div>\n\t\t\t\n\t<div id=\"text-3803886343\" class=\"text\">\n\t\t\n<p class=\"elementor-icon-box-title\">City:<\/p>\n<h3 class=\"elementor-icon-box-description\">J\u00d5HVI<\/h3>\n\t\t\n<style>\n#text-3803886343 {\n  text-align: left;\n}\n<\/style>\n\t<\/div>\n\t\n\t\t<\/div>\n\t\t\t\t\n<style>\n#col-490374888 > .col-inner {\n  padding: 0px 0px 0px 10px;\n}\n<\/style>\n\t<\/div>\n\n\t\n\n\t<div id=\"col-220946082\" class=\"col medium-6 small-6 large-6\"  >\n\t\t\t\t<div class=\"col-inner\"  >\n\t\t\t\n\t<div class=\"is-border\"\n\t\tstyle=\"border-color:rgb(61, 173, 153);border-width:0px 0px 0px 1px;\">\n\t<\/div>\n\t\t\t\n\t<div id=\"text-224817643\" class=\"text\">\n\t\t\n<p class=\"elementor-icon-box-title\">Country:<\/p>\n<h3 class=\"elementor-icon-box-description\">ESTONIA<\/h3>\n\t\t\n<style>\n#text-224817643 {\n  text-align: left;\n}\n<\/style>\n\t<\/div>\n\t\n\t\t<\/div>\n\t\t\t\t\n<style>\n#col-220946082 > .col-inner {\n  padding: 0px 0px 0px 10px;\n}\n<\/style>\n\t<\/div>\n\n\t\n\n\t<div id=\"col-558302302\" class=\"col medium-6 small-6 large-6\"  >\n\t\t\t\t<div class=\"col-inner\"  >\n\t\t\t\n\t<div class=\"is-border\"\n\t\tstyle=\"border-color:rgb(61, 173, 153);border-width:0px 0px 0px 1px;\">\n\t<\/div>\n\t\t\t\n\t<div id=\"text-3349823468\" class=\"text\">\n\t\t\n<p class=\"elementor-icon-box-title\">Year:<\/p>\n<h3 class=\"elementor-icon-box-description\">2022<\/h3>\n\t\t\n<style>\n#text-3349823468 {\n  text-align: left;\n}\n<\/style>\n\t<\/div>\n\t\n\t\t<\/div>\n\t\t\t\t\n<style>\n#col-558302302 > .col-inner {\n  padding: 0px 0px 0px 10px;\n}\n<\/style>\n\t<\/div>\n\n\t\n\n\t<div id=\"col-1384808479\" class=\"col medium-6 small-6 large-6\"  >\n\t\t\t\t<div class=\"col-inner\"  >\n\t\t\t\n\t<div class=\"is-border\"\n\t\tstyle=\"border-color:rgb(61, 173, 153);border-width:0px 0px 0px 1px;\">\n\t<\/div>\n\t\t\t\n\t<div id=\"text-4219847790\" class=\"text\">\n\t\t\n<p class=\"elementor-icon-box-title\">Type of room:<\/p>\n<h3 class=\"elementor-icon-box-description\">Bedroom<\/h3>\n\t\t\n<style>\n#text-4219847790 {\n  text-align: left;\n}\n<\/style>\n\t<\/div>\n\t\n\t\t<\/div>\n\t\t\t\t\n<style>\n#col-1384808479 > .col-inner {\n  padding: 0px 0px 0px 10px;\n}\n<\/style>\n\t<\/div>\n\n\t\n<\/div>\n\t<div id=\"stack-857297160\" class=\"stack hide-for-small stack-col justify-center items-start\">\n\t\t\n<a rel=\"noopener noreferrer\" href=\"https:\/\/anovozilova.com\/\" target=\"_blank\" class=\"button primary hide-for-small\"  style=\"padding:5px 15px 5px 15px;\">\n    <span>\u0423\u0437\u043d\u0430\u0442\u044c \u0431\u043e\u043b\u044c\u0448\u0435 \u043e \u043f\u0440\u043e\u0435\u043a\u0442\u0430\u0445<\/span>\n  <\/a>\n\n\t\t\n<style>\n#stack-857297160 > * {\n  --stack-gap: 0rem;\n}\n<\/style>\n\t<\/div>\n\t\n\t\t<\/div>\n\t\t\t\t\t<\/div>\n\n\t\n\n\t<div id=\"col-926806090\" class=\"col medium-7 small-12 large-7\"  >\n\t\t\t\t<div class=\"col-inner\"  >\n\t\t\t\n\t\t\t\n<div class=\"slider-wrapper relative\" id=\"slider-661214067\" >\n    <div class=\"slider slider-nav-dots-dashes-spaced slider-nav-circle slider-nav-large slider-nav-light slider-style-normal\"\n        data-flickity-options='{\n            \"cellAlign\": \"center\",\n            \"imagesLoaded\": true,\n            \"lazyLoad\": 1,\n            \"freeScroll\": false,\n            \"wrapAround\": true,\n            \"autoPlay\": 6000,\n            \"pauseAutoPlayOnHover\" : true,\n            \"prevNextButtons\": true,\n            \"contain\" : true,\n            \"adaptiveHeight\" : true,\n            \"dragThreshold\" : 10,\n            \"percentPosition\": true,\n            \"pageDots\": true,\n            \"rightToLeft\": false,\n            \"draggable\": true,\n            \"selectedAttraction\": 0.1,\n            \"parallax\" : 0,\n            \"friction\": 0.6        }'\n        >\n        \n\t<div class=\"img has-hover x md-x lg-x y md-y lg-y\" id=\"image_1758324491\">\n\t\t<a class=\"image-lightbox lightbox-gallery\" title=\"\" href=\"https:\/\/i0.wp.com\/www.dshop.ee\/wp-content\/uploads\/2022\/05\/Johvi-S_magamistuba-2.jpg?fit=1020%2C765&ssl=1\">\t\t\t\t\t\t<div class=\"img-inner dark\" style=\"margin:0 0px 0px 0px;\">\n\t\t\t<img loading=\"lazy\" decoding=\"async\" width=\"1020\" height=\"765\" src=\"https:\/\/i0.wp.com\/www.dshop.ee\/wp-content\/uploads\/2022\/05\/Johvi-S_magamistuba-2.jpg?fit=1020%2C765&amp;ssl=1\" class=\"attachment-large size-large\" alt=\"\" srcset=\"https:\/\/i0.wp.com\/www.dshop.ee\/wp-content\/uploads\/2022\/05\/Johvi-S_magamistuba-2.jpg?w=1600&amp;ssl=1 1600w, https:\/\/i0.wp.com\/www.dshop.ee\/wp-content\/uploads\/2022\/05\/Johvi-S_magamistuba-2.jpg?resize=533%2C400&amp;ssl=1 533w, https:\/\/i0.wp.com\/www.dshop.ee\/wp-content\/uploads\/2022\/05\/Johvi-S_magamistuba-2.jpg?resize=1067%2C800&amp;ssl=1 1067w, https:\/\/i0.wp.com\/www.dshop.ee\/wp-content\/uploads\/2022\/05\/Johvi-S_magamistuba-2.jpg?resize=768%2C576&amp;ssl=1 768w, https:\/\/i0.wp.com\/www.dshop.ee\/wp-content\/uploads\/2022\/05\/Johvi-S_magamistuba-2.jpg?resize=1536%2C1152&amp;ssl=1 1536w, https:\/\/i0.wp.com\/www.dshop.ee\/wp-content\/uploads\/2022\/05\/Johvi-S_magamistuba-2.jpg?resize=247%2C185&amp;ssl=1 247w, https:\/\/i0.wp.com\/www.dshop.ee\/wp-content\/uploads\/2022\/05\/Johvi-S_magamistuba-2.jpg?resize=510%2C383&amp;ssl=1 510w\" sizes=\"(max-width: 1020px) 100vw, 1020px\" \/>\t\t\t\t\t\t\n\t\t\t\t\t<\/div>\n\t\t\t\t\t\t<\/a>\t\t\n<style>\n#image_1758324491 {\n  width: 100%;\n}\n<\/style>\n\t<\/div>\n\t\n\t<div class=\"img has-hover x md-x lg-x y md-y lg-y\" id=\"image_909058660\">\n\t\t<a class=\"image-lightbox lightbox-gallery\" title=\"\" href=\"https:\/\/i0.wp.com\/www.dshop.ee\/wp-content\/uploads\/2022\/05\/Johvi-S_magamistuba-3.jpg?fit=1020%2C765&ssl=1\">\t\t\t\t\t\t<div class=\"img-inner dark\" style=\"margin:0 0px 0px 0px;\">\n\t\t\t<img loading=\"lazy\" decoding=\"async\" width=\"1020\" height=\"765\" src=\"https:\/\/i0.wp.com\/www.dshop.ee\/wp-content\/uploads\/2022\/05\/Johvi-S_magamistuba-3.jpg?fit=1020%2C765&amp;ssl=1\" class=\"attachment-large size-large\" alt=\"\" srcset=\"https:\/\/i0.wp.com\/www.dshop.ee\/wp-content\/uploads\/2022\/05\/Johvi-S_magamistuba-3.jpg?w=1600&amp;ssl=1 1600w, https:\/\/i0.wp.com\/www.dshop.ee\/wp-content\/uploads\/2022\/05\/Johvi-S_magamistuba-3.jpg?resize=533%2C400&amp;ssl=1 533w, https:\/\/i0.wp.com\/www.dshop.ee\/wp-content\/uploads\/2022\/05\/Johvi-S_magamistuba-3.jpg?resize=1067%2C800&amp;ssl=1 1067w, https:\/\/i0.wp.com\/www.dshop.ee\/wp-content\/uploads\/2022\/05\/Johvi-S_magamistuba-3.jpg?resize=768%2C576&amp;ssl=1 768w, https:\/\/i0.wp.com\/www.dshop.ee\/wp-content\/uploads\/2022\/05\/Johvi-S_magamistuba-3.jpg?resize=1536%2C1152&amp;ssl=1 1536w, https:\/\/i0.wp.com\/www.dshop.ee\/wp-content\/uploads\/2022\/05\/Johvi-S_magamistuba-3.jpg?resize=247%2C185&amp;ssl=1 247w, https:\/\/i0.wp.com\/www.dshop.ee\/wp-content\/uploads\/2022\/05\/Johvi-S_magamistuba-3.jpg?resize=510%2C383&amp;ssl=1 510w\" sizes=\"(max-width: 1020px) 100vw, 1020px\" \/>\t\t\t\t\t\t\n\t\t\t\t\t<\/div>\n\t\t\t\t\t\t<\/a>\t\t\n<style>\n#image_909058660 {\n  width: 100%;\n}\n<\/style>\n\t<\/div>\n\t\n\t<div class=\"img has-hover x md-x lg-x y md-y lg-y\" id=\"image_1439974323\">\n\t\t<a class=\"image-lightbox lightbox-gallery\" title=\"\" href=\"https:\/\/i0.wp.com\/www.dshop.ee\/wp-content\/uploads\/2022\/05\/Johvi-S_magamistuba-4.jpg?fit=1020%2C765&ssl=1\">\t\t\t\t\t\t<div class=\"img-inner dark\" style=\"margin:0 0px 0px 0px;\">\n\t\t\t<img loading=\"lazy\" decoding=\"async\" width=\"1020\" height=\"765\" src=\"https:\/\/i0.wp.com\/www.dshop.ee\/wp-content\/uploads\/2022\/05\/Johvi-S_magamistuba-4.jpg?fit=1020%2C765&amp;ssl=1\" class=\"attachment-large size-large\" alt=\"\" srcset=\"https:\/\/i0.wp.com\/www.dshop.ee\/wp-content\/uploads\/2022\/05\/Johvi-S_magamistuba-4.jpg?w=1600&amp;ssl=1 1600w, https:\/\/i0.wp.com\/www.dshop.ee\/wp-content\/uploads\/2022\/05\/Johvi-S_magamistuba-4.jpg?resize=533%2C400&amp;ssl=1 533w, https:\/\/i0.wp.com\/www.dshop.ee\/wp-content\/uploads\/2022\/05\/Johvi-S_magamistuba-4.jpg?resize=1067%2C800&amp;ssl=1 1067w, https:\/\/i0.wp.com\/www.dshop.ee\/wp-content\/uploads\/2022\/05\/Johvi-S_magamistuba-4.jpg?resize=768%2C576&amp;ssl=1 768w, https:\/\/i0.wp.com\/www.dshop.ee\/wp-content\/uploads\/2022\/05\/Johvi-S_magamistuba-4.jpg?resize=1536%2C1152&amp;ssl=1 1536w, https:\/\/i0.wp.com\/www.dshop.ee\/wp-content\/uploads\/2022\/05\/Johvi-S_magamistuba-4.jpg?resize=247%2C185&amp;ssl=1 247w, https:\/\/i0.wp.com\/www.dshop.ee\/wp-content\/uploads\/2022\/05\/Johvi-S_magamistuba-4.jpg?resize=510%2C383&amp;ssl=1 510w\" sizes=\"(max-width: 1020px) 100vw, 1020px\" \/>\t\t\t\t\t\t\n\t\t\t\t\t<\/div>\n\t\t\t\t\t\t<\/a>\t\t\n<style>\n#image_1439974323 {\n  width: 100%;\n}\n<\/style>\n\t<\/div>\n\t\n     <\/div>\n\n     <div class=\"loading-spin dark large centered\"><\/div>\n\n\t<\/div>\n\n\n\t<div id=\"stack-313334463\" class=\"stack stack-col justify-center items-start\">\n\t\t\n<a rel=\"noopener noreferrer\" href=\"https:\/\/anovozilova.com\/\" target=\"_blank\" class=\"button primary show-for-small\"  style=\"padding:5px 20px 5px 20px;\">\n    <span>\u0423\u0437\u043d\u0430\u0442\u044c \u0431\u043e\u043b\u044c\u0448\u0435 \u043e \u043f\u0440\u043e\u0435\u043a\u0442\u0430\u0445<\/span>\n  <\/a>\n\n\t\t\n<style>\n#stack-313334463 > * {\n  --stack-gap: 0rem;\n}\n<\/style>\n\t<\/div>\n\t\n\t\t<\/div>\n\t\t\t\t\t<\/div>\n\n\t\n\n<style>\n#row-859169340 > .col > .col-inner {\n  padding: 0 0px 0px 0px;\n}\n<\/style>\n<\/div>\n\t<div id=\"gap-1836986790\" class=\"gap-element clearfix\" style=\"display:block; height:auto;\">\n\t\t\n<style>\n#gap-1836986790 {\n  padding-top: 30px;\n}\n<\/style>\n\t<\/div>\n\t\n<div class=\"is-divider divider clearfix\" style=\"max-width:100%;height:1px;\"><\/div>\n<h2><span style=\"font-size: 0%; color: #ffffff;\">Table with lid SASHA \u230038cm<\/span><\/h2>\n<div class=\"social-icons follow-icons full-width text-center\" ><a href=\"https:\/\/www.facebook.com\/anovozilovaa\" target=\"_blank\" rel=\"noopener noreferrer nofollow\" data-label=\"Facebook\" class=\"icon button circle is-outline facebook tooltip\" title=\"Follow on Facebook\" aria-label=\"Follow on Facebook\" ><i class=\"icon-facebook\" ><\/i><\/a><a href=\"https:\/\/www.instagram.com\/anovozilovaa\" target=\"_blank\" rel=\"noopener noreferrer nofollow\" data-label=\"Instagram\" class=\"icon button circle is-outline instagram tooltip\" title=\"Follow on Instagram\" aria-label=\"Follow on Instagram\" ><i class=\"icon-instagram\" ><\/i><\/a><a href=\"mailto:info@dshop.ee\" data-label=\"E-mail\" target=\"_blank\" rel=\"nofollow\" class=\"icon button circle is-outline email tooltip\" title=\"Send us an email\" aria-label=\"Send us an email\" ><i class=\"icon-envelop\" ><\/i><\/a><\/div>\n<h2><span style=\"font-size: 0%; color: #ffffff;\">Table with lid SASHA \u230038cm<\/span><\/h2>\n<h5 style=\"text-align: center;\"><em><span style=\"font-size: 75%;\">The color of the product shown in the picture may vary slightly, and the information in the description is general, therefore not all product characteristics may be mentioned. If you have any questions, we always look forward to your call at +372 56949250 or email to <a href=\"mailto:info@dshop.ee\">info@dshop.ee<\/a><\/span><\/em><\/h5>\n<h2><span style=\"font-size: 0%; color: #ffffff;\">Table with lid SASHA \u230038cm<\/span><\/h2>\n<p>&nbsp;<\/p>\n","protected":false},"excerpt":{"rendered":"<hr \/>\n<ul>\n<li>The table is made of cork and lacquered MDF board<\/li>\n<li>Legs made of black metal<\/li>\n<li>It is delivered disassembled<\/li>\n<\/ul>\n<hr \/>\n<p><strong>Weight (kg):<\/strong> 5<br \/>\n<strong>Height (cm):<\/strong> 43<br \/>\n<strong>Diameter (cm):<\/strong> 38<\/p>\n<hr \/>\n<p><strong>Delivery time: <\/strong>4-8 weeks<\/p>\n","protected":false},"featured_media":3061,"comment_status":"open","ping_status":"closed","template":"","meta":[],"product_cat":[207],"product_tag":[144,210,215],"class_list":["post-3046","product","type-product","status-publish","has-post-thumbnail","hentry","product_cat-coffee-tables","product_tag-all-for-home","product_tag-coffe-tables","product_tag-small-tables"],"yoast_head":"<!-- This site is optimized with the Yoast SEO plugin v21.5 - https:\/\/yoast.com\/wordpress\/plugins\/seo\/ -->\n<title>Table with lid SASHA \u230038cm - D.SHOP - cozy and modern homeTable with lid SASHA \u230038cm<\/title>\n<meta name=\"description\" content=\"Table with lid SASHA \u230038cm - The table is made of cork and lacquered MDF board. Legs made of black metal. Diameter \u230038cm\" \/>\n<meta name=\"robots\" content=\"index, follow, max-snippet:-1, max-image-preview:large, max-video-preview:-1\" \/>\n<link rel=\"canonical\" href=\"https:\/\/www.dshop.ee\/en\/product\/table-with-lid-sasha-%e2%8c%8038cm\/\" \/>\n<meta property=\"og:locale\" content=\"en_US\" \/>\n<meta property=\"og:type\" content=\"article\" \/>\n<meta property=\"og:title\" content=\"Table with lid SASHA \u230038cm - D.SHOP - cozy and modern homeTable with lid SASHA \u230038cm\" \/>\n<meta property=\"og:description\" content=\"Table with lid SASHA \u230038cm - The table is made of cork and lacquered MDF board. Legs made of black metal. Diameter \u230038cm\" \/>\n<meta property=\"og:url\" content=\"https:\/\/www.dshop.ee\/en\/product\/table-with-lid-sasha-%e2%8c%8038cm\/\" \/>\n<meta property=\"og:site_name\" content=\"D.SHOP\" \/>\n<meta property=\"article:publisher\" content=\"https:\/\/www.facebook.com\/anovozilovaa\" \/>\n<meta property=\"article:modified_time\" content=\"2022-05-20T11:20:17+00:00\" \/>\n<meta property=\"og:image\" content=\"https:\/\/i0.wp.com\/dshop.ee\/wp-content\/uploads\/2022\/05\/Laud-Sasha-5.jpeg?fit=655%2C800&ssl=1\" \/>\n\t<meta property=\"og:image:width\" content=\"655\" \/>\n\t<meta property=\"og:image:height\" content=\"800\" \/>\n\t<meta property=\"og:image:type\" content=\"image\/jpeg\" \/>\n<meta name=\"twitter:card\" content=\"summary_large_image\" \/>\n<meta name=\"twitter:label1\" content=\"Est. reading time\" \/>\n\t<meta name=\"twitter:data1\" content=\"2 minutes\" \/>\n<script type=\"application\/ld+json\" class=\"yoast-schema-graph\">{\"@context\":\"https:\/\/schema.org\",\"@graph\":[{\"@type\":\"WebPage\",\"@id\":\"https:\/\/www.dshop.ee\/en\/product\/table-with-lid-sasha-%e2%8c%8038cm\/\",\"url\":\"https:\/\/www.dshop.ee\/en\/product\/table-with-lid-sasha-%e2%8c%8038cm\/\",\"name\":\"Table with lid SASHA \u230038cm - D.SHOP - cozy and modern homeTable with lid SASHA \u230038cm\",\"isPartOf\":{\"@id\":\"https:\/\/dshop.ee\/#website\"},\"datePublished\":\"2022-05-20T09:35:52+00:00\",\"dateModified\":\"2022-05-20T11:20:17+00:00\",\"description\":\"Table with lid SASHA \u230038cm - The table is made of cork and lacquered MDF board. Legs made of black metal. Diameter \u230038cm\",\"breadcrumb\":{\"@id\":\"https:\/\/www.dshop.ee\/en\/product\/table-with-lid-sasha-%e2%8c%8038cm\/#breadcrumb\"},\"inLanguage\":\"en-US\",\"potentialAction\":[{\"@type\":\"ReadAction\",\"target\":[\"https:\/\/www.dshop.ee\/en\/product\/table-with-lid-sasha-%e2%8c%8038cm\/\"]}]},{\"@type\":\"BreadcrumbList\",\"@id\":\"https:\/\/www.dshop.ee\/en\/product\/table-with-lid-sasha-%e2%8c%8038cm\/#breadcrumb\",\"itemListElement\":[{\"@type\":\"ListItem\",\"position\":1,\"name\":\"Home\",\"item\":\"https:\/\/www.dshop.ee\/en\/\"},{\"@type\":\"ListItem\",\"position\":2,\"name\":\"Shop\",\"item\":\"https:\/\/dshop.ee\/en\/shop\/\"},{\"@type\":\"ListItem\",\"position\":3,\"name\":\"Table with lid SASHA | \u230038cm\"}]},{\"@type\":\"WebSite\",\"@id\":\"https:\/\/dshop.ee\/#website\",\"url\":\"https:\/\/dshop.ee\/\",\"name\":\"D.SHOP\",\"description\":\"We are ready to help make a home of your dreams. So cozy and all yours.\",\"publisher\":{\"@id\":\"https:\/\/dshop.ee\/#organization\"},\"potentialAction\":[{\"@type\":\"SearchAction\",\"target\":{\"@type\":\"EntryPoint\",\"urlTemplate\":\"https:\/\/dshop.ee\/?s={search_term_string}\"},\"query-input\":\"required name=search_term_string\"}],\"inLanguage\":\"en-US\"},{\"@type\":\"Organization\",\"@id\":\"https:\/\/dshop.ee\/#organization\",\"name\":\"D.SHOP\",\"url\":\"https:\/\/dshop.ee\/\",\"logo\":{\"@type\":\"ImageObject\",\"inLanguage\":\"en-US\",\"@id\":\"https:\/\/dshop.ee\/#\/schema\/logo\/image\/\",\"url\":\"https:\/\/i0.wp.com\/www.dshop.ee\/wp-content\/uploads\/2022\/05\/Dshop-logo-300-2.jpg?fit=300%2C188&ssl=1\",\"contentUrl\":\"https:\/\/i0.wp.com\/www.dshop.ee\/wp-content\/uploads\/2022\/05\/Dshop-logo-300-2.jpg?fit=300%2C188&ssl=1\",\"width\":300,\"height\":188,\"caption\":\"D.SHOP\"},\"image\":{\"@id\":\"https:\/\/dshop.ee\/#\/schema\/logo\/image\/\"},\"sameAs\":[\"https:\/\/www.facebook.com\/anovozilovaa\",\"https:\/\/www.instagram.com\/anovozilovaa\/\"]}]}<\/script>\n<!-- \/ Yoast SEO plugin. -->","yoast_head_json":{"title":"Table with lid SASHA \u230038cm - D.SHOP - cozy and modern homeTable with lid SASHA \u230038cm","description":"Table with lid SASHA \u230038cm - The table is made of cork and lacquered MDF board. Legs made of black metal. Diameter \u230038cm","robots":{"index":"index","follow":"follow","max-snippet":"max-snippet:-1","max-image-preview":"max-image-preview:large","max-video-preview":"max-video-preview:-1"},"canonical":"https:\/\/www.dshop.ee\/en\/product\/table-with-lid-sasha-%e2%8c%8038cm\/","og_locale":"en_US","og_type":"article","og_title":"Table with lid SASHA \u230038cm - D.SHOP - cozy and modern homeTable with lid SASHA \u230038cm","og_description":"Table with lid SASHA \u230038cm - The table is made of cork and lacquered MDF board. Legs made of black metal. Diameter \u230038cm","og_url":"https:\/\/www.dshop.ee\/en\/product\/table-with-lid-sasha-%e2%8c%8038cm\/","og_site_name":"D.SHOP","article_publisher":"https:\/\/www.facebook.com\/anovozilovaa","article_modified_time":"2022-05-20T11:20:17+00:00","og_image":[{"width":655,"height":800,"url":"https:\/\/i0.wp.com\/dshop.ee\/wp-content\/uploads\/2022\/05\/Laud-Sasha-5.jpeg?fit=655%2C800&ssl=1","type":"image\/jpeg"}],"twitter_card":"summary_large_image","twitter_misc":{"Est. reading time":"2 minutes"},"schema":{"@context":"https:\/\/schema.org","@graph":[{"@type":"WebPage","@id":"https:\/\/www.dshop.ee\/en\/product\/table-with-lid-sasha-%e2%8c%8038cm\/","url":"https:\/\/www.dshop.ee\/en\/product\/table-with-lid-sasha-%e2%8c%8038cm\/","name":"Table with lid SASHA \u230038cm - D.SHOP - cozy and modern homeTable with lid SASHA \u230038cm","isPartOf":{"@id":"https:\/\/dshop.ee\/#website"},"datePublished":"2022-05-20T09:35:52+00:00","dateModified":"2022-05-20T11:20:17+00:00","description":"Table with lid SASHA \u230038cm - The table is made of cork and lacquered MDF board. Legs made of black metal. Diameter \u230038cm","breadcrumb":{"@id":"https:\/\/www.dshop.ee\/en\/product\/table-with-lid-sasha-%e2%8c%8038cm\/#breadcrumb"},"inLanguage":"en-US","potentialAction":[{"@type":"ReadAction","target":["https:\/\/www.dshop.ee\/en\/product\/table-with-lid-sasha-%e2%8c%8038cm\/"]}]},{"@type":"BreadcrumbList","@id":"https:\/\/www.dshop.ee\/en\/product\/table-with-lid-sasha-%e2%8c%8038cm\/#breadcrumb","itemListElement":[{"@type":"ListItem","position":1,"name":"Home","item":"https:\/\/www.dshop.ee\/en\/"},{"@type":"ListItem","position":2,"name":"Shop","item":"https:\/\/dshop.ee\/en\/shop\/"},{"@type":"ListItem","position":3,"name":"Table with lid SASHA | \u230038cm"}]},{"@type":"WebSite","@id":"https:\/\/dshop.ee\/#website","url":"https:\/\/dshop.ee\/","name":"D.SHOP","description":"We are ready to help make a home of your dreams. So cozy and all yours.","publisher":{"@id":"https:\/\/dshop.ee\/#organization"},"potentialAction":[{"@type":"SearchAction","target":{"@type":"EntryPoint","urlTemplate":"https:\/\/dshop.ee\/?s={search_term_string}"},"query-input":"required name=search_term_string"}],"inLanguage":"en-US"},{"@type":"Organization","@id":"https:\/\/dshop.ee\/#organization","name":"D.SHOP","url":"https:\/\/dshop.ee\/","logo":{"@type":"ImageObject","inLanguage":"en-US","@id":"https:\/\/dshop.ee\/#\/schema\/logo\/image\/","url":"https:\/\/i0.wp.com\/www.dshop.ee\/wp-content\/uploads\/2022\/05\/Dshop-logo-300-2.jpg?fit=300%2C188&ssl=1","contentUrl":"https:\/\/i0.wp.com\/www.dshop.ee\/wp-content\/uploads\/2022\/05\/Dshop-logo-300-2.jpg?fit=300%2C188&ssl=1","width":300,"height":188,"caption":"D.SHOP"},"image":{"@id":"https:\/\/dshop.ee\/#\/schema\/logo\/image\/"},"sameAs":["https:\/\/www.facebook.com\/anovozilovaa","https:\/\/www.instagram.com\/anovozilovaa\/"]}]}},"jetpack-related-posts":[{"id":1822,"url":"https:\/\/www.dshop.ee\/toode\/kirjutuslaud-cloe-sinine-24zrla03\/","url_meta":{"origin":3046,"position":0},"title":"Kirjutuslaud CLOE | sinine 24ZRLA03","date":"02.05.2022","format":false,"excerpt":"Valmistatud kvaliteetsest lamineeritud kattega m\u00f6\u00f6bliplaadist 4 sahtlit Lauaraam ja k\u00e4epidemed on kuldset v\u00e4rvi metallist Viimistlus: sinine Tarnitakse detailidena M\u00f5\u00f5dud (LxSxK), cm: 120x50x95 Tarneaeg: 4-8 n\u00e4dalat","rel":"","context":"Similar post","img":{"alt_text":"","src":"https:\/\/i0.wp.com\/www.dshop.ee\/wp-content\/uploads\/2022\/05\/Cloe_laud-1.jpg?fit=1200%2C900&ssl=1&resize=350%2C200","width":350,"height":200},"classes":[]},{"id":1821,"url":"https:\/\/www.dshop.ee\/en\/product\/desk-cloe-blue-24zrla03\/","url_meta":{"origin":3046,"position":1},"title":"Desk CLOE | blue 24ZRLA03","date":"02.05.2022","format":false,"excerpt":"Made of high-quality laminated furniture plate 4 drawers The table frame and handles are made of gold-coloured metal Colour: Blue It is delivered disassembled. Dimensions (LxWxH), cm: 120x50x95 Delivery time: 4-8 weeks","rel":"","context":"Similar post","img":{"alt_text":"","src":"https:\/\/i0.wp.com\/www.dshop.ee\/wp-content\/uploads\/2022\/05\/Cloe_laud-1.jpg?fit=1200%2C900&ssl=1&resize=350%2C200","width":350,"height":200},"classes":[]},{"id":4633,"url":"https:\/\/www.dshop.ee\/en\/product\/extendable-dining-table-dello-100-129-cm\/","url_meta":{"origin":3046,"position":2},"title":"Extendable dining table DELLO 100-129 cm | white","date":"05.08.2022","format":false,"excerpt":"Tabletop: MDF Frame made of wood Width: 70cm Length: 100 -129cm Colour: white It is delivered disassembled Weight (kg): 27 Total height: 75 cm Width: 70 cm Length: 100 (129) cm Material: MDF Delivery time: 2-4 weeks","rel":"","context":"Similar post","img":{"alt_text":"","src":"https:\/\/i0.wp.com\/www.dshop.ee\/wp-content\/uploads\/2022\/08\/DELLO_valge_100x70-1.jpg?fit=800%2C600&ssl=1&resize=350%2C200","width":350,"height":200},"classes":[]},{"id":2186,"url":"https:\/\/www.dshop.ee\/en\/product\/ideal-round-table-%e2%8c%80100cm\/","url_meta":{"origin":3046,"position":3},"title":"IDEAL round table | \u2300100cm","date":"04.05.2022","format":false,"excerpt":"The tabletop is made of tempered glass and MDF board Finish option: white marble Legs made of black metal It is delivered disassembled Weight (kg): 34 Total height: 76 cm Diameter: 100 cm Material: MDF \/ Glass Delivery time: 4-8 weeks","rel":"","context":"Similar post","img":{"alt_text":"","src":"https:\/\/i0.wp.com\/www.dshop.ee\/wp-content\/uploads\/2022\/05\/Ideal-100x100-2.jpg?fit=800%2C800&ssl=1&resize=350%2C200","width":350,"height":200},"classes":[]},{"id":2520,"url":"https:\/\/www.dshop.ee\/en\/product\/coffee-table-azzura-s-white-%e2%8c%8049cm\/","url_meta":{"origin":3046,"position":4},"title":"Coffee table AZZURA-S White | \u230049cm","date":"10.05.2022","format":false,"excerpt":"The tabletop is made of veneered MDF board Frame made of plastic Finish option: Natural\/white It is delivered disassembled Weight (kg): 4 Height (cm): 43 Length (cm): 49 MDF material Delivery time: 4-8 weeks","rel":"","context":"Similar post","img":{"alt_text":"","src":"https:\/\/i0.wp.com\/www.dshop.ee\/wp-content\/uploads\/2022\/05\/AZZURA-S-WHITE-49-1.jpeg?fit=800%2C764&ssl=1&resize=350%2C200","width":350,"height":200},"classes":[]},{"id":2537,"url":"https:\/\/www.dshop.ee\/en\/product\/coffee-table-azzura-white-%e2%8c%8069cm\/","url_meta":{"origin":3046,"position":5},"title":"Coffee table AZZURA White | \u230069cm","date":"10.05.2022","format":false,"excerpt":"The tabletop is made of veneered MDF board Frame made of plastic Finish option: Natural\/white It is delivered disassembled Weight (kg): 7 Height (cm): 33 Length (cm): 69 MDF material Delivery time: 4-8 weeks","rel":"","context":"Similar post","img":{"alt_text":"","src":"https:\/\/i0.wp.com\/www.dshop.ee\/wp-content\/uploads\/2022\/05\/AZZURA-WHITE-69-2.jpeg?fit=800%2C534&ssl=1&resize=350%2C200","width":350,"height":200},"classes":[]}],"_links":{"self":[{"href":"https:\/\/www.dshop.ee\/en\/wp-json\/wp\/v2\/product\/3046"}],"collection":[{"href":"https:\/\/www.dshop.ee\/en\/wp-json\/wp\/v2\/product"}],"about":[{"href":"https:\/\/www.dshop.ee\/en\/wp-json\/wp\/v2\/types\/product"}],"replies":[{"embeddable":true,"href":"https:\/\/www.dshop.ee\/en\/wp-json\/wp\/v2\/comments?post=3046"}],"wp:featuredmedia":[{"embeddable":true,"href":"https:\/\/www.dshop.ee\/en\/wp-json\/wp\/v2\/media\/3061"}],"wp:attachment":[{"href":"https:\/\/www.dshop.ee\/en\/wp-json\/wp\/v2\/media?parent=3046"}],"wp:term":[{"taxonomy":"product_cat","embeddable":true,"href":"https:\/\/www.dshop.ee\/en\/wp-json\/wp\/v2\/product_cat?post=3046"},{"taxonomy":"product_tag","embeddable":true,"href":"https:\/\/www.dshop.ee\/en\/wp-json\/wp\/v2\/product_tag?post=3046"}],"curies":[{"name":"wp","href":"https:\/\/api.w.org\/{rel}","templated":true}]}}