{"id":3346,"date":"2022-06-01T13:43:35","date_gmt":"2022-06-01T10:43:35","guid":{"rendered":"https:\/\/dshop.ee\/?post_type=product&#038;p=3346"},"modified":"2022-06-01T14:19:14","modified_gmt":"2022-06-01T11:19:14","slug":"office-chair-slorino-pink","status":"publish","type":"product","link":"https:\/\/www.dshop.ee\/en\/product\/office-chair-slorino-pink\/","title":{"rendered":"Office chair Slorino | pink"},"content":{"rendered":"<div class=\"row row-collapse row-full-width align-middle\"  id=\"row-124987134\">\n\n\t<div id=\"col-1172888207\" class=\"col medium-5 small-12 large-5\"  >\n\t\t\t\t<div class=\"col-inner\"  >\n\t\t\t\n\t\t\t\n<div class=\"container section-title-container\" ><h3 class=\"section-title section-title-bold\"><b><\/b><span class=\"section-title-main\" >View in the project<\/span><b><\/b><\/h3><\/div>\n<div class=\"row row-full-width\"  id=\"row-1600377710\">\n\n\t<div id=\"col-1423628798\" class=\"col medium-6 small-6 large-6\"  >\n\t\t\t\t<div class=\"col-inner\"  >\n\t\t\t\n\t<div class=\"is-border\"\n\t\tstyle=\"border-color:rgb(61, 173, 153);border-width:0px 0px 0px 1px;\">\n\t<\/div>\n\t\t\t\n\t<div id=\"text-2298622550\" class=\"text\">\n\t\t\n<p class=\"elementor-icon-box-title\">City:<\/p>\n<h3 class=\"elementor-icon-box-description\">TALLINN<\/h3>\n\t\t\n<style>\n#text-2298622550 {\n  text-align: left;\n}\n<\/style>\n\t<\/div>\n\t\n\t\t<\/div>\n\t\t\t\t\n<style>\n#col-1423628798 > .col-inner {\n  padding: 0px 0px 0px 10px;\n}\n<\/style>\n\t<\/div>\n\n\t\n\n\t<div id=\"col-1922306034\" class=\"col medium-6 small-6 large-6\"  >\n\t\t\t\t<div class=\"col-inner\"  >\n\t\t\t\n\t<div class=\"is-border\"\n\t\tstyle=\"border-color:rgb(61, 173, 153);border-width:0px 0px 0px 1px;\">\n\t<\/div>\n\t\t\t\n\t<div id=\"text-85843340\" class=\"text\">\n\t\t\n<p class=\"elementor-icon-box-title\">Country:<\/p>\n<h3 class=\"elementor-icon-box-description\">ESTONIA<\/h3>\n\t\t\n<style>\n#text-85843340 {\n  text-align: left;\n}\n<\/style>\n\t<\/div>\n\t\n\t\t<\/div>\n\t\t\t\t\n<style>\n#col-1922306034 > .col-inner {\n  padding: 0px 0px 0px 10px;\n}\n<\/style>\n\t<\/div>\n\n\t\n\n\t<div id=\"col-1912257883\" class=\"col medium-6 small-6 large-6\"  >\n\t\t\t\t<div class=\"col-inner\"  >\n\t\t\t\n\t<div class=\"is-border\"\n\t\tstyle=\"border-color:rgb(61, 173, 153);border-width:0px 0px 0px 1px;\">\n\t<\/div>\n\t\t\t\n\t<div id=\"text-1506233496\" class=\"text\">\n\t\t\n<p class=\"elementor-icon-box-title\">Year:<\/p>\n<h3 class=\"elementor-icon-box-description\">2021<\/h3>\n\t\t\n<style>\n#text-1506233496 {\n  text-align: left;\n}\n<\/style>\n\t<\/div>\n\t\n\t\t<\/div>\n\t\t\t\t\n<style>\n#col-1912257883 > .col-inner {\n  padding: 0px 0px 0px 10px;\n}\n<\/style>\n\t<\/div>\n\n\t\n\n\t<div id=\"col-1191271625\" class=\"col medium-6 small-6 large-6\"  >\n\t\t\t\t<div class=\"col-inner\"  >\n\t\t\t\n\t<div class=\"is-border\"\n\t\tstyle=\"border-color:rgb(61, 173, 153);border-width:0px 0px 0px 1px;\">\n\t<\/div>\n\t\t\t\n\t<div id=\"text-1574889820\" class=\"text\">\n\t\t\n<p class=\"elementor-icon-box-title\">Type of room:<\/p>\n<h3 class=\"elementor-icon-box-description\">Cabinet<\/h3>\n\t\t\n<style>\n#text-1574889820 {\n  text-align: left;\n}\n<\/style>\n\t<\/div>\n\t\n\t\t<\/div>\n\t\t\t\t\n<style>\n#col-1191271625 > .col-inner {\n  padding: 0px 0px 0px 10px;\n}\n<\/style>\n\t<\/div>\n\n\t\n<\/div>\n\t<div id=\"stack-3491828336\" class=\"stack hide-for-small stack-col justify-center items-start\">\n\t\t\n<a rel=\"noopener noreferrer\" href=\"https:\/\/anovozilova.com\/\" target=\"_blank\" class=\"button primary hide-for-small\"  style=\"padding:5px 15px 5px 15px;\">\n    <span>\u0423\u0437\u043d\u0430\u0442\u044c \u0431\u043e\u043b\u044c\u0448\u0435 \u043e \u043f\u0440\u043e\u0435\u043a\u0442\u0430\u0445<\/span>\n  <\/a>\n\n\t\t\n<style>\n#stack-3491828336 > * {\n  --stack-gap: 0rem;\n}\n<\/style>\n\t<\/div>\n\t\n\t\t<\/div>\n\t\t\t\t\t<\/div>\n\n\t\n\n\t<div id=\"col-76332356\" class=\"col medium-7 small-12 large-7\"  >\n\t\t\t\t<div class=\"col-inner\"  >\n\t\t\t\n\t\t\t\n<div class=\"slider-wrapper relative\" id=\"slider-86822153\" >\n    <div class=\"slider slider-nav-dots-dashes-spaced slider-nav-circle slider-nav-large slider-nav-light slider-style-normal\"\n        data-flickity-options='{\n            \"cellAlign\": \"center\",\n            \"imagesLoaded\": true,\n            \"lazyLoad\": 1,\n            \"freeScroll\": false,\n            \"wrapAround\": true,\n            \"autoPlay\": 6000,\n            \"pauseAutoPlayOnHover\" : true,\n            \"prevNextButtons\": true,\n            \"contain\" : true,\n            \"adaptiveHeight\" : true,\n            \"dragThreshold\" : 10,\n            \"percentPosition\": true,\n            \"pageDots\": true,\n            \"rightToLeft\": false,\n            \"draggable\": true,\n            \"selectedAttraction\": 0.1,\n            \"parallax\" : 0,\n            \"friction\": 0.6        }'\n        >\n        \n\t<div class=\"img has-hover x md-x lg-x y md-y lg-y\" id=\"image_1557967612\">\n\t\t<a class=\"image-lightbox lightbox-gallery\" title=\"\" href=\"https:\/\/i0.wp.com\/dshop.ee\/wp-content\/uploads\/2022\/06\/TLN-KKabinet-1.jpg?fit=1020%2C765&ssl=1\">\t\t\t\t\t\t<div class=\"img-inner dark\" style=\"margin:0 0px 0px 0px;\">\n\t\t\t<img loading=\"lazy\" decoding=\"async\" width=\"1020\" height=\"765\" src=\"https:\/\/i0.wp.com\/dshop.ee\/wp-content\/uploads\/2022\/06\/TLN-KKabinet-1.jpg?fit=1020%2C765&amp;ssl=1\" class=\"attachment-large size-large\" alt=\"\" srcset=\"https:\/\/i0.wp.com\/dshop.ee\/wp-content\/uploads\/2022\/06\/TLN-KKabinet-1.jpg?w=1600&amp;ssl=1 1600w, https:\/\/i0.wp.com\/dshop.ee\/wp-content\/uploads\/2022\/06\/TLN-KKabinet-1.jpg?resize=533%2C400&amp;ssl=1 533w, https:\/\/i0.wp.com\/dshop.ee\/wp-content\/uploads\/2022\/06\/TLN-KKabinet-1.jpg?resize=1067%2C800&amp;ssl=1 1067w, https:\/\/i0.wp.com\/dshop.ee\/wp-content\/uploads\/2022\/06\/TLN-KKabinet-1.jpg?resize=768%2C576&amp;ssl=1 768w, https:\/\/i0.wp.com\/dshop.ee\/wp-content\/uploads\/2022\/06\/TLN-KKabinet-1.jpg?resize=1536%2C1152&amp;ssl=1 1536w, https:\/\/i0.wp.com\/dshop.ee\/wp-content\/uploads\/2022\/06\/TLN-KKabinet-1.jpg?resize=247%2C185&amp;ssl=1 247w, https:\/\/i0.wp.com\/dshop.ee\/wp-content\/uploads\/2022\/06\/TLN-KKabinet-1.jpg?resize=510%2C383&amp;ssl=1 510w\" sizes=\"(max-width: 1020px) 100vw, 1020px\" \/>\t\t\t\t\t\t\n\t\t\t\t\t<\/div>\n\t\t\t\t\t\t<\/a>\t\t\n<style>\n#image_1557967612 {\n  width: 100%;\n}\n<\/style>\n\t<\/div>\n\t\n\t<div class=\"img has-hover x md-x lg-x y md-y lg-y\" id=\"image_212418251\">\n\t\t<a class=\"image-lightbox lightbox-gallery\" title=\"\" href=\"https:\/\/i0.wp.com\/dshop.ee\/wp-content\/uploads\/2022\/06\/TLN-KKabinet-3.jpg?fit=1020%2C765&ssl=1\">\t\t\t\t\t\t<div class=\"img-inner dark\" style=\"margin:0 0px 0px 0px;\">\n\t\t\t<img loading=\"lazy\" decoding=\"async\" width=\"1020\" height=\"765\" src=\"https:\/\/i0.wp.com\/dshop.ee\/wp-content\/uploads\/2022\/06\/TLN-KKabinet-3.jpg?fit=1020%2C765&amp;ssl=1\" class=\"attachment-large size-large\" alt=\"\" srcset=\"https:\/\/i0.wp.com\/dshop.ee\/wp-content\/uploads\/2022\/06\/TLN-KKabinet-3.jpg?w=1600&amp;ssl=1 1600w, https:\/\/i0.wp.com\/dshop.ee\/wp-content\/uploads\/2022\/06\/TLN-KKabinet-3.jpg?resize=533%2C400&amp;ssl=1 533w, https:\/\/i0.wp.com\/dshop.ee\/wp-content\/uploads\/2022\/06\/TLN-KKabinet-3.jpg?resize=1067%2C800&amp;ssl=1 1067w, https:\/\/i0.wp.com\/dshop.ee\/wp-content\/uploads\/2022\/06\/TLN-KKabinet-3.jpg?resize=768%2C576&amp;ssl=1 768w, https:\/\/i0.wp.com\/dshop.ee\/wp-content\/uploads\/2022\/06\/TLN-KKabinet-3.jpg?resize=1536%2C1152&amp;ssl=1 1536w, https:\/\/i0.wp.com\/dshop.ee\/wp-content\/uploads\/2022\/06\/TLN-KKabinet-3.jpg?resize=247%2C185&amp;ssl=1 247w, https:\/\/i0.wp.com\/dshop.ee\/wp-content\/uploads\/2022\/06\/TLN-KKabinet-3.jpg?resize=510%2C383&amp;ssl=1 510w\" sizes=\"(max-width: 1020px) 100vw, 1020px\" \/>\t\t\t\t\t\t\n\t\t\t\t\t<\/div>\n\t\t\t\t\t\t<\/a>\t\t\n<style>\n#image_212418251 {\n  width: 100%;\n}\n<\/style>\n\t<\/div>\n\t\n\t<div class=\"img has-hover x md-x lg-x y md-y lg-y\" id=\"image_879175862\">\n\t\t<a class=\"image-lightbox lightbox-gallery\" title=\"\" href=\"https:\/\/i0.wp.com\/dshop.ee\/wp-content\/uploads\/2022\/06\/TLN-KKabinet-2.jpg?fit=1020%2C765&ssl=1\">\t\t\t\t\t\t<div class=\"img-inner dark\" style=\"margin:0 0px 0px 0px;\">\n\t\t\t<img loading=\"lazy\" decoding=\"async\" width=\"1020\" height=\"765\" src=\"https:\/\/i0.wp.com\/dshop.ee\/wp-content\/uploads\/2022\/06\/TLN-KKabinet-2.jpg?fit=1020%2C765&amp;ssl=1\" class=\"attachment-large size-large\" alt=\"\" srcset=\"https:\/\/i0.wp.com\/dshop.ee\/wp-content\/uploads\/2022\/06\/TLN-KKabinet-2.jpg?w=1600&amp;ssl=1 1600w, https:\/\/i0.wp.com\/dshop.ee\/wp-content\/uploads\/2022\/06\/TLN-KKabinet-2.jpg?resize=533%2C400&amp;ssl=1 533w, https:\/\/i0.wp.com\/dshop.ee\/wp-content\/uploads\/2022\/06\/TLN-KKabinet-2.jpg?resize=1067%2C800&amp;ssl=1 1067w, https:\/\/i0.wp.com\/dshop.ee\/wp-content\/uploads\/2022\/06\/TLN-KKabinet-2.jpg?resize=768%2C576&amp;ssl=1 768w, https:\/\/i0.wp.com\/dshop.ee\/wp-content\/uploads\/2022\/06\/TLN-KKabinet-2.jpg?resize=1536%2C1152&amp;ssl=1 1536w, https:\/\/i0.wp.com\/dshop.ee\/wp-content\/uploads\/2022\/06\/TLN-KKabinet-2.jpg?resize=247%2C185&amp;ssl=1 247w, https:\/\/i0.wp.com\/dshop.ee\/wp-content\/uploads\/2022\/06\/TLN-KKabinet-2.jpg?resize=510%2C383&amp;ssl=1 510w\" sizes=\"(max-width: 1020px) 100vw, 1020px\" \/>\t\t\t\t\t\t\n\t\t\t\t\t<\/div>\n\t\t\t\t\t\t<\/a>\t\t\n<style>\n#image_879175862 {\n  width: 100%;\n}\n<\/style>\n\t<\/div>\n\t\n\t<div class=\"img has-hover x md-x lg-x y md-y lg-y\" id=\"image_497589192\">\n\t\t<a class=\"image-lightbox lightbox-gallery\" title=\"\" href=\"https:\/\/i0.wp.com\/dshop.ee\/wp-content\/uploads\/2022\/06\/275973562_946050489398891_5334724276397519264_n.jpg?fit=640%2C800&ssl=1\">\t\t\t\t\t\t<div class=\"img-inner dark\" style=\"margin:0 0px 0px 0px;\">\n\t\t\t<img loading=\"lazy\" decoding=\"async\" width=\"640\" height=\"800\" src=\"https:\/\/i0.wp.com\/dshop.ee\/wp-content\/uploads\/2022\/06\/275973562_946050489398891_5334724276397519264_n.jpg?fit=640%2C800&amp;ssl=1\" class=\"attachment-large size-large\" alt=\"\" srcset=\"https:\/\/i0.wp.com\/dshop.ee\/wp-content\/uploads\/2022\/06\/275973562_946050489398891_5334724276397519264_n.jpg?w=1440&amp;ssl=1 1440w, https:\/\/i0.wp.com\/dshop.ee\/wp-content\/uploads\/2022\/06\/275973562_946050489398891_5334724276397519264_n.jpg?resize=320%2C400&amp;ssl=1 320w, https:\/\/i0.wp.com\/dshop.ee\/wp-content\/uploads\/2022\/06\/275973562_946050489398891_5334724276397519264_n.jpg?resize=640%2C800&amp;ssl=1 640w, https:\/\/i0.wp.com\/dshop.ee\/wp-content\/uploads\/2022\/06\/275973562_946050489398891_5334724276397519264_n.jpg?resize=768%2C960&amp;ssl=1 768w, https:\/\/i0.wp.com\/dshop.ee\/wp-content\/uploads\/2022\/06\/275973562_946050489398891_5334724276397519264_n.jpg?resize=1229%2C1536&amp;ssl=1 1229w, https:\/\/i0.wp.com\/dshop.ee\/wp-content\/uploads\/2022\/06\/275973562_946050489398891_5334724276397519264_n.jpg?resize=247%2C309&amp;ssl=1 247w, https:\/\/i0.wp.com\/dshop.ee\/wp-content\/uploads\/2022\/06\/275973562_946050489398891_5334724276397519264_n.jpg?resize=510%2C638&amp;ssl=1 510w\" sizes=\"(max-width: 640px) 100vw, 640px\" \/>\t\t\t\t\t\t\n\t\t\t\t\t<\/div>\n\t\t\t\t\t\t<\/a>\t\t\n<style>\n#image_497589192 {\n  width: 100%;\n}\n<\/style>\n\t<\/div>\n\t\n     <\/div>\n\n     <div class=\"loading-spin dark large centered\"><\/div>\n\n\t<\/div>\n\n\n\t<div id=\"stack-1706621596\" class=\"stack stack-col justify-center items-start\">\n\t\t\n<a rel=\"noopener noreferrer\" href=\"https:\/\/anovozilova.com\/\" target=\"_blank\" class=\"button primary show-for-small\"  style=\"padding:5px 20px 5px 20px;\">\n    <span>Learn more about projects<\/span>\n  <\/a>\n\n\t\t\n<style>\n#stack-1706621596 > * {\n  --stack-gap: 0rem;\n}\n<\/style>\n\t<\/div>\n\t\n\t\t<\/div>\n\t\t\t\t\t<\/div>\n\n\t\n\n<style>\n#row-124987134 > .col > .col-inner {\n  padding: 0 0px 0px 0px;\n}\n<\/style>\n<\/div>\n\t<div id=\"gap-1492809429\" class=\"gap-element clearfix\" style=\"display:block; height:auto;\">\n\t\t\n<style>\n#gap-1492809429 {\n  padding-top: 30px;\n}\n<\/style>\n\t<\/div>\n\t\n<div class=\"is-divider divider clearfix\" style=\"max-width:100%;height:1px;\"><\/div>\n<h2><span style=\"font-size: 0%; color: #ffffff;\">Office chair Slorino pink<\/span><\/h2>\n<div class=\"social-icons follow-icons full-width text-center\" ><a href=\"https:\/\/www.facebook.com\/anovozilovaa\" target=\"_blank\" rel=\"noopener noreferrer nofollow\" data-label=\"Facebook\" class=\"icon button circle is-outline facebook tooltip\" title=\"Follow on Facebook\" aria-label=\"Follow on Facebook\" ><i class=\"icon-facebook\" ><\/i><\/a><a href=\"https:\/\/www.instagram.com\/anovozilovaa\" target=\"_blank\" rel=\"noopener noreferrer nofollow\" data-label=\"Instagram\" class=\"icon button circle is-outline instagram tooltip\" title=\"Follow on Instagram\" aria-label=\"Follow on Instagram\" ><i class=\"icon-instagram\" ><\/i><\/a><a href=\"mailto:info@dshop.ee\" data-label=\"E-mail\" target=\"_blank\" rel=\"nofollow\" class=\"icon button circle is-outline email tooltip\" title=\"Send us an email\" aria-label=\"Send us an email\" ><i class=\"icon-envelop\" ><\/i><\/a><\/div>\n<h2><span style=\"font-size: 0%; color: #ffffff;\">Office chair Slorino pink<\/span><\/h2>\n<h5 style=\"text-align: center;\"><em><span style=\"font-size: 75%;\">The color of the product shown in the picture may vary slightly, and the information in the description is general, therefore not all product characteristics may be mentioned. If you have any questions, we always look forward to your call at +372 56949250 or email to <a href=\"mailto:info@dshop.ee\">info@dshop.ee<\/a><\/span><\/em><\/h5>\n<h2><span style=\"font-size: 0%; color: #ffffff;\">Office chair Slorino pink<\/span><\/h2>\n<p>&nbsp;<\/p>\n","protected":false},"excerpt":{"rendered":"<hr \/>\n<ul>\n<li><strong>Color:<\/strong>\u00a0Pink<\/li>\n<li><strong>Seat height:<\/strong>\u00a044-54cm<\/li>\n<li><strong>Material:<\/strong>\u00a0Polyester\/metal\/wood<\/li>\n<li><strong>Width:<\/strong>\u00a058.00 cm<\/li>\n<li><strong>Heigh:<\/strong>\u00a088.00 cm<\/li>\n<li><strong>Lenght:<\/strong>\u00a062.00 cm<\/li>\n<li><strong>Weight:<\/strong>\u00a010 kg<\/li>\n<\/ul>\n<hr \/>\n<p><strong>Delivery time: <\/strong>4-8 weeks<\/p>\n","protected":false},"featured_media":3359,"comment_status":"open","ping_status":"closed","template":"","meta":[],"product_cat":[114],"product_tag":[144,130],"class_list":["post-3346","product","type-product","status-publish","has-post-thumbnail","hentry","product_cat-armchairs","product_tag-all-for-home","product_tag-armchair"],"yoast_head":"<!-- This site is optimized with the Yoast SEO plugin v21.5 - https:\/\/yoast.com\/wordpress\/plugins\/seo\/ -->\n<title>Office chair Slorino pink - D.SHOP - cozy and modern home<\/title>\n<meta name=\"description\" content=\"Office chair Slorino pink - 360\u00b0 rotating around its own axis.\" \/>\n<meta name=\"robots\" content=\"index, follow, max-snippet:-1, max-image-preview:large, max-video-preview:-1\" \/>\n<link rel=\"canonical\" href=\"https:\/\/www.dshop.ee\/en\/product\/office-chair-slorino-pink\/\" \/>\n<meta property=\"og:locale\" content=\"en_US\" \/>\n<meta property=\"og:type\" content=\"article\" \/>\n<meta property=\"og:title\" content=\"Office chair Slorino pink - D.SHOP - cozy and modern home\" \/>\n<meta property=\"og:description\" content=\"Office chair Slorino pink - 360\u00b0 rotating around its own axis.\" \/>\n<meta property=\"og:url\" content=\"https:\/\/www.dshop.ee\/en\/product\/office-chair-slorino-pink\/\" \/>\n<meta property=\"og:site_name\" content=\"D.SHOP\" \/>\n<meta property=\"article:publisher\" content=\"https:\/\/www.facebook.com\/anovozilovaa\" \/>\n<meta property=\"article:modified_time\" content=\"2022-06-01T11:19:14+00:00\" \/>\n<meta property=\"og:image\" content=\"https:\/\/i0.wp.com\/www.dshop.ee\/wp-content\/uploads\/2022\/06\/Kontoritool-Slorino-3.jpg?fit=1000%2C1000&ssl=1\" \/>\n\t<meta property=\"og:image:width\" content=\"1000\" \/>\n\t<meta property=\"og:image:height\" content=\"1000\" \/>\n\t<meta property=\"og:image:type\" content=\"image\/jpeg\" \/>\n<meta name=\"twitter:card\" content=\"summary_large_image\" \/>\n<meta name=\"twitter:label1\" content=\"Est. reading time\" \/>\n\t<meta name=\"twitter:data1\" content=\"2 minutes\" \/>\n<script type=\"application\/ld+json\" class=\"yoast-schema-graph\">{\"@context\":\"https:\/\/schema.org\",\"@graph\":[{\"@type\":\"WebPage\",\"@id\":\"https:\/\/www.dshop.ee\/en\/product\/office-chair-slorino-pink\/\",\"url\":\"https:\/\/www.dshop.ee\/en\/product\/office-chair-slorino-pink\/\",\"name\":\"Office chair Slorino pink - D.SHOP - cozy and modern home\",\"isPartOf\":{\"@id\":\"https:\/\/www.dshop.ee\/en\/#website\"},\"datePublished\":\"2022-06-01T10:43:35+00:00\",\"dateModified\":\"2022-06-01T11:19:14+00:00\",\"description\":\"Office chair Slorino pink - 360\u00b0 rotating around its own axis.\",\"breadcrumb\":{\"@id\":\"https:\/\/www.dshop.ee\/en\/product\/office-chair-slorino-pink\/#breadcrumb\"},\"inLanguage\":\"en-US\",\"potentialAction\":[{\"@type\":\"ReadAction\",\"target\":[\"https:\/\/www.dshop.ee\/en\/product\/office-chair-slorino-pink\/\"]}]},{\"@type\":\"BreadcrumbList\",\"@id\":\"https:\/\/www.dshop.ee\/en\/product\/office-chair-slorino-pink\/#breadcrumb\",\"itemListElement\":[{\"@type\":\"ListItem\",\"position\":1,\"name\":\"Home\",\"item\":\"https:\/\/dshop.ee\/en\/\"},{\"@type\":\"ListItem\",\"position\":2,\"name\":\"Shop\",\"item\":\"https:\/\/dshop.ee\/en\/shop\/\"},{\"@type\":\"ListItem\",\"position\":3,\"name\":\"Office chair Slorino | pink\"}]},{\"@type\":\"WebSite\",\"@id\":\"https:\/\/www.dshop.ee\/en\/#website\",\"url\":\"https:\/\/www.dshop.ee\/en\/\",\"name\":\"D.SHOP\",\"description\":\"We are ready to help make a home of your dreams. So cozy and all yours.\",\"publisher\":{\"@id\":\"https:\/\/www.dshop.ee\/en\/#organization\"},\"potentialAction\":[{\"@type\":\"SearchAction\",\"target\":{\"@type\":\"EntryPoint\",\"urlTemplate\":\"https:\/\/www.dshop.ee\/en\/?s={search_term_string}\"},\"query-input\":\"required name=search_term_string\"}],\"inLanguage\":\"en-US\"},{\"@type\":\"Organization\",\"@id\":\"https:\/\/www.dshop.ee\/en\/#organization\",\"name\":\"D.SHOP\",\"url\":\"https:\/\/www.dshop.ee\/en\/\",\"logo\":{\"@type\":\"ImageObject\",\"inLanguage\":\"en-US\",\"@id\":\"https:\/\/www.dshop.ee\/en\/#\/schema\/logo\/image\/\",\"url\":\"https:\/\/i0.wp.com\/www.dshop.ee\/wp-content\/uploads\/2022\/05\/Dshop-logo-300-2.jpg?fit=300%2C188&ssl=1\",\"contentUrl\":\"https:\/\/i0.wp.com\/www.dshop.ee\/wp-content\/uploads\/2022\/05\/Dshop-logo-300-2.jpg?fit=300%2C188&ssl=1\",\"width\":300,\"height\":188,\"caption\":\"D.SHOP\"},\"image\":{\"@id\":\"https:\/\/www.dshop.ee\/en\/#\/schema\/logo\/image\/\"},\"sameAs\":[\"https:\/\/www.facebook.com\/anovozilovaa\",\"https:\/\/www.instagram.com\/anovozilovaa\/\"]}]}<\/script>\n<!-- \/ Yoast SEO plugin. -->","yoast_head_json":{"title":"Office chair Slorino pink - D.SHOP - cozy and modern home","description":"Office chair Slorino pink - 360\u00b0 rotating around its own axis.","robots":{"index":"index","follow":"follow","max-snippet":"max-snippet:-1","max-image-preview":"max-image-preview:large","max-video-preview":"max-video-preview:-1"},"canonical":"https:\/\/www.dshop.ee\/en\/product\/office-chair-slorino-pink\/","og_locale":"en_US","og_type":"article","og_title":"Office chair Slorino pink - D.SHOP - cozy and modern home","og_description":"Office chair Slorino pink - 360\u00b0 rotating around its own axis.","og_url":"https:\/\/www.dshop.ee\/en\/product\/office-chair-slorino-pink\/","og_site_name":"D.SHOP","article_publisher":"https:\/\/www.facebook.com\/anovozilovaa","article_modified_time":"2022-06-01T11:19:14+00:00","og_image":[{"width":1000,"height":1000,"url":"https:\/\/i0.wp.com\/www.dshop.ee\/wp-content\/uploads\/2022\/06\/Kontoritool-Slorino-3.jpg?fit=1000%2C1000&ssl=1","type":"image\/jpeg"}],"twitter_card":"summary_large_image","twitter_misc":{"Est. reading time":"2 minutes"},"schema":{"@context":"https:\/\/schema.org","@graph":[{"@type":"WebPage","@id":"https:\/\/www.dshop.ee\/en\/product\/office-chair-slorino-pink\/","url":"https:\/\/www.dshop.ee\/en\/product\/office-chair-slorino-pink\/","name":"Office chair Slorino pink - D.SHOP - cozy and modern home","isPartOf":{"@id":"https:\/\/www.dshop.ee\/en\/#website"},"datePublished":"2022-06-01T10:43:35+00:00","dateModified":"2022-06-01T11:19:14+00:00","description":"Office chair Slorino pink - 360\u00b0 rotating around its own axis.","breadcrumb":{"@id":"https:\/\/www.dshop.ee\/en\/product\/office-chair-slorino-pink\/#breadcrumb"},"inLanguage":"en-US","potentialAction":[{"@type":"ReadAction","target":["https:\/\/www.dshop.ee\/en\/product\/office-chair-slorino-pink\/"]}]},{"@type":"BreadcrumbList","@id":"https:\/\/www.dshop.ee\/en\/product\/office-chair-slorino-pink\/#breadcrumb","itemListElement":[{"@type":"ListItem","position":1,"name":"Home","item":"https:\/\/dshop.ee\/en\/"},{"@type":"ListItem","position":2,"name":"Shop","item":"https:\/\/dshop.ee\/en\/shop\/"},{"@type":"ListItem","position":3,"name":"Office chair Slorino | pink"}]},{"@type":"WebSite","@id":"https:\/\/www.dshop.ee\/en\/#website","url":"https:\/\/www.dshop.ee\/en\/","name":"D.SHOP","description":"We are ready to help make a home of your dreams. So cozy and all yours.","publisher":{"@id":"https:\/\/www.dshop.ee\/en\/#organization"},"potentialAction":[{"@type":"SearchAction","target":{"@type":"EntryPoint","urlTemplate":"https:\/\/www.dshop.ee\/en\/?s={search_term_string}"},"query-input":"required name=search_term_string"}],"inLanguage":"en-US"},{"@type":"Organization","@id":"https:\/\/www.dshop.ee\/en\/#organization","name":"D.SHOP","url":"https:\/\/www.dshop.ee\/en\/","logo":{"@type":"ImageObject","inLanguage":"en-US","@id":"https:\/\/www.dshop.ee\/en\/#\/schema\/logo\/image\/","url":"https:\/\/i0.wp.com\/www.dshop.ee\/wp-content\/uploads\/2022\/05\/Dshop-logo-300-2.jpg?fit=300%2C188&ssl=1","contentUrl":"https:\/\/i0.wp.com\/www.dshop.ee\/wp-content\/uploads\/2022\/05\/Dshop-logo-300-2.jpg?fit=300%2C188&ssl=1","width":300,"height":188,"caption":"D.SHOP"},"image":{"@id":"https:\/\/www.dshop.ee\/en\/#\/schema\/logo\/image\/"},"sameAs":["https:\/\/www.facebook.com\/anovozilovaa","https:\/\/www.instagram.com\/anovozilovaa\/"]}]}},"jetpack-related-posts":[{"id":1822,"url":"https:\/\/www.dshop.ee\/toode\/kirjutuslaud-cloe-sinine-24zrla03\/","url_meta":{"origin":3346,"position":0},"title":"Kirjutuslaud CLOE | sinine 24ZRLA03","date":"02.05.2022","format":false,"excerpt":"Valmistatud kvaliteetsest lamineeritud kattega m\u00f6\u00f6bliplaadist 4 sahtlit Lauaraam ja k\u00e4epidemed on kuldset v\u00e4rvi metallist Viimistlus: sinine Tarnitakse detailidena M\u00f5\u00f5dud (LxSxK), cm: 120x50x95 Tarneaeg: 4-8 n\u00e4dalat","rel":"","context":"Similar post","img":{"alt_text":"","src":"https:\/\/i0.wp.com\/dshop.ee\/wp-content\/uploads\/2022\/05\/Cloe_laud-1.jpg?fit=1200%2C900&ssl=1&resize=350%2C200","width":350,"height":200},"classes":[]},{"id":2980,"url":"https:\/\/www.dshop.ee\/en\/product\/bedside-table-monako-bluvel-52-pink-velvet\/","url_meta":{"origin":3346,"position":1},"title":"Bedside table MONAKO Bluvel 52 | pink velvet","date":"12.05.2022","format":false,"excerpt":"The bedside table is covered with a pink velvet fabric 2 drawers Legs and handles made of gold-coloured metal Weight (kg): 15 Height (cm): 56 Width (cm): 36 Length (cm): 53 Material: Velvet Delivery time: 4-8 weeks","rel":"","context":"Similar post","img":{"alt_text":"","src":"https:\/\/i0.wp.com\/dshop.ee\/wp-content\/uploads\/2022\/05\/Monako_VELVET_rozowy_1.jpg?fit=800%2C600&ssl=1&resize=350%2C200","width":350,"height":200},"classes":[]},{"id":3347,"url":"https:\/\/www.dshop.ee\/toode\/kontoritool-slorino-roosa\/","url_meta":{"origin":3346,"position":2},"title":"Kontoritool Slorino | roosa","date":"01.06.2022","format":false,"excerpt":"V\u00e4rv:\u00a0Roosa istumisosa k\u00f5rgus 44-54cm Materjal:\u00a0Puit\/metall\/pol\u00fcester Laius:\u00a058.00 cm K\u00f5rgus:\u00a088.00 cm Pikkus:\u00a062.00 cm Kaal:\u00a010 kg Tarneaeg: 4-8 n\u00e4dalat","rel":"","context":"Similar post","img":{"alt_text":"","src":"https:\/\/i0.wp.com\/dshop.ee\/wp-content\/uploads\/2022\/06\/Kontoritool-Slorino-3.jpg?fit=1000%2C1000&ssl=1&resize=350%2C200","width":350,"height":200},"classes":[]},{"id":1593,"url":"https:\/\/www.dshop.ee\/toode\/vaip-larktik-160x230cm\/","url_meta":{"origin":3346,"position":3},"title":"Vaip Larktik | 160x230cm","date":"29.04.2022","format":false,"excerpt":"Materjal:\u00a0Pol\u00fcester\/viskoos Laius:\u00a0160.00 cm Pikkus:\u00a0230.00 cm Kaal:\u00a06 kg Tarneaeg: 2-3 n\u00e4dalat","rel":"","context":"Similar post","img":{"alt_text":"","src":"https:\/\/i0.wp.com\/dshop.ee\/wp-content\/uploads\/2022\/04\/2000000958880_CO9Gjke_sized.jpg?fit=1000%2C654&ssl=1&resize=350%2C200","width":350,"height":200},"classes":[]},{"id":2594,"url":"https:\/\/www.dshop.ee\/toode\/vaip-febro-160x230cm-hall\/","url_meta":{"origin":3346,"position":4},"title":"Vaip Febro 160x230cm | hall","date":"10.05.2022","format":false,"excerpt":"Materjal: Pol\u00fcester\/viskoos\/\u0161enill Laius: 160 cm Pikkus: 230 cm Kaal: 7 kg Tarneaeg: 2-3 n\u00e4dalat","rel":"","context":"Similar post","img":{"alt_text":"","src":"https:\/\/i0.wp.com\/dshop.ee\/wp-content\/uploads\/2022\/05\/Vaip-Febro-160x230-4.jpg?fit=1000%2C654&ssl=1&resize=350%2C200","width":350,"height":200},"classes":[]},{"id":3046,"url":"https:\/\/www.dshop.ee\/en\/product\/table-with-lid-sasha-%e2%8c%8038cm\/","url_meta":{"origin":3346,"position":5},"title":"Table with lid SASHA | \u230038cm","date":"20.05.2022","format":false,"excerpt":"The table is made of cork and lacquered MDF board Legs made of black metal It is delivered disassembled Weight (kg): 5 Height (cm): 43 Diameter (cm): 38 Delivery time: 4-8 weeks","rel":"","context":"Similar post","img":{"alt_text":"","src":"https:\/\/i0.wp.com\/dshop.ee\/wp-content\/uploads\/2022\/05\/Laud-Sasha-5.jpeg?fit=655%2C800&ssl=1&resize=350%2C200","width":350,"height":200},"classes":[]}],"_links":{"self":[{"href":"https:\/\/www.dshop.ee\/en\/wp-json\/wp\/v2\/product\/3346"}],"collection":[{"href":"https:\/\/www.dshop.ee\/en\/wp-json\/wp\/v2\/product"}],"about":[{"href":"https:\/\/www.dshop.ee\/en\/wp-json\/wp\/v2\/types\/product"}],"replies":[{"embeddable":true,"href":"https:\/\/www.dshop.ee\/en\/wp-json\/wp\/v2\/comments?post=3346"}],"wp:featuredmedia":[{"embeddable":true,"href":"https:\/\/www.dshop.ee\/en\/wp-json\/wp\/v2\/media\/3359"}],"wp:attachment":[{"href":"https:\/\/www.dshop.ee\/en\/wp-json\/wp\/v2\/media?parent=3346"}],"wp:term":[{"taxonomy":"product_cat","embeddable":true,"href":"https:\/\/www.dshop.ee\/en\/wp-json\/wp\/v2\/product_cat?post=3346"},{"taxonomy":"product_tag","embeddable":true,"href":"https:\/\/www.dshop.ee\/en\/wp-json\/wp\/v2\/product_tag?post=3346"}],"curies":[{"name":"wp","href":"https:\/\/api.w.org\/{rel}","templated":true}]}}