{"id":3499,"date":"2022-06-07T14:20:16","date_gmt":"2022-06-07T11:20:16","guid":{"rendered":"https:\/\/dshop.ee\/?post_type=product&#038;p=3499"},"modified":"2022-06-07T14:32:19","modified_gmt":"2022-06-07T11:32:19","slug":"round-table-morgan-%e2%8c%80120","status":"publish","type":"product","link":"https:\/\/www.dshop.ee\/en\/product\/round-table-morgan-%e2%8c%80120\/","title":{"rendered":"Round table MORGAN | \u2300120"},"content":{"rendered":"<div class=\"row row-collapse row-full-width align-middle\"  id=\"row-1931729036\">\n\n\t<div id=\"col-1745055579\" class=\"col medium-5 small-12 large-5\"  >\n\t\t\t\t<div class=\"col-inner\"  >\n\t\t\t\n\t\t\t\n<div class=\"container section-title-container\" ><h3 class=\"section-title section-title-bold\"><b><\/b><span class=\"section-title-main\" >View in the project<\/span><b><\/b><\/h3><\/div>\n<div class=\"row row-full-width\"  id=\"row-1113503313\">\n\n\t<div id=\"col-642624615\" class=\"col medium-6 small-6 large-6\"  >\n\t\t\t\t<div class=\"col-inner\"  >\n\t\t\t\n\t<div class=\"is-border\"\n\t\tstyle=\"border-color:rgb(61, 173, 153);border-width:0px 0px 0px 1px;\">\n\t<\/div>\n\t\t\t\n\t<div id=\"text-501848244\" class=\"text\">\n\t\t\n<p class=\"elementor-icon-box-title\">City:<\/p>\n<h3 class=\"elementor-icon-box-description\">KOHTLA-J\u00c4RVE<\/h3>\n\t\t\n<style>\n#text-501848244 {\n  text-align: left;\n}\n<\/style>\n\t<\/div>\n\t\n\t\t<\/div>\n\t\t\t\t\n<style>\n#col-642624615 > .col-inner {\n  padding: 0px 0px 0px 10px;\n}\n<\/style>\n\t<\/div>\n\n\t\n\n\t<div id=\"col-132272427\" class=\"col medium-6 small-6 large-6\"  >\n\t\t\t\t<div class=\"col-inner\"  >\n\t\t\t\n\t<div class=\"is-border\"\n\t\tstyle=\"border-color:rgb(61, 173, 153);border-width:0px 0px 0px 1px;\">\n\t<\/div>\n\t\t\t\n\t<div id=\"text-2398604496\" class=\"text\">\n\t\t\n<p class=\"elementor-icon-box-title\">Country:<\/p>\n<h3 class=\"elementor-icon-box-description\">ESTONIA<\/h3>\n\t\t\n<style>\n#text-2398604496 {\n  text-align: left;\n}\n<\/style>\n\t<\/div>\n\t\n\t\t<\/div>\n\t\t\t\t\n<style>\n#col-132272427 > .col-inner {\n  padding: 0px 0px 0px 10px;\n}\n<\/style>\n\t<\/div>\n\n\t\n\n\t<div id=\"col-898284147\" class=\"col medium-6 small-6 large-6\"  >\n\t\t\t\t<div class=\"col-inner\"  >\n\t\t\t\n\t<div class=\"is-border\"\n\t\tstyle=\"border-color:rgb(61, 173, 153);border-width:0px 0px 0px 1px;\">\n\t<\/div>\n\t\t\t\n\t<div id=\"text-297894845\" class=\"text\">\n\t\t\n<p class=\"elementor-icon-box-title\">Year:<\/p>\n<h3 class=\"elementor-icon-box-description\">2021<\/h3>\n\t\t\n<style>\n#text-297894845 {\n  text-align: left;\n}\n<\/style>\n\t<\/div>\n\t\n\t\t<\/div>\n\t\t\t\t\n<style>\n#col-898284147 > .col-inner {\n  padding: 0px 0px 0px 10px;\n}\n<\/style>\n\t<\/div>\n\n\t\n\n\t<div id=\"col-680778208\" class=\"col medium-6 small-6 large-6\"  >\n\t\t\t\t<div class=\"col-inner\"  >\n\t\t\t\n\t<div class=\"is-border\"\n\t\tstyle=\"border-color:rgb(61, 173, 153);border-width:0px 0px 0px 1px;\">\n\t<\/div>\n\t\t\t\n\t<div id=\"text-3776077207\" class=\"text\">\n\t\t\n<p class=\"elementor-icon-box-title\">Type of room:<\/p>\n<h3 class=\"elementor-icon-box-description\">Living room<\/h3>\n\t\t\n<style>\n#text-3776077207 {\n  text-align: left;\n}\n<\/style>\n\t<\/div>\n\t\n\t\t<\/div>\n\t\t\t\t\n<style>\n#col-680778208 > .col-inner {\n  padding: 0px 0px 0px 10px;\n}\n<\/style>\n\t<\/div>\n\n\t\n<\/div>\n\t<div id=\"stack-1229986891\" class=\"stack hide-for-small stack-col justify-center items-start\">\n\t\t\n<a rel=\"noopener noreferrer\" href=\"https:\/\/anovozilova.com\/\" target=\"_blank\" class=\"button primary hide-for-small\"  style=\"padding:5px 15px 5px 15px;\">\n    <span>Learn more about projects<\/span>\n  <\/a>\n\n\t\t\n<style>\n#stack-1229986891 > * {\n  --stack-gap: 0rem;\n}\n<\/style>\n\t<\/div>\n\t\n\t\t<\/div>\n\t\t\t\t\t<\/div>\n\n\t\n\n\t<div id=\"col-1602014514\" class=\"col medium-7 small-12 large-7\"  >\n\t\t\t\t<div class=\"col-inner\"  >\n\t\t\t\n\t\t\t\n<div class=\"slider-wrapper relative\" id=\"slider-2103717401\" >\n    <div class=\"slider slider-nav-dots-dashes-spaced slider-nav-circle slider-nav-large slider-nav-light slider-style-normal\"\n        data-flickity-options='{\n            \"cellAlign\": \"center\",\n            \"imagesLoaded\": true,\n            \"lazyLoad\": 1,\n            \"freeScroll\": false,\n            \"wrapAround\": true,\n            \"autoPlay\": 6000,\n            \"pauseAutoPlayOnHover\" : true,\n            \"prevNextButtons\": true,\n            \"contain\" : true,\n            \"adaptiveHeight\" : true,\n            \"dragThreshold\" : 10,\n            \"percentPosition\": true,\n            \"pageDots\": true,\n            \"rightToLeft\": false,\n            \"draggable\": true,\n            \"selectedAttraction\": 0.1,\n            \"parallax\" : 0,\n            \"friction\": 0.6        }'\n        >\n        \n\t<div class=\"img has-hover x md-x lg-x y md-y lg-y\" id=\"image_2041349558\">\n\t\t<a class=\"image-lightbox lightbox-gallery\" title=\"\" href=\"https:\/\/i0.wp.com\/www.dshop.ee\/wp-content\/uploads\/2022\/06\/K-J-Toome-4.jpg?fit=1020%2C717&ssl=1\">\t\t\t\t\t\t<div class=\"img-inner dark\" style=\"margin:0 0px 0px 0px;\">\n\t\t\t<img loading=\"lazy\" decoding=\"async\" width=\"1020\" height=\"717\" src=\"https:\/\/i0.wp.com\/www.dshop.ee\/wp-content\/uploads\/2022\/06\/K-J-Toome-4.jpg?fit=1020%2C717&amp;ssl=1\" class=\"attachment-large size-large\" alt=\"\" srcset=\"https:\/\/i0.wp.com\/www.dshop.ee\/wp-content\/uploads\/2022\/06\/K-J-Toome-4.jpg?w=1280&amp;ssl=1 1280w, https:\/\/i0.wp.com\/www.dshop.ee\/wp-content\/uploads\/2022\/06\/K-J-Toome-4.jpg?resize=569%2C400&amp;ssl=1 569w, https:\/\/i0.wp.com\/www.dshop.ee\/wp-content\/uploads\/2022\/06\/K-J-Toome-4.jpg?resize=1138%2C800&amp;ssl=1 1138w, https:\/\/i0.wp.com\/www.dshop.ee\/wp-content\/uploads\/2022\/06\/K-J-Toome-4.jpg?resize=768%2C540&amp;ssl=1 768w, https:\/\/i0.wp.com\/www.dshop.ee\/wp-content\/uploads\/2022\/06\/K-J-Toome-4.jpg?resize=247%2C174&amp;ssl=1 247w, https:\/\/i0.wp.com\/www.dshop.ee\/wp-content\/uploads\/2022\/06\/K-J-Toome-4.jpg?resize=510%2C359&amp;ssl=1 510w\" sizes=\"(max-width: 1020px) 100vw, 1020px\" \/>\t\t\t\t\t\t\n\t\t\t\t\t<\/div>\n\t\t\t\t\t\t<\/a>\t\t\n<style>\n#image_2041349558 {\n  width: 100%;\n}\n<\/style>\n\t<\/div>\n\t\n\t<div class=\"img has-hover x md-x lg-x y md-y lg-y\" id=\"image_1783640232\">\n\t\t<a class=\"image-lightbox lightbox-gallery\" title=\"\" href=\"https:\/\/i0.wp.com\/www.dshop.ee\/wp-content\/uploads\/2022\/06\/K-J-Toome-5.jpg?fit=1020%2C717&ssl=1\">\t\t\t\t\t\t<div class=\"img-inner dark\" style=\"margin:0 0px 0px 0px;\">\n\t\t\t<img loading=\"lazy\" decoding=\"async\" width=\"1020\" height=\"717\" src=\"https:\/\/i0.wp.com\/www.dshop.ee\/wp-content\/uploads\/2022\/06\/K-J-Toome-5.jpg?fit=1020%2C717&amp;ssl=1\" class=\"attachment-large size-large\" alt=\"\" srcset=\"https:\/\/i0.wp.com\/www.dshop.ee\/wp-content\/uploads\/2022\/06\/K-J-Toome-5.jpg?w=1280&amp;ssl=1 1280w, https:\/\/i0.wp.com\/www.dshop.ee\/wp-content\/uploads\/2022\/06\/K-J-Toome-5.jpg?resize=569%2C400&amp;ssl=1 569w, https:\/\/i0.wp.com\/www.dshop.ee\/wp-content\/uploads\/2022\/06\/K-J-Toome-5.jpg?resize=1138%2C800&amp;ssl=1 1138w, https:\/\/i0.wp.com\/www.dshop.ee\/wp-content\/uploads\/2022\/06\/K-J-Toome-5.jpg?resize=768%2C540&amp;ssl=1 768w, https:\/\/i0.wp.com\/www.dshop.ee\/wp-content\/uploads\/2022\/06\/K-J-Toome-5.jpg?resize=247%2C174&amp;ssl=1 247w, https:\/\/i0.wp.com\/www.dshop.ee\/wp-content\/uploads\/2022\/06\/K-J-Toome-5.jpg?resize=510%2C359&amp;ssl=1 510w\" sizes=\"(max-width: 1020px) 100vw, 1020px\" \/>\t\t\t\t\t\t\n\t\t\t\t\t<\/div>\n\t\t\t\t\t\t<\/a>\t\t\n<style>\n#image_1783640232 {\n  width: 100%;\n}\n<\/style>\n\t<\/div>\n\t\n\t<div class=\"img has-hover x md-x lg-x y md-y lg-y\" id=\"image_457555107\">\n\t\t<a class=\"image-lightbox lightbox-gallery\" title=\"\" href=\"https:\/\/i0.wp.com\/www.dshop.ee\/wp-content\/uploads\/2022\/06\/K-J-Toome-3.jpg?fit=1020%2C717&ssl=1\">\t\t\t\t\t\t<div class=\"img-inner dark\" style=\"margin:0 0px 0px 0px;\">\n\t\t\t<img loading=\"lazy\" decoding=\"async\" width=\"1020\" height=\"717\" src=\"https:\/\/i0.wp.com\/www.dshop.ee\/wp-content\/uploads\/2022\/06\/K-J-Toome-3.jpg?fit=1020%2C717&amp;ssl=1\" class=\"attachment-large size-large\" alt=\"\" srcset=\"https:\/\/i0.wp.com\/www.dshop.ee\/wp-content\/uploads\/2022\/06\/K-J-Toome-3.jpg?w=1280&amp;ssl=1 1280w, https:\/\/i0.wp.com\/www.dshop.ee\/wp-content\/uploads\/2022\/06\/K-J-Toome-3.jpg?resize=569%2C400&amp;ssl=1 569w, https:\/\/i0.wp.com\/www.dshop.ee\/wp-content\/uploads\/2022\/06\/K-J-Toome-3.jpg?resize=1138%2C800&amp;ssl=1 1138w, https:\/\/i0.wp.com\/www.dshop.ee\/wp-content\/uploads\/2022\/06\/K-J-Toome-3.jpg?resize=768%2C540&amp;ssl=1 768w, https:\/\/i0.wp.com\/www.dshop.ee\/wp-content\/uploads\/2022\/06\/K-J-Toome-3.jpg?resize=247%2C174&amp;ssl=1 247w, https:\/\/i0.wp.com\/www.dshop.ee\/wp-content\/uploads\/2022\/06\/K-J-Toome-3.jpg?resize=510%2C359&amp;ssl=1 510w\" sizes=\"(max-width: 1020px) 100vw, 1020px\" \/>\t\t\t\t\t\t\n\t\t\t\t\t<\/div>\n\t\t\t\t\t\t<\/a>\t\t\n<style>\n#image_457555107 {\n  width: 100%;\n}\n<\/style>\n\t<\/div>\n\t\n\t<div class=\"img has-hover x md-x lg-x y md-y lg-y\" id=\"image_1306463795\">\n\t\t<a class=\"image-lightbox lightbox-gallery\" title=\"\" href=\"https:\/\/i0.wp.com\/www.dshop.ee\/wp-content\/uploads\/2022\/06\/K-J-Toome-7.jpg?fit=1020%2C717&ssl=1\">\t\t\t\t\t\t<div class=\"img-inner dark\" style=\"margin:0 0px 0px 0px;\">\n\t\t\t<img loading=\"lazy\" decoding=\"async\" width=\"1020\" height=\"717\" src=\"https:\/\/i0.wp.com\/www.dshop.ee\/wp-content\/uploads\/2022\/06\/K-J-Toome-7.jpg?fit=1020%2C717&amp;ssl=1\" class=\"attachment-large size-large\" alt=\"\" srcset=\"https:\/\/i0.wp.com\/www.dshop.ee\/wp-content\/uploads\/2022\/06\/K-J-Toome-7.jpg?w=1280&amp;ssl=1 1280w, https:\/\/i0.wp.com\/www.dshop.ee\/wp-content\/uploads\/2022\/06\/K-J-Toome-7.jpg?resize=569%2C400&amp;ssl=1 569w, https:\/\/i0.wp.com\/www.dshop.ee\/wp-content\/uploads\/2022\/06\/K-J-Toome-7.jpg?resize=1138%2C800&amp;ssl=1 1138w, https:\/\/i0.wp.com\/www.dshop.ee\/wp-content\/uploads\/2022\/06\/K-J-Toome-7.jpg?resize=768%2C540&amp;ssl=1 768w, https:\/\/i0.wp.com\/www.dshop.ee\/wp-content\/uploads\/2022\/06\/K-J-Toome-7.jpg?resize=247%2C174&amp;ssl=1 247w, https:\/\/i0.wp.com\/www.dshop.ee\/wp-content\/uploads\/2022\/06\/K-J-Toome-7.jpg?resize=510%2C359&amp;ssl=1 510w\" sizes=\"(max-width: 1020px) 100vw, 1020px\" \/>\t\t\t\t\t\t\n\t\t\t\t\t<\/div>\n\t\t\t\t\t\t<\/a>\t\t\n<style>\n#image_1306463795 {\n  width: 100%;\n}\n<\/style>\n\t<\/div>\n\t\n     <\/div>\n\n     <div class=\"loading-spin dark large centered\"><\/div>\n\n\t<\/div>\n\n\n\t<div id=\"stack-4203755047\" class=\"stack stack-col justify-center items-start\">\n\t\t\n<a rel=\"noopener noreferrer\" href=\"https:\/\/anovozilova.com\/\" target=\"_blank\" class=\"button primary show-for-small\"  style=\"padding:5px 20px 5px 20px;\">\n    <span>Learn more about projects<\/span>\n  <\/a>\n\n\t\t\n<style>\n#stack-4203755047 > * {\n  --stack-gap: 0rem;\n}\n<\/style>\n\t<\/div>\n\t\n\t\t<\/div>\n\t\t\t\t\t<\/div>\n\n\t\n\n<style>\n#row-1931729036 > .col > .col-inner {\n  padding: 0 0px 0px 0px;\n}\n<\/style>\n<\/div>\n\t<div id=\"gap-386656912\" class=\"gap-element clearfix\" style=\"display:block; height:auto;\">\n\t\t\n<style>\n#gap-386656912 {\n  padding-top: 30px;\n}\n<\/style>\n\t<\/div>\n\t\n<div class=\"is-divider divider clearfix\" style=\"max-width:100%;height:1px;\"><\/div>\n<h2><span style=\"font-size: 0%; color: #ffffff;\">Round table MORGAN \u2300120<\/span><\/h2>\n<div class=\"social-icons follow-icons full-width text-center\" ><a href=\"https:\/\/www.facebook.com\/anovozilovaa\" target=\"_blank\" rel=\"noopener noreferrer nofollow\" data-label=\"Facebook\" class=\"icon button circle is-outline facebook tooltip\" title=\"Follow on Facebook\" aria-label=\"Follow on Facebook\" ><i class=\"icon-facebook\" ><\/i><\/a><a href=\"https:\/\/www.instagram.com\/anovozilovaa\" target=\"_blank\" rel=\"noopener noreferrer nofollow\" data-label=\"Instagram\" class=\"icon button circle is-outline instagram tooltip\" title=\"Follow on Instagram\" aria-label=\"Follow on Instagram\" ><i class=\"icon-instagram\" ><\/i><\/a><a href=\"mailto:info@dshop.ee\" data-label=\"E-mail\" target=\"_blank\" rel=\"nofollow\" class=\"icon button circle is-outline email tooltip\" title=\"Send us an email\" aria-label=\"Send us an email\" ><i class=\"icon-envelop\" ><\/i><\/a><\/div>\n<h2><span style=\"font-size: 0%; color: #ffffff;\">Round table MORGAN \u2300120<\/span><\/h2>\n<h5 style=\"text-align: center;\"><em><span style=\"font-size: 75%;\">The color of the product shown in the picture may vary slightly, and the information in the description is general, therefore not all product characteristics may be mentioned. If you have any questions, we always look forward to your call at +372 56949250 or email to <a href=\"mailto:info@dshop.ee\">info@dshop.ee<\/a><\/span><\/em><\/h5>\n<h2><span style=\"font-size: 0%; color: #ffffff;\">Round table MORGAN \u2300120<\/span><\/h2>\n<p>&nbsp;<\/p>\n","protected":false},"excerpt":{"rendered":"<hr \/>\n<ul>\n<li>The table top is laminated from MDF<\/li>\n<li>The table frame is painted metal<\/li>\n<li>Finish: Golden Oak \/ black<\/li>\n<li>It is delivered disassembled<\/li>\n<\/ul>\n<hr \/>\n<p><strong>Specification<\/strong><br \/>\nWeight (kg): 28<br \/>\nHeight (cm): 78<br \/>\nDiameter (cm): 120<br \/>\nMaterial: MDF<\/p>\n<hr \/>\n<p><strong>Delivery time: <\/strong>4-8 weeks<\/p>\n","protected":false},"featured_media":3508,"comment_status":"open","ping_status":"closed","template":"","meta":[],"product_cat":[169,185],"product_tag":[144,210,215],"class_list":["post-3499","product","type-product","status-publish","has-post-thumbnail","hentry","product_cat-tables-and-chairs","product_cat-dining-tables","product_tag-all-for-home","product_tag-coffe-tables","product_tag-small-tables"],"yoast_head":"<!-- This site is optimized with the Yoast SEO plugin v21.5 - https:\/\/yoast.com\/wordpress\/plugins\/seo\/ -->\n<title>Round table MORGAN \u2300120 - D.SHOP - cozy and modern home<\/title>\n<meta name=\"description\" content=\"Round table MORGAN \u2300120 - The table top is laminated from MDF. The table frame is painted metal. Finish: Golden Oak \/ black\" \/>\n<meta name=\"robots\" content=\"index, follow, max-snippet:-1, max-image-preview:large, max-video-preview:-1\" \/>\n<link rel=\"canonical\" href=\"https:\/\/www.dshop.ee\/en\/product\/round-table-morgan-%e2%8c%80120\/\" \/>\n<meta property=\"og:locale\" content=\"en_US\" \/>\n<meta property=\"og:type\" content=\"article\" \/>\n<meta property=\"og:title\" content=\"Round table MORGAN \u2300120 - D.SHOP - cozy and modern home\" \/>\n<meta property=\"og:description\" content=\"Round table MORGAN \u2300120 - The table top is laminated from MDF. The table frame is painted metal. Finish: Golden Oak \/ black\" \/>\n<meta property=\"og:url\" content=\"https:\/\/www.dshop.ee\/en\/product\/round-table-morgan-%e2%8c%80120\/\" \/>\n<meta property=\"og:site_name\" content=\"D.SHOP\" \/>\n<meta property=\"article:publisher\" content=\"https:\/\/www.facebook.com\/anovozilovaa\" \/>\n<meta property=\"article:modified_time\" content=\"2022-06-07T11:32:19+00:00\" \/>\n<meta property=\"og:image\" content=\"https:\/\/i0.wp.com\/www.dshop.ee\/wp-content\/uploads\/2022\/06\/Morgan-laud-2.jpeg?fit=701%2C800&ssl=1\" \/>\n\t<meta property=\"og:image:width\" content=\"701\" \/>\n\t<meta property=\"og:image:height\" content=\"800\" \/>\n\t<meta property=\"og:image:type\" content=\"image\/jpeg\" \/>\n<meta name=\"twitter:card\" content=\"summary_large_image\" \/>\n<meta name=\"twitter:label1\" content=\"Est. reading time\" \/>\n\t<meta name=\"twitter:data1\" content=\"2 minutes\" \/>\n<script type=\"application\/ld+json\" class=\"yoast-schema-graph\">{\"@context\":\"https:\/\/schema.org\",\"@graph\":[{\"@type\":\"WebPage\",\"@id\":\"https:\/\/www.dshop.ee\/en\/product\/round-table-morgan-%e2%8c%80120\/\",\"url\":\"https:\/\/www.dshop.ee\/en\/product\/round-table-morgan-%e2%8c%80120\/\",\"name\":\"Round table MORGAN \u2300120 - D.SHOP - cozy and modern home\",\"isPartOf\":{\"@id\":\"https:\/\/www.dshop.ee\/en\/#website\"},\"datePublished\":\"2022-06-07T11:20:16+00:00\",\"dateModified\":\"2022-06-07T11:32:19+00:00\",\"description\":\"Round table MORGAN \u2300120 - The table top is laminated from MDF. The table frame is painted metal. Finish: Golden Oak \/ black\",\"breadcrumb\":{\"@id\":\"https:\/\/www.dshop.ee\/en\/product\/round-table-morgan-%e2%8c%80120\/#breadcrumb\"},\"inLanguage\":\"en-US\",\"potentialAction\":[{\"@type\":\"ReadAction\",\"target\":[\"https:\/\/www.dshop.ee\/en\/product\/round-table-morgan-%e2%8c%80120\/\"]}]},{\"@type\":\"BreadcrumbList\",\"@id\":\"https:\/\/www.dshop.ee\/en\/product\/round-table-morgan-%e2%8c%80120\/#breadcrumb\",\"itemListElement\":[{\"@type\":\"ListItem\",\"position\":1,\"name\":\"Home\",\"item\":\"https:\/\/dshop.ee\/en\/\"},{\"@type\":\"ListItem\",\"position\":2,\"name\":\"Shop\",\"item\":\"https:\/\/www.dshop.ee\/en\/shop\/\"},{\"@type\":\"ListItem\",\"position\":3,\"name\":\"Round table MORGAN | \u2300120\"}]},{\"@type\":\"WebSite\",\"@id\":\"https:\/\/www.dshop.ee\/en\/#website\",\"url\":\"https:\/\/www.dshop.ee\/en\/\",\"name\":\"D.SHOP\",\"description\":\"We are ready to help make a home of your dreams. So cozy and all yours.\",\"publisher\":{\"@id\":\"https:\/\/www.dshop.ee\/en\/#organization\"},\"potentialAction\":[{\"@type\":\"SearchAction\",\"target\":{\"@type\":\"EntryPoint\",\"urlTemplate\":\"https:\/\/www.dshop.ee\/en\/?s={search_term_string}\"},\"query-input\":\"required name=search_term_string\"}],\"inLanguage\":\"en-US\"},{\"@type\":\"Organization\",\"@id\":\"https:\/\/www.dshop.ee\/en\/#organization\",\"name\":\"D.SHOP\",\"url\":\"https:\/\/www.dshop.ee\/en\/\",\"logo\":{\"@type\":\"ImageObject\",\"inLanguage\":\"en-US\",\"@id\":\"https:\/\/www.dshop.ee\/en\/#\/schema\/logo\/image\/\",\"url\":\"https:\/\/i0.wp.com\/www.dshop.ee\/wp-content\/uploads\/2022\/05\/Dshop-logo-300-2.jpg?fit=300%2C188&ssl=1\",\"contentUrl\":\"https:\/\/i0.wp.com\/www.dshop.ee\/wp-content\/uploads\/2022\/05\/Dshop-logo-300-2.jpg?fit=300%2C188&ssl=1\",\"width\":300,\"height\":188,\"caption\":\"D.SHOP\"},\"image\":{\"@id\":\"https:\/\/www.dshop.ee\/en\/#\/schema\/logo\/image\/\"},\"sameAs\":[\"https:\/\/www.facebook.com\/anovozilovaa\",\"https:\/\/www.instagram.com\/anovozilovaa\/\"]}]}<\/script>\n<!-- \/ Yoast SEO plugin. -->","yoast_head_json":{"title":"Round table MORGAN \u2300120 - D.SHOP - cozy and modern home","description":"Round table MORGAN \u2300120 - The table top is laminated from MDF. The table frame is painted metal. Finish: Golden Oak \/ black","robots":{"index":"index","follow":"follow","max-snippet":"max-snippet:-1","max-image-preview":"max-image-preview:large","max-video-preview":"max-video-preview:-1"},"canonical":"https:\/\/www.dshop.ee\/en\/product\/round-table-morgan-%e2%8c%80120\/","og_locale":"en_US","og_type":"article","og_title":"Round table MORGAN \u2300120 - D.SHOP - cozy and modern home","og_description":"Round table MORGAN \u2300120 - The table top is laminated from MDF. The table frame is painted metal. Finish: Golden Oak \/ black","og_url":"https:\/\/www.dshop.ee\/en\/product\/round-table-morgan-%e2%8c%80120\/","og_site_name":"D.SHOP","article_publisher":"https:\/\/www.facebook.com\/anovozilovaa","article_modified_time":"2022-06-07T11:32:19+00:00","og_image":[{"width":701,"height":800,"url":"https:\/\/i0.wp.com\/www.dshop.ee\/wp-content\/uploads\/2022\/06\/Morgan-laud-2.jpeg?fit=701%2C800&ssl=1","type":"image\/jpeg"}],"twitter_card":"summary_large_image","twitter_misc":{"Est. reading time":"2 minutes"},"schema":{"@context":"https:\/\/schema.org","@graph":[{"@type":"WebPage","@id":"https:\/\/www.dshop.ee\/en\/product\/round-table-morgan-%e2%8c%80120\/","url":"https:\/\/www.dshop.ee\/en\/product\/round-table-morgan-%e2%8c%80120\/","name":"Round table MORGAN \u2300120 - D.SHOP - cozy and modern home","isPartOf":{"@id":"https:\/\/www.dshop.ee\/en\/#website"},"datePublished":"2022-06-07T11:20:16+00:00","dateModified":"2022-06-07T11:32:19+00:00","description":"Round table MORGAN \u2300120 - The table top is laminated from MDF. The table frame is painted metal. Finish: Golden Oak \/ black","breadcrumb":{"@id":"https:\/\/www.dshop.ee\/en\/product\/round-table-morgan-%e2%8c%80120\/#breadcrumb"},"inLanguage":"en-US","potentialAction":[{"@type":"ReadAction","target":["https:\/\/www.dshop.ee\/en\/product\/round-table-morgan-%e2%8c%80120\/"]}]},{"@type":"BreadcrumbList","@id":"https:\/\/www.dshop.ee\/en\/product\/round-table-morgan-%e2%8c%80120\/#breadcrumb","itemListElement":[{"@type":"ListItem","position":1,"name":"Home","item":"https:\/\/dshop.ee\/en\/"},{"@type":"ListItem","position":2,"name":"Shop","item":"https:\/\/www.dshop.ee\/en\/shop\/"},{"@type":"ListItem","position":3,"name":"Round table MORGAN | \u2300120"}]},{"@type":"WebSite","@id":"https:\/\/www.dshop.ee\/en\/#website","url":"https:\/\/www.dshop.ee\/en\/","name":"D.SHOP","description":"We are ready to help make a home of your dreams. So cozy and all yours.","publisher":{"@id":"https:\/\/www.dshop.ee\/en\/#organization"},"potentialAction":[{"@type":"SearchAction","target":{"@type":"EntryPoint","urlTemplate":"https:\/\/www.dshop.ee\/en\/?s={search_term_string}"},"query-input":"required name=search_term_string"}],"inLanguage":"en-US"},{"@type":"Organization","@id":"https:\/\/www.dshop.ee\/en\/#organization","name":"D.SHOP","url":"https:\/\/www.dshop.ee\/en\/","logo":{"@type":"ImageObject","inLanguage":"en-US","@id":"https:\/\/www.dshop.ee\/en\/#\/schema\/logo\/image\/","url":"https:\/\/i0.wp.com\/www.dshop.ee\/wp-content\/uploads\/2022\/05\/Dshop-logo-300-2.jpg?fit=300%2C188&ssl=1","contentUrl":"https:\/\/i0.wp.com\/www.dshop.ee\/wp-content\/uploads\/2022\/05\/Dshop-logo-300-2.jpg?fit=300%2C188&ssl=1","width":300,"height":188,"caption":"D.SHOP"},"image":{"@id":"https:\/\/www.dshop.ee\/en\/#\/schema\/logo\/image\/"},"sameAs":["https:\/\/www.facebook.com\/anovozilovaa","https:\/\/www.instagram.com\/anovozilovaa\/"]}]}},"jetpack-related-posts":[{"id":3046,"url":"https:\/\/www.dshop.ee\/en\/product\/table-with-lid-sasha-%e2%8c%8038cm\/","url_meta":{"origin":3499,"position":0},"title":"Table with lid SASHA | \u230038cm","date":"20.05.2022","format":false,"excerpt":"The table is made of cork and lacquered MDF board Legs made of black metal It is delivered disassembled Weight (kg): 5 Height (cm): 43 Diameter (cm): 38 Delivery time: 4-8 weeks","rel":"","context":"Similar post","img":{"alt_text":"","src":"https:\/\/i0.wp.com\/www.dshop.ee\/wp-content\/uploads\/2022\/05\/Laud-Sasha-5.jpeg?fit=655%2C800&ssl=1&resize=350%2C200","width":350,"height":200},"classes":[]},{"id":1822,"url":"https:\/\/www.dshop.ee\/toode\/kirjutuslaud-cloe-sinine-24zrla03\/","url_meta":{"origin":3499,"position":1},"title":"Kirjutuslaud CLOE | sinine 24ZRLA03","date":"02.05.2022","format":false,"excerpt":"Valmistatud kvaliteetsest lamineeritud kattega m\u00f6\u00f6bliplaadist 4 sahtlit Lauaraam ja k\u00e4epidemed on kuldset v\u00e4rvi metallist Viimistlus: sinine Tarnitakse detailidena M\u00f5\u00f5dud (LxSxK), cm: 120x50x95 Tarneaeg: 4-8 n\u00e4dalat","rel":"","context":"Similar post","img":{"alt_text":"","src":"https:\/\/i0.wp.com\/www.dshop.ee\/wp-content\/uploads\/2022\/05\/Cloe_laud-1.jpg?fit=1200%2C900&ssl=1&resize=350%2C200","width":350,"height":200},"classes":[]},{"id":1821,"url":"https:\/\/www.dshop.ee\/en\/product\/desk-cloe-blue-24zrla03\/","url_meta":{"origin":3499,"position":2},"title":"Desk CLOE | blue 24ZRLA03","date":"02.05.2022","format":false,"excerpt":"Made of high-quality laminated furniture plate 4 drawers The table frame and handles are made of gold-coloured metal Colour: Blue It is delivered disassembled. Dimensions (LxWxH), cm: 120x50x95 Delivery time: 4-8 weeks","rel":"","context":"Similar post","img":{"alt_text":"","src":"https:\/\/i0.wp.com\/www.dshop.ee\/wp-content\/uploads\/2022\/05\/Cloe_laud-1.jpg?fit=1200%2C900&ssl=1&resize=350%2C200","width":350,"height":200},"classes":[]},{"id":4633,"url":"https:\/\/www.dshop.ee\/en\/product\/extendable-dining-table-dello-100-129-cm\/","url_meta":{"origin":3499,"position":3},"title":"Extendable dining table DELLO 100-129 cm | white","date":"05.08.2022","format":false,"excerpt":"Tabletop: MDF Frame made of wood Width: 70cm Length: 100 -129cm Colour: white It is delivered disassembled Weight (kg): 27 Total height: 75 cm Width: 70 cm Length: 100 (129) cm Material: MDF Delivery time: 2-4 weeks","rel":"","context":"Similar post","img":{"alt_text":"","src":"https:\/\/i0.wp.com\/www.dshop.ee\/wp-content\/uploads\/2022\/08\/DELLO_valge_100x70-1.jpg?fit=800%2C600&ssl=1&resize=350%2C200","width":350,"height":200},"classes":[]},{"id":4926,"url":"https:\/\/www.dshop.ee\/en\/product\/bedside-table-monako-bluvel-14-velvet-grey\/","url_meta":{"origin":3499,"position":4},"title":"Bedside table MONAKO Bluvel 14 | velvet grey","date":"22.08.2022","format":false,"excerpt":"The bedside table is covered with a grey velvet fabric 2 drawers Legs and handles made of gold-coloured metal Weight (kg): 15 Height (cm): 56 Width (cm): 36 Length (cm): 53 Material: Velvet Delivery time: 4-8 weeks","rel":"","context":"Similar post","img":{"alt_text":"","src":"https:\/\/i0.wp.com\/www.dshop.ee\/wp-content\/uploads\/2022\/08\/Monako_VELVET_hall_1.jpg?fit=549%2C460&ssl=1&resize=350%2C200","width":350,"height":200},"classes":[]},{"id":2980,"url":"https:\/\/www.dshop.ee\/en\/product\/bedside-table-monako-bluvel-52-pink-velvet\/","url_meta":{"origin":3499,"position":5},"title":"Bedside table MONAKO Bluvel 52 | pink velvet","date":"12.05.2022","format":false,"excerpt":"The bedside table is covered with a pink velvet fabric 2 drawers Legs and handles made of gold-coloured metal Weight (kg): 15 Height (cm): 56 Width (cm): 36 Length (cm): 53 Material: Velvet Delivery time: 4-8 weeks","rel":"","context":"Similar post","img":{"alt_text":"","src":"https:\/\/i0.wp.com\/www.dshop.ee\/wp-content\/uploads\/2022\/05\/Monako_VELVET_rozowy_1.jpg?fit=800%2C600&ssl=1&resize=350%2C200","width":350,"height":200},"classes":[]}],"_links":{"self":[{"href":"https:\/\/www.dshop.ee\/en\/wp-json\/wp\/v2\/product\/3499"}],"collection":[{"href":"https:\/\/www.dshop.ee\/en\/wp-json\/wp\/v2\/product"}],"about":[{"href":"https:\/\/www.dshop.ee\/en\/wp-json\/wp\/v2\/types\/product"}],"replies":[{"embeddable":true,"href":"https:\/\/www.dshop.ee\/en\/wp-json\/wp\/v2\/comments?post=3499"}],"wp:featuredmedia":[{"embeddable":true,"href":"https:\/\/www.dshop.ee\/en\/wp-json\/wp\/v2\/media\/3508"}],"wp:attachment":[{"href":"https:\/\/www.dshop.ee\/en\/wp-json\/wp\/v2\/media?parent=3499"}],"wp:term":[{"taxonomy":"product_cat","embeddable":true,"href":"https:\/\/www.dshop.ee\/en\/wp-json\/wp\/v2\/product_cat?post=3499"},{"taxonomy":"product_tag","embeddable":true,"href":"https:\/\/www.dshop.ee\/en\/wp-json\/wp\/v2\/product_tag?post=3499"}],"curies":[{"name":"wp","href":"https:\/\/api.w.org\/{rel}","templated":true}]}}