{"id":4744,"date":"2022-08-12T16:50:46","date_gmt":"2022-08-12T13:50:46","guid":{"rendered":"https:\/\/dshop.ee\/?post_type=product&#038;p=4744"},"modified":"2022-08-12T16:57:54","modified_gmt":"2022-08-12T13:57:54","slug":"carpet-heaven-800-jade","status":"publish","type":"product","link":"https:\/\/www.dshop.ee\/en\/product\/carpet-heaven-800-jade\/","title":{"rendered":"Carpet Heaven | 800 Jade"},"content":{"rendered":"<div class=\"is-divider divider clearfix\" style=\"max-width:100%;height:1px;\"><\/div>\n<div class=\"row row-collapse row-full-width align-middle\"  id=\"row-522414635\">\n\n\t<div id=\"col-1948640269\" class=\"col medium-5 small-12 large-5\"  >\n\t\t\t\t<div class=\"col-inner\"  >\n\t\t\t\n\t\t\t\n<div class=\"container section-title-container\" ><h3 class=\"section-title section-title-bold\"><b><\/b><span class=\"section-title-main\" >View in the project<\/span><b><\/b><\/h3><\/div>\n<div class=\"row row-full-width\"  id=\"row-843004253\">\n\n\t<div id=\"col-125943482\" class=\"col medium-6 small-6 large-6\"  >\n\t\t\t\t<div class=\"col-inner\"  >\n\t\t\t\n\t<div class=\"is-border\"\n\t\tstyle=\"border-color:rgb(61, 173, 153);border-width:0px 0px 0px 1px;\">\n\t<\/div>\n\t\t\t\n\t<div id=\"text-2582584257\" class=\"text\">\n\t\t\n<p class=\"elementor-icon-box-title\">City:<\/p>\n<h3 class=\"elementor-icon-box-description\">Kohtla-J\u00e4rve<\/h3>\n\t\t\n<style>\n#text-2582584257 {\n  text-align: left;\n}\n<\/style>\n\t<\/div>\n\t\n\t\t<\/div>\n\t\t\t\t\n<style>\n#col-125943482 > .col-inner {\n  padding: 0px 0px 0px 10px;\n}\n<\/style>\n\t<\/div>\n\n\t\n\n\t<div id=\"col-889044256\" class=\"col medium-6 small-6 large-6\"  >\n\t\t\t\t<div class=\"col-inner\"  >\n\t\t\t\n\t<div class=\"is-border\"\n\t\tstyle=\"border-color:rgb(61, 173, 153);border-width:0px 0px 0px 1px;\">\n\t<\/div>\n\t\t\t\n\t<div id=\"text-2070149177\" class=\"text\">\n\t\t\n<p class=\"elementor-icon-box-title\">City:<\/p>\n<h3 class=\"elementor-icon-box-description\">ESTONIA<\/h3>\n\t\t\n<style>\n#text-2070149177 {\n  text-align: left;\n}\n<\/style>\n\t<\/div>\n\t\n\t\t<\/div>\n\t\t\t\t\n<style>\n#col-889044256 > .col-inner {\n  padding: 0px 0px 0px 10px;\n}\n<\/style>\n\t<\/div>\n\n\t\n\n\t<div id=\"col-1757659622\" class=\"col medium-6 small-6 large-6\"  >\n\t\t\t\t<div class=\"col-inner\"  >\n\t\t\t\n\t<div class=\"is-border\"\n\t\tstyle=\"border-color:rgb(61, 173, 153);border-width:0px 0px 0px 1px;\">\n\t<\/div>\n\t\t\t\n\t<div id=\"text-1750294964\" class=\"text\">\n\t\t\n<p class=\"elementor-icon-box-title\">Year:<\/p>\n<h3 class=\"elementor-icon-box-description\">2021<\/h3>\n\t\t\n<style>\n#text-1750294964 {\n  text-align: left;\n}\n<\/style>\n\t<\/div>\n\t\n\t\t<\/div>\n\t\t\t\t\n<style>\n#col-1757659622 > .col-inner {\n  padding: 0px 0px 0px 10px;\n}\n<\/style>\n\t<\/div>\n\n\t\n\n\t<div id=\"col-1427965158\" class=\"col medium-6 small-6 large-6\"  >\n\t\t\t\t<div class=\"col-inner\"  >\n\t\t\t\n\t<div class=\"is-border\"\n\t\tstyle=\"border-color:rgb(61, 173, 153);border-width:0px 0px 0px 1px;\">\n\t<\/div>\n\t\t\t\n\t<div id=\"text-2187094192\" class=\"text\">\n\t\t\n<p class=\"elementor-icon-box-title\">Type of room:<\/p>\n<h3 class=\"elementor-icon-box-description\">Bed room<\/h3>\n\t\t\n<style>\n#text-2187094192 {\n  text-align: left;\n}\n<\/style>\n\t<\/div>\n\t\n\t\t<\/div>\n\t\t\t\t\n<style>\n#col-1427965158 > .col-inner {\n  padding: 0px 0px 0px 10px;\n}\n<\/style>\n\t<\/div>\n\n\t\n<\/div>\n\t<div id=\"stack-3661062030\" class=\"stack hide-for-small stack-col justify-center items-start\">\n\t\t\n<a rel=\"noopener noreferrer\" href=\"https:\/\/anovozilova.com\/\" target=\"_blank\" class=\"button primary hide-for-small\"  style=\"padding:5px 15px 5px 15px;\">\n    <span>Learn more about projects<\/span>\n  <\/a>\n\n\t\t\n<style>\n#stack-3661062030 > * {\n  --stack-gap: 0rem;\n}\n<\/style>\n\t<\/div>\n\t\n\t\t<\/div>\n\t\t\t\t\t<\/div>\n\n\t\n\n\t<div id=\"col-1180052603\" class=\"col medium-7 small-12 large-7\"  >\n\t\t\t\t<div class=\"col-inner\"  >\n\t\t\t\n\t\t\t\n\t<div id=\"stack-4168073874\" class=\"stack stack-col justify-center items-start\">\n\t\t\n<a rel=\"noopener noreferrer\" href=\"https:\/\/anovozilova.com\/\" target=\"_blank\" class=\"button primary show-for-small\"  style=\"padding:5px 20px 5px 20px;\">\n    <span>Learn more about projects<\/span>\n  <\/a>\n\n\t\t\n<style>\n#stack-4168073874 > * {\n  --stack-gap: 0rem;\n}\n<\/style>\n\t<\/div>\n\t\n<div class=\"slider-wrapper relative\" id=\"slider-1378561290\" >\n    <div class=\"slider slider-nav-dots-dashes-spaced slider-nav-circle slider-nav-large slider-nav-light slider-style-normal\"\n        data-flickity-options='{\n            \"cellAlign\": \"center\",\n            \"imagesLoaded\": true,\n            \"lazyLoad\": 1,\n            \"freeScroll\": false,\n            \"wrapAround\": true,\n            \"autoPlay\": 6000,\n            \"pauseAutoPlayOnHover\" : true,\n            \"prevNextButtons\": true,\n            \"contain\" : true,\n            \"adaptiveHeight\" : true,\n            \"dragThreshold\" : 10,\n            \"percentPosition\": true,\n            \"pageDots\": true,\n            \"rightToLeft\": false,\n            \"draggable\": true,\n            \"selectedAttraction\": 0.1,\n            \"parallax\" : 0,\n            \"friction\": 0.6        }'\n        >\n        \n\t<div class=\"img has-hover x md-x lg-x y md-y lg-y\" id=\"image_204891853\">\n\t\t<a class=\"image-lightbox lightbox-gallery\" title=\"\" href=\"https:\/\/i0.wp.com\/dshop.ee\/wp-content\/uploads\/2022\/08\/Puru-tee-spalnja-v1_2.jpg?fit=1020%2C717&ssl=1\">\t\t\t\t\t\t<div class=\"img-inner dark\" style=\"margin:0 0px 0px 0px;\">\n\t\t\t<img loading=\"lazy\" decoding=\"async\" width=\"1020\" height=\"717\" src=\"https:\/\/i0.wp.com\/dshop.ee\/wp-content\/uploads\/2022\/08\/Puru-tee-spalnja-v1_2.jpg?fit=1020%2C717&amp;ssl=1\" class=\"attachment-large size-large\" alt=\"\" srcset=\"https:\/\/i0.wp.com\/dshop.ee\/wp-content\/uploads\/2022\/08\/Puru-tee-spalnja-v1_2.jpg?w=1280&amp;ssl=1 1280w, https:\/\/i0.wp.com\/dshop.ee\/wp-content\/uploads\/2022\/08\/Puru-tee-spalnja-v1_2.jpg?resize=569%2C400&amp;ssl=1 569w, https:\/\/i0.wp.com\/dshop.ee\/wp-content\/uploads\/2022\/08\/Puru-tee-spalnja-v1_2.jpg?resize=1138%2C800&amp;ssl=1 1138w, https:\/\/i0.wp.com\/dshop.ee\/wp-content\/uploads\/2022\/08\/Puru-tee-spalnja-v1_2.jpg?resize=768%2C540&amp;ssl=1 768w, https:\/\/i0.wp.com\/dshop.ee\/wp-content\/uploads\/2022\/08\/Puru-tee-spalnja-v1_2.jpg?resize=247%2C174&amp;ssl=1 247w, https:\/\/i0.wp.com\/dshop.ee\/wp-content\/uploads\/2022\/08\/Puru-tee-spalnja-v1_2.jpg?resize=510%2C359&amp;ssl=1 510w\" sizes=\"(max-width: 1020px) 100vw, 1020px\" \/>\t\t\t\t\t\t\n\t\t\t\t\t<\/div>\n\t\t\t\t\t\t<\/a>\t\t\n<style>\n#image_204891853 {\n  width: 100%;\n}\n<\/style>\n\t<\/div>\n\t\n\t<div class=\"img has-hover x md-x lg-x y md-y lg-y\" id=\"image_1759850522\">\n\t\t<a class=\"image-lightbox lightbox-gallery\" title=\"\" href=\"https:\/\/i0.wp.com\/dshop.ee\/wp-content\/uploads\/2022\/08\/Puru-tee-spalnja-v1_4.jpg?fit=1020%2C717&ssl=1\">\t\t\t\t\t\t<div class=\"img-inner dark\" style=\"margin:0 0px 0px 0px;\">\n\t\t\t<img loading=\"lazy\" decoding=\"async\" width=\"1020\" height=\"717\" src=\"https:\/\/i0.wp.com\/dshop.ee\/wp-content\/uploads\/2022\/08\/Puru-tee-spalnja-v1_4.jpg?fit=1020%2C717&amp;ssl=1\" class=\"attachment-large size-large\" alt=\"\" srcset=\"https:\/\/i0.wp.com\/dshop.ee\/wp-content\/uploads\/2022\/08\/Puru-tee-spalnja-v1_4.jpg?w=1280&amp;ssl=1 1280w, https:\/\/i0.wp.com\/dshop.ee\/wp-content\/uploads\/2022\/08\/Puru-tee-spalnja-v1_4.jpg?resize=569%2C400&amp;ssl=1 569w, https:\/\/i0.wp.com\/dshop.ee\/wp-content\/uploads\/2022\/08\/Puru-tee-spalnja-v1_4.jpg?resize=1138%2C800&amp;ssl=1 1138w, https:\/\/i0.wp.com\/dshop.ee\/wp-content\/uploads\/2022\/08\/Puru-tee-spalnja-v1_4.jpg?resize=768%2C540&amp;ssl=1 768w, https:\/\/i0.wp.com\/dshop.ee\/wp-content\/uploads\/2022\/08\/Puru-tee-spalnja-v1_4.jpg?resize=247%2C174&amp;ssl=1 247w, https:\/\/i0.wp.com\/dshop.ee\/wp-content\/uploads\/2022\/08\/Puru-tee-spalnja-v1_4.jpg?resize=510%2C359&amp;ssl=1 510w\" sizes=\"(max-width: 1020px) 100vw, 1020px\" \/>\t\t\t\t\t\t\n\t\t\t\t\t<\/div>\n\t\t\t\t\t\t<\/a>\t\t\n<style>\n#image_1759850522 {\n  width: 100%;\n}\n<\/style>\n\t<\/div>\n\t\n\t<div class=\"img has-hover x md-x lg-x y md-y lg-y\" id=\"image_1089470429\">\n\t\t<a class=\"image-lightbox lightbox-gallery\" title=\"\" href=\"https:\/\/i0.wp.com\/dshop.ee\/wp-content\/uploads\/2022\/08\/Puru-tee-spalnja-v1_1.jpg?fit=1020%2C717&ssl=1\">\t\t\t\t\t\t<div class=\"img-inner dark\" style=\"margin:0 0px 0px 0px;\">\n\t\t\t<img loading=\"lazy\" decoding=\"async\" width=\"1020\" height=\"717\" src=\"https:\/\/i0.wp.com\/dshop.ee\/wp-content\/uploads\/2022\/08\/Puru-tee-spalnja-v1_1.jpg?fit=1020%2C717&amp;ssl=1\" class=\"attachment-large size-large\" alt=\"\" srcset=\"https:\/\/i0.wp.com\/dshop.ee\/wp-content\/uploads\/2022\/08\/Puru-tee-spalnja-v1_1.jpg?w=1280&amp;ssl=1 1280w, https:\/\/i0.wp.com\/dshop.ee\/wp-content\/uploads\/2022\/08\/Puru-tee-spalnja-v1_1.jpg?resize=569%2C400&amp;ssl=1 569w, https:\/\/i0.wp.com\/dshop.ee\/wp-content\/uploads\/2022\/08\/Puru-tee-spalnja-v1_1.jpg?resize=1138%2C800&amp;ssl=1 1138w, https:\/\/i0.wp.com\/dshop.ee\/wp-content\/uploads\/2022\/08\/Puru-tee-spalnja-v1_1.jpg?resize=768%2C540&amp;ssl=1 768w, https:\/\/i0.wp.com\/dshop.ee\/wp-content\/uploads\/2022\/08\/Puru-tee-spalnja-v1_1.jpg?resize=247%2C174&amp;ssl=1 247w, https:\/\/i0.wp.com\/dshop.ee\/wp-content\/uploads\/2022\/08\/Puru-tee-spalnja-v1_1.jpg?resize=510%2C359&amp;ssl=1 510w\" sizes=\"(max-width: 1020px) 100vw, 1020px\" \/>\t\t\t\t\t\t\n\t\t\t\t\t<\/div>\n\t\t\t\t\t\t<\/a>\t\t\n<style>\n#image_1089470429 {\n  width: 100%;\n}\n<\/style>\n\t<\/div>\n\t\n\t<div class=\"img has-hover x md-x lg-x y md-y lg-y\" id=\"image_246028264\">\n\t\t<a class=\"image-lightbox lightbox-gallery\" title=\"\" href=\"https:\/\/i0.wp.com\/dshop.ee\/wp-content\/uploads\/2022\/08\/Puru-tee-spalnja-v1_5.jpg?fit=1020%2C717&ssl=1\">\t\t\t\t\t\t<div class=\"img-inner dark\" style=\"margin:0 0px 0px 0px;\">\n\t\t\t<img loading=\"lazy\" decoding=\"async\" width=\"1020\" height=\"717\" src=\"https:\/\/i0.wp.com\/dshop.ee\/wp-content\/uploads\/2022\/08\/Puru-tee-spalnja-v1_5.jpg?fit=1020%2C717&amp;ssl=1\" class=\"attachment-large size-large\" alt=\"\" srcset=\"https:\/\/i0.wp.com\/dshop.ee\/wp-content\/uploads\/2022\/08\/Puru-tee-spalnja-v1_5.jpg?w=1280&amp;ssl=1 1280w, https:\/\/i0.wp.com\/dshop.ee\/wp-content\/uploads\/2022\/08\/Puru-tee-spalnja-v1_5.jpg?resize=569%2C400&amp;ssl=1 569w, https:\/\/i0.wp.com\/dshop.ee\/wp-content\/uploads\/2022\/08\/Puru-tee-spalnja-v1_5.jpg?resize=1138%2C800&amp;ssl=1 1138w, https:\/\/i0.wp.com\/dshop.ee\/wp-content\/uploads\/2022\/08\/Puru-tee-spalnja-v1_5.jpg?resize=768%2C540&amp;ssl=1 768w, https:\/\/i0.wp.com\/dshop.ee\/wp-content\/uploads\/2022\/08\/Puru-tee-spalnja-v1_5.jpg?resize=247%2C174&amp;ssl=1 247w, https:\/\/i0.wp.com\/dshop.ee\/wp-content\/uploads\/2022\/08\/Puru-tee-spalnja-v1_5.jpg?resize=510%2C359&amp;ssl=1 510w\" sizes=\"(max-width: 1020px) 100vw, 1020px\" \/>\t\t\t\t\t\t\n\t\t\t\t\t<\/div>\n\t\t\t\t\t\t<\/a>\t\t\n<style>\n#image_246028264 {\n  width: 100%;\n}\n<\/style>\n\t<\/div>\n\t\n     <\/div>\n\n     <div class=\"loading-spin dark large centered\"><\/div>\n\n\t<\/div>\n\n\n\t\t<\/div>\n\t\t\t\t\t<\/div>\n\n\t\n\n<style>\n#row-522414635 > .col > .col-inner {\n  padding: 0 0px 0px 0px;\n}\n<\/style>\n<\/div>\n<h2><span style=\"font-size: 0%; color: #ffffff;\">Carpet Heaven 800 Silver<\/span><\/h2>\n<div class=\"social-icons follow-icons full-width text-center\" ><a href=\"https:\/\/www.facebook.com\/anovozilovaa\" target=\"_blank\" rel=\"noopener noreferrer nofollow\" data-label=\"Facebook\" class=\"icon button circle is-outline facebook tooltip\" title=\"Follow on Facebook\" aria-label=\"Follow on Facebook\" ><i class=\"icon-facebook\" ><\/i><\/a><a href=\"https:\/\/www.instagram.com\/anovozilovaa\" target=\"_blank\" rel=\"noopener noreferrer nofollow\" data-label=\"Instagram\" class=\"icon button circle is-outline instagram tooltip\" title=\"Follow on Instagram\" aria-label=\"Follow on Instagram\" ><i class=\"icon-instagram\" ><\/i><\/a><a href=\"mailto:info@dshop.ee\" data-label=\"E-mail\" target=\"_blank\" rel=\"nofollow\" class=\"icon button circle is-outline email tooltip\" title=\"Send us an email\" aria-label=\"Send us an email\" ><i class=\"icon-envelop\" ><\/i><\/a><\/div>\n<h2><span style=\"font-size: 0%; color: #ffffff;\">Carpet Heaven 800 Silver<\/span><\/h2>\n<h5 style=\"text-align: center;\"><em><span style=\"font-size: 75%;\">The color of the product shown in the picture may vary slightly, and the information in the description is general, therefore not all product characteristics may be mentioned. If you have any questions, we always look forward to your call at +372 56949250 or email to <a href=\"mailto:info@dshop.ee\">info@dshop.ee<\/a><\/span><\/em><\/h5>\n<h2><span style=\"font-size: 0%; color: #ffffff;\">Carpet Heaven 800 Silver<\/span><\/h2>\n<p>&nbsp;<\/p>\n","protected":false},"excerpt":{"rendered":"<hr \/>\n<p>When you want to treat your home to a little touch of heaven you&#8217;ve come to the right place. The shaggy high pile faux hide adds the warm and cosy touch to your home that makes you never want to leave. All you need to do now is choose which colour you want to try first and you&#8217;re all set.<\/p>\n<hr \/>\n<p><strong>Pile:<\/strong> 100 % Polyester<br \/>\n<strong>Total Height:<\/strong> \u00b1 39 mm<br \/>\n<strong>Specials:<\/strong> Power Loomed, Super Soft Polyester, Soft Touch, High Density,<br \/>\nHigh Pile, Cotton Backing<br \/>\n<strong>B\u0435\u0441:<\/strong> \u00b1 2 900 g\/m\u00b2<br \/>\n<strong>Finishing:<\/strong> net tap<br \/>\n<strong>Colour:<\/strong> Ivory<\/p>\n<hr \/>\n<p><strong>Delivery time: <\/strong>2-3 weeks<\/p>\n","protected":false},"featured_media":4778,"comment_status":"open","ping_status":"closed","template":"","meta":[],"product_cat":[117,142,364],"product_tag":[144,378,145],"class_list":["post-4744","product","type-product","status-publish","has-post-thumbnail","hentry","product_cat-accessories","product_cat-rugs","product_cat-carpets-for-kids","product_tag-all-for-home","product_tag-carpets-for-kids","product_tag-rugs"],"yoast_head":"<!-- This site is optimized with the Yoast SEO plugin v21.5 - https:\/\/yoast.com\/wordpress\/plugins\/seo\/ -->\n<title>Carpet Heaven 800 Jade - D.SHOP - cozy modern home<\/title>\n<meta name=\"description\" content=\"Carpet Heaven 800 Jade - When you want to treat your home to a little touch of heaven you&#039;ve come to the right place.\" \/>\n<meta name=\"robots\" content=\"index, follow, max-snippet:-1, max-image-preview:large, max-video-preview:-1\" \/>\n<link rel=\"canonical\" href=\"https:\/\/www.dshop.ee\/en\/product\/carpet-heaven-800-jade\/\" \/>\n<meta property=\"og:locale\" content=\"en_US\" \/>\n<meta property=\"og:type\" content=\"article\" \/>\n<meta property=\"og:title\" content=\"Carpet Heaven 800 Jade - D.SHOP - cozy modern home\" \/>\n<meta property=\"og:description\" content=\"Carpet Heaven 800 Jade - When you want to treat your home to a little touch of heaven you&#039;ve come to the right place.\" \/>\n<meta property=\"og:url\" content=\"https:\/\/www.dshop.ee\/en\/product\/carpet-heaven-800-jade\/\" \/>\n<meta property=\"og:site_name\" content=\"D.SHOP\" \/>\n<meta property=\"article:publisher\" content=\"https:\/\/www.facebook.com\/anovozilovaa\" \/>\n<meta property=\"article:modified_time\" content=\"2022-08-12T13:57:54+00:00\" \/>\n<meta property=\"og:image\" content=\"https:\/\/i0.wp.com\/www.dshop.ee\/wp-content\/uploads\/2022\/08\/Heaven-HEA800-jade-2.jpg?fit=1248%2C971&ssl=1\" \/>\n\t<meta property=\"og:image:width\" content=\"1248\" \/>\n\t<meta property=\"og:image:height\" content=\"971\" \/>\n\t<meta property=\"og:image:type\" content=\"image\/jpeg\" \/>\n<meta name=\"twitter:card\" content=\"summary_large_image\" \/>\n<meta name=\"twitter:label1\" content=\"Est. reading time\" \/>\n\t<meta name=\"twitter:data1\" content=\"2 minutes\" \/>\n<script type=\"application\/ld+json\" class=\"yoast-schema-graph\">{\"@context\":\"https:\/\/schema.org\",\"@graph\":[{\"@type\":\"WebPage\",\"@id\":\"https:\/\/www.dshop.ee\/en\/product\/carpet-heaven-800-jade\/\",\"url\":\"https:\/\/www.dshop.ee\/en\/product\/carpet-heaven-800-jade\/\",\"name\":\"Carpet Heaven 800 Jade - D.SHOP - cozy modern home\",\"isPartOf\":{\"@id\":\"https:\/\/dshop.ee\/en\/#website\"},\"datePublished\":\"2022-08-12T13:50:46+00:00\",\"dateModified\":\"2022-08-12T13:57:54+00:00\",\"description\":\"Carpet Heaven 800 Jade - When you want to treat your home to a little touch of heaven you've come to the right place.\",\"breadcrumb\":{\"@id\":\"https:\/\/www.dshop.ee\/en\/product\/carpet-heaven-800-jade\/#breadcrumb\"},\"inLanguage\":\"en-US\",\"potentialAction\":[{\"@type\":\"ReadAction\",\"target\":[\"https:\/\/www.dshop.ee\/en\/product\/carpet-heaven-800-jade\/\"]}]},{\"@type\":\"BreadcrumbList\",\"@id\":\"https:\/\/www.dshop.ee\/en\/product\/carpet-heaven-800-jade\/#breadcrumb\",\"itemListElement\":[{\"@type\":\"ListItem\",\"position\":1,\"name\":\"Home\",\"item\":\"https:\/\/dshop.ee\/en\/\"},{\"@type\":\"ListItem\",\"position\":2,\"name\":\"Shop\",\"item\":\"https:\/\/dshop.ee\/en\/shop\/\"},{\"@type\":\"ListItem\",\"position\":3,\"name\":\"Carpet Heaven | 800 Jade\"}]},{\"@type\":\"WebSite\",\"@id\":\"https:\/\/dshop.ee\/en\/#website\",\"url\":\"https:\/\/dshop.ee\/en\/\",\"name\":\"D.SHOP\",\"description\":\"We are ready to help make a home of your dreams. So cozy and all yours.\",\"publisher\":{\"@id\":\"https:\/\/dshop.ee\/en\/#organization\"},\"potentialAction\":[{\"@type\":\"SearchAction\",\"target\":{\"@type\":\"EntryPoint\",\"urlTemplate\":\"https:\/\/dshop.ee\/en\/?s={search_term_string}\"},\"query-input\":\"required name=search_term_string\"}],\"inLanguage\":\"en-US\"},{\"@type\":\"Organization\",\"@id\":\"https:\/\/dshop.ee\/en\/#organization\",\"name\":\"D.SHOP\",\"url\":\"https:\/\/dshop.ee\/en\/\",\"logo\":{\"@type\":\"ImageObject\",\"inLanguage\":\"en-US\",\"@id\":\"https:\/\/dshop.ee\/en\/#\/schema\/logo\/image\/\",\"url\":\"https:\/\/i0.wp.com\/www.dshop.ee\/wp-content\/uploads\/2022\/05\/Dshop-logo-300-2.jpg?fit=300%2C188&ssl=1\",\"contentUrl\":\"https:\/\/i0.wp.com\/www.dshop.ee\/wp-content\/uploads\/2022\/05\/Dshop-logo-300-2.jpg?fit=300%2C188&ssl=1\",\"width\":300,\"height\":188,\"caption\":\"D.SHOP\"},\"image\":{\"@id\":\"https:\/\/dshop.ee\/en\/#\/schema\/logo\/image\/\"},\"sameAs\":[\"https:\/\/www.facebook.com\/anovozilovaa\",\"https:\/\/www.instagram.com\/anovozilovaa\/\"]}]}<\/script>\n<!-- \/ Yoast SEO plugin. -->","yoast_head_json":{"title":"Carpet Heaven 800 Jade - D.SHOP - cozy modern home","description":"Carpet Heaven 800 Jade - When you want to treat your home to a little touch of heaven you've come to the right place.","robots":{"index":"index","follow":"follow","max-snippet":"max-snippet:-1","max-image-preview":"max-image-preview:large","max-video-preview":"max-video-preview:-1"},"canonical":"https:\/\/www.dshop.ee\/en\/product\/carpet-heaven-800-jade\/","og_locale":"en_US","og_type":"article","og_title":"Carpet Heaven 800 Jade - D.SHOP - cozy modern home","og_description":"Carpet Heaven 800 Jade - When you want to treat your home to a little touch of heaven you've come to the right place.","og_url":"https:\/\/www.dshop.ee\/en\/product\/carpet-heaven-800-jade\/","og_site_name":"D.SHOP","article_publisher":"https:\/\/www.facebook.com\/anovozilovaa","article_modified_time":"2022-08-12T13:57:54+00:00","og_image":[{"width":1248,"height":971,"url":"https:\/\/i0.wp.com\/www.dshop.ee\/wp-content\/uploads\/2022\/08\/Heaven-HEA800-jade-2.jpg?fit=1248%2C971&ssl=1","type":"image\/jpeg"}],"twitter_card":"summary_large_image","twitter_misc":{"Est. reading time":"2 minutes"},"schema":{"@context":"https:\/\/schema.org","@graph":[{"@type":"WebPage","@id":"https:\/\/www.dshop.ee\/en\/product\/carpet-heaven-800-jade\/","url":"https:\/\/www.dshop.ee\/en\/product\/carpet-heaven-800-jade\/","name":"Carpet Heaven 800 Jade - D.SHOP - cozy modern home","isPartOf":{"@id":"https:\/\/dshop.ee\/en\/#website"},"datePublished":"2022-08-12T13:50:46+00:00","dateModified":"2022-08-12T13:57:54+00:00","description":"Carpet Heaven 800 Jade - When you want to treat your home to a little touch of heaven you've come to the right place.","breadcrumb":{"@id":"https:\/\/www.dshop.ee\/en\/product\/carpet-heaven-800-jade\/#breadcrumb"},"inLanguage":"en-US","potentialAction":[{"@type":"ReadAction","target":["https:\/\/www.dshop.ee\/en\/product\/carpet-heaven-800-jade\/"]}]},{"@type":"BreadcrumbList","@id":"https:\/\/www.dshop.ee\/en\/product\/carpet-heaven-800-jade\/#breadcrumb","itemListElement":[{"@type":"ListItem","position":1,"name":"Home","item":"https:\/\/dshop.ee\/en\/"},{"@type":"ListItem","position":2,"name":"Shop","item":"https:\/\/dshop.ee\/en\/shop\/"},{"@type":"ListItem","position":3,"name":"Carpet Heaven | 800 Jade"}]},{"@type":"WebSite","@id":"https:\/\/dshop.ee\/en\/#website","url":"https:\/\/dshop.ee\/en\/","name":"D.SHOP","description":"We are ready to help make a home of your dreams. So cozy and all yours.","publisher":{"@id":"https:\/\/dshop.ee\/en\/#organization"},"potentialAction":[{"@type":"SearchAction","target":{"@type":"EntryPoint","urlTemplate":"https:\/\/dshop.ee\/en\/?s={search_term_string}"},"query-input":"required name=search_term_string"}],"inLanguage":"en-US"},{"@type":"Organization","@id":"https:\/\/dshop.ee\/en\/#organization","name":"D.SHOP","url":"https:\/\/dshop.ee\/en\/","logo":{"@type":"ImageObject","inLanguage":"en-US","@id":"https:\/\/dshop.ee\/en\/#\/schema\/logo\/image\/","url":"https:\/\/i0.wp.com\/www.dshop.ee\/wp-content\/uploads\/2022\/05\/Dshop-logo-300-2.jpg?fit=300%2C188&ssl=1","contentUrl":"https:\/\/i0.wp.com\/www.dshop.ee\/wp-content\/uploads\/2022\/05\/Dshop-logo-300-2.jpg?fit=300%2C188&ssl=1","width":300,"height":188,"caption":"D.SHOP"},"image":{"@id":"https:\/\/dshop.ee\/en\/#\/schema\/logo\/image\/"},"sameAs":["https:\/\/www.facebook.com\/anovozilovaa","https:\/\/www.instagram.com\/anovozilovaa\/"]}]}},"jetpack-related-posts":[{"id":1822,"url":"https:\/\/www.dshop.ee\/toode\/kirjutuslaud-cloe-sinine-24zrla03\/","url_meta":{"origin":4744,"position":0},"title":"Kirjutuslaud CLOE | sinine 24ZRLA03","date":"02.05.2022","format":false,"excerpt":"Valmistatud kvaliteetsest lamineeritud kattega m\u00f6\u00f6bliplaadist 4 sahtlit Lauaraam ja k\u00e4epidemed on kuldset v\u00e4rvi metallist Viimistlus: sinine Tarnitakse detailidena M\u00f5\u00f5dud (LxSxK), cm: 120x50x95 Tarneaeg: 4-8 n\u00e4dalat","rel":"","context":"Similar post","img":{"alt_text":"","src":"https:\/\/i0.wp.com\/dshop.ee\/wp-content\/uploads\/2022\/05\/Cloe_laud-1.jpg?fit=1200%2C900&ssl=1&resize=350%2C200","width":350,"height":200},"classes":[]},{"id":4553,"url":"https:\/\/www.dshop.ee\/en\/product\/carpet-heaven-800-silver\/","url_meta":{"origin":4744,"position":1},"title":"Carpet Heaven | 800 Silver","date":"05.08.2022","format":false,"excerpt":"When you want to treat your home to a little touch of heaven you've come to the right place. The shaggy high pile faux hide adds the warm and cosy touch to your home that makes you never want to leave. All you need to do now is choose which\u2026","rel":"","context":"Similar post","img":{"alt_text":"","src":"https:\/\/i0.wp.com\/dshop.ee\/wp-content\/uploads\/2022\/08\/Heaven-HEA-800-silver-3.jpg?fit=1200%2C934&ssl=1&resize=350%2C200","width":350,"height":200},"classes":[]},{"id":3346,"url":"https:\/\/www.dshop.ee\/en\/product\/office-chair-slorino-pink\/","url_meta":{"origin":4744,"position":2},"title":"Office chair Slorino | pink","date":"01.06.2022","format":false,"excerpt":"Color:\u00a0Pink Seat height:\u00a044-54cm Material:\u00a0Polyester\/metal\/wood Width:\u00a058.00 cm Heigh:\u00a088.00 cm Lenght:\u00a062.00 cm Weight:\u00a010 kg Delivery time: 4-8 weeks","rel":"","context":"Similar post","img":{"alt_text":"","src":"https:\/\/i0.wp.com\/dshop.ee\/wp-content\/uploads\/2022\/06\/Kontoritool-Slorino-3.jpg?fit=1000%2C1000&ssl=1&resize=350%2C200","width":350,"height":200},"classes":[]},{"id":4100,"url":"https:\/\/www.dshop.ee\/toode\/vaip-heaven-800-ivory\/","url_meta":{"origin":4744,"position":3},"title":"Vaip Heaven | 800 Ivory","date":"11.07.2022","format":false,"excerpt":"V\u00e4ga pehme vaip sarjast Heaven, kohev ja vastupidav. Kui soovite oma kodule natuke paradiisi kinkida, olete j\u00f5udnud \u00f5igesse kohta. Pehme, k\u00f5rge vaiaga vaip annab Teie kodule sooja ja hubase tunde, mis ei tekita kunagi soovi lahkuda. K\u00f5ik, mida peate n\u00fc\u00fcd tegema, on valida, millist v\u00e4rvi soovite k\u00f5igepealt proovida. Karus: 100%\u2026","rel":"","context":"Similar post","img":{"alt_text":"","src":"https:\/\/i0.wp.com\/dshop.ee\/wp-content\/uploads\/2022\/07\/Heaven-HEA-800-ivory-3.jpg?fit=1000%2C667&ssl=1&resize=350%2C200","width":350,"height":200},"classes":[]},{"id":3046,"url":"https:\/\/www.dshop.ee\/en\/product\/table-with-lid-sasha-%e2%8c%8038cm\/","url_meta":{"origin":4744,"position":4},"title":"Table with lid SASHA | \u230038cm","date":"20.05.2022","format":false,"excerpt":"The table is made of cork and lacquered MDF board Legs made of black metal It is delivered disassembled Weight (kg): 5 Height (cm): 43 Diameter (cm): 38 Delivery time: 4-8 weeks","rel":"","context":"Similar post","img":{"alt_text":"","src":"https:\/\/i0.wp.com\/dshop.ee\/wp-content\/uploads\/2022\/05\/Laud-Sasha-5.jpeg?fit=655%2C800&ssl=1&resize=350%2C200","width":350,"height":200},"classes":[]},{"id":4561,"url":"https:\/\/www.dshop.ee\/toode\/vaip-heaven-800-silver\/","url_meta":{"origin":4744,"position":5},"title":"Vaip Heaven | 800 Silver","date":"05.08.2022","format":false,"excerpt":"V\u00e4ga pehme vaip sarjast Heaven, kohev ja vastupidav. Kui soovite oma kodule natuke paradiisi kinkida, olete j\u00f5udnud \u00f5igesse kohta. Pehme, k\u00f5rge vaiaga vaip annab Teie kodule sooja ja hubase tunde, mis ei tekita kunagi soovi lahkuda. K\u00f5ik, mida peate n\u00fc\u00fcd tegema, on valida, millist v\u00e4rvi soovite k\u00f5igepealt proovida. Karus: 100%\u2026","rel":"","context":"Similar post","img":{"alt_text":"","src":"https:\/\/i0.wp.com\/dshop.ee\/wp-content\/uploads\/2022\/08\/Heaven-HEA-800-silver-3.jpg?fit=1200%2C934&ssl=1&resize=350%2C200","width":350,"height":200},"classes":[]}],"_links":{"self":[{"href":"https:\/\/www.dshop.ee\/en\/wp-json\/wp\/v2\/product\/4744"}],"collection":[{"href":"https:\/\/www.dshop.ee\/en\/wp-json\/wp\/v2\/product"}],"about":[{"href":"https:\/\/www.dshop.ee\/en\/wp-json\/wp\/v2\/types\/product"}],"replies":[{"embeddable":true,"href":"https:\/\/www.dshop.ee\/en\/wp-json\/wp\/v2\/comments?post=4744"}],"wp:featuredmedia":[{"embeddable":true,"href":"https:\/\/www.dshop.ee\/en\/wp-json\/wp\/v2\/media\/4778"}],"wp:attachment":[{"href":"https:\/\/www.dshop.ee\/en\/wp-json\/wp\/v2\/media?parent=4744"}],"wp:term":[{"taxonomy":"product_cat","embeddable":true,"href":"https:\/\/www.dshop.ee\/en\/wp-json\/wp\/v2\/product_cat?post=4744"},{"taxonomy":"product_tag","embeddable":true,"href":"https:\/\/www.dshop.ee\/en\/wp-json\/wp\/v2\/product_tag?post=4744"}],"curies":[{"name":"wp","href":"https:\/\/api.w.org\/{rel}","templated":true}]}}