{"id":4926,"date":"2022-08-22T11:22:50","date_gmt":"2022-08-22T08:22:50","guid":{"rendered":"https:\/\/dshop.ee\/?post_type=product&#038;p=4926"},"modified":"2022-08-22T11:33:13","modified_gmt":"2022-08-22T08:33:13","slug":"bedside-table-monako-bluvel-14-velvet-grey","status":"publish","type":"product","link":"https:\/\/www.dshop.ee\/en\/product\/bedside-table-monako-bluvel-14-velvet-grey\/","title":{"rendered":"Bedside table MONAKO Bluvel 14 | velvet grey"},"content":{"rendered":"<div class=\"is-divider divider clearfix\" style=\"max-width:100%;height:1px;\"><\/div>\n<div class=\"row row-collapse row-full-width align-middle\"  id=\"row-1053934999\">\n\n\t<div id=\"col-362243066\" class=\"col medium-5 small-12 large-5\"  >\n\t\t\t\t<div class=\"col-inner\"  >\n\t\t\t\n\t\t\t\n<div class=\"container section-title-container\" ><h3 class=\"section-title section-title-bold\"><b><\/b><span class=\"section-title-main\" >View in the project<\/span><b><\/b><\/h3><\/div>\n<div class=\"row row-full-width\"  id=\"row-688142961\">\n\n\t<div id=\"col-1742638188\" class=\"col medium-6 small-6 large-6\"  >\n\t\t\t\t<div class=\"col-inner\"  >\n\t\t\t\n\t<div class=\"is-border\"\n\t\tstyle=\"border-color:rgb(61, 173, 153);border-width:0px 0px 0px 1px;\">\n\t<\/div>\n\t\t\t\n\t<div id=\"text-480559809\" class=\"text\">\n\t\t\n<p class=\"elementor-icon-box-title\">City:<\/p>\n<h3 class=\"elementor-icon-box-description\">TALLINN<\/h3>\n\t\t\n<style>\n#text-480559809 {\n  text-align: left;\n}\n<\/style>\n\t<\/div>\n\t\n\t\t<\/div>\n\t\t\t\t\n<style>\n#col-1742638188 > .col-inner {\n  padding: 0px 0px 0px 10px;\n}\n<\/style>\n\t<\/div>\n\n\t\n\n\t<div id=\"col-1388376486\" class=\"col medium-6 small-6 large-6\"  >\n\t\t\t\t<div class=\"col-inner\"  >\n\t\t\t\n\t<div class=\"is-border\"\n\t\tstyle=\"border-color:rgb(61, 173, 153);border-width:0px 0px 0px 1px;\">\n\t<\/div>\n\t\t\t\n\t<div id=\"text-1760399112\" class=\"text\">\n\t\t\n<p class=\"elementor-icon-box-title\">Country:<\/p>\n<h3 class=\"elementor-icon-box-description\">ESTONIA<\/h3>\n\t\t\n<style>\n#text-1760399112 {\n  text-align: left;\n}\n<\/style>\n\t<\/div>\n\t\n\t\t<\/div>\n\t\t\t\t\n<style>\n#col-1388376486 > .col-inner {\n  padding: 0px 0px 0px 10px;\n}\n<\/style>\n\t<\/div>\n\n\t\n\n\t<div id=\"col-1818874105\" class=\"col medium-6 small-6 large-6\"  >\n\t\t\t\t<div class=\"col-inner\"  >\n\t\t\t\n\t<div class=\"is-border\"\n\t\tstyle=\"border-color:rgb(61, 173, 153);border-width:0px 0px 0px 1px;\">\n\t<\/div>\n\t\t\t\n\t<div id=\"text-1612521889\" class=\"text\">\n\t\t\n<p class=\"elementor-icon-box-title\">Year:<\/p>\n<h3 class=\"elementor-icon-box-description\">2021<\/h3>\n\t\t\n<style>\n#text-1612521889 {\n  text-align: left;\n}\n<\/style>\n\t<\/div>\n\t\n\t\t<\/div>\n\t\t\t\t\n<style>\n#col-1818874105 > .col-inner {\n  padding: 0px 0px 0px 10px;\n}\n<\/style>\n\t<\/div>\n\n\t\n\n\t<div id=\"col-1608947924\" class=\"col medium-6 small-6 large-6\"  >\n\t\t\t\t<div class=\"col-inner\"  >\n\t\t\t\n\t<div class=\"is-border\"\n\t\tstyle=\"border-color:rgb(61, 173, 153);border-width:0px 0px 0px 1px;\">\n\t<\/div>\n\t\t\t\n\t<div id=\"text-2842124789\" class=\"text\">\n\t\t\n<p class=\"elementor-icon-box-title\">Type of room:<\/p>\n<h3 class=\"elementor-icon-box-description\">Bedroom<\/h3>\n\t\t\n<style>\n#text-2842124789 {\n  text-align: left;\n}\n<\/style>\n\t<\/div>\n\t\n\t\t<\/div>\n\t\t\t\t\n<style>\n#col-1608947924 > .col-inner {\n  padding: 0px 0px 0px 10px;\n}\n<\/style>\n\t<\/div>\n\n\t\n<\/div>\n\t<div id=\"stack-1855197915\" class=\"stack hide-for-small stack-col justify-center items-start\">\n\t\t\n<a rel=\"noopener noreferrer\" href=\"https:\/\/anovozilova.com\/ru\/\" target=\"_blank\" class=\"button primary hide-for-small\"  style=\"padding:5px 15px 5px 15px;\">\n    <span>Learn more about projects<\/span>\n  <\/a>\n\n\t\t\n<style>\n#stack-1855197915 > * {\n  --stack-gap: 0rem;\n}\n<\/style>\n\t<\/div>\n\t\n\t\t<\/div>\n\t\t\t\t\t<\/div>\n\n\t\n\n\t<div id=\"col-743379159\" class=\"col medium-7 small-12 large-7\"  >\n\t\t\t\t<div class=\"col-inner\"  >\n\t\t\t\n\t\t\t\n<div class=\"slider-wrapper relative\" id=\"slider-1737383429\" >\n    <div class=\"slider slider-nav-dots-dashes-spaced slider-nav-circle slider-nav-large slider-nav-light slider-style-normal\"\n        data-flickity-options='{\n            \"cellAlign\": \"center\",\n            \"imagesLoaded\": true,\n            \"lazyLoad\": 1,\n            \"freeScroll\": false,\n            \"wrapAround\": true,\n            \"autoPlay\": 6000,\n            \"pauseAutoPlayOnHover\" : true,\n            \"prevNextButtons\": true,\n            \"contain\" : true,\n            \"adaptiveHeight\" : true,\n            \"dragThreshold\" : 10,\n            \"percentPosition\": true,\n            \"pageDots\": true,\n            \"rightToLeft\": false,\n            \"draggable\": true,\n            \"selectedAttraction\": 0.1,\n            \"parallax\" : 0,\n            \"friction\": 0.6        }'\n        >\n        \n\t<div class=\"img has-hover x md-x lg-x y md-y lg-y\" id=\"image_750440777\">\n\t\t<a class=\"image-lightbox lightbox-gallery\" title=\"\" href=\"https:\/\/i0.wp.com\/www.dshop.ee\/wp-content\/uploads\/2022\/08\/TLN-Paldiski_FIN_spalnja_1-2.jpg?fit=1020%2C765&ssl=1\">\t\t\t\t\t\t<div class=\"img-inner dark\" style=\"margin:0 0px 0px 0px;\">\n\t\t\t<img loading=\"lazy\" decoding=\"async\" width=\"1020\" height=\"765\" src=\"https:\/\/i0.wp.com\/www.dshop.ee\/wp-content\/uploads\/2022\/08\/TLN-Paldiski_FIN_spalnja_1-2.jpg?fit=1020%2C765&amp;ssl=1\" class=\"attachment-large size-large\" alt=\"\" srcset=\"https:\/\/i0.wp.com\/www.dshop.ee\/wp-content\/uploads\/2022\/08\/TLN-Paldiski_FIN_spalnja_1-2.jpg?w=1600&amp;ssl=1 1600w, https:\/\/i0.wp.com\/www.dshop.ee\/wp-content\/uploads\/2022\/08\/TLN-Paldiski_FIN_spalnja_1-2.jpg?resize=533%2C400&amp;ssl=1 533w, https:\/\/i0.wp.com\/www.dshop.ee\/wp-content\/uploads\/2022\/08\/TLN-Paldiski_FIN_spalnja_1-2.jpg?resize=1067%2C800&amp;ssl=1 1067w, https:\/\/i0.wp.com\/www.dshop.ee\/wp-content\/uploads\/2022\/08\/TLN-Paldiski_FIN_spalnja_1-2.jpg?resize=768%2C576&amp;ssl=1 768w, https:\/\/i0.wp.com\/www.dshop.ee\/wp-content\/uploads\/2022\/08\/TLN-Paldiski_FIN_spalnja_1-2.jpg?resize=1536%2C1152&amp;ssl=1 1536w, https:\/\/i0.wp.com\/www.dshop.ee\/wp-content\/uploads\/2022\/08\/TLN-Paldiski_FIN_spalnja_1-2.jpg?resize=247%2C185&amp;ssl=1 247w, https:\/\/i0.wp.com\/www.dshop.ee\/wp-content\/uploads\/2022\/08\/TLN-Paldiski_FIN_spalnja_1-2.jpg?resize=510%2C383&amp;ssl=1 510w\" sizes=\"(max-width: 1020px) 100vw, 1020px\" \/>\t\t\t\t\t\t\n\t\t\t\t\t<\/div>\n\t\t\t\t\t\t<\/a>\t\t\n<style>\n#image_750440777 {\n  width: 100%;\n}\n<\/style>\n\t<\/div>\n\t\n\t<div class=\"img has-hover x md-x lg-x y md-y lg-y\" id=\"image_1768825898\">\n\t\t<a class=\"image-lightbox lightbox-gallery\" title=\"\" href=\"https:\/\/i0.wp.com\/www.dshop.ee\/wp-content\/uploads\/2022\/08\/TLN-Paldiski_FIN_spalnja_1-1.jpg?fit=1020%2C765&ssl=1\">\t\t\t\t\t\t<div class=\"img-inner dark\" style=\"margin:0 0px 0px 0px;\">\n\t\t\t<img loading=\"lazy\" decoding=\"async\" width=\"1020\" height=\"765\" src=\"https:\/\/i0.wp.com\/www.dshop.ee\/wp-content\/uploads\/2022\/08\/TLN-Paldiski_FIN_spalnja_1-1.jpg?fit=1020%2C765&amp;ssl=1\" class=\"attachment-large size-large\" alt=\"\" srcset=\"https:\/\/i0.wp.com\/www.dshop.ee\/wp-content\/uploads\/2022\/08\/TLN-Paldiski_FIN_spalnja_1-1.jpg?w=1600&amp;ssl=1 1600w, https:\/\/i0.wp.com\/www.dshop.ee\/wp-content\/uploads\/2022\/08\/TLN-Paldiski_FIN_spalnja_1-1.jpg?resize=533%2C400&amp;ssl=1 533w, https:\/\/i0.wp.com\/www.dshop.ee\/wp-content\/uploads\/2022\/08\/TLN-Paldiski_FIN_spalnja_1-1.jpg?resize=1067%2C800&amp;ssl=1 1067w, https:\/\/i0.wp.com\/www.dshop.ee\/wp-content\/uploads\/2022\/08\/TLN-Paldiski_FIN_spalnja_1-1.jpg?resize=768%2C576&amp;ssl=1 768w, https:\/\/i0.wp.com\/www.dshop.ee\/wp-content\/uploads\/2022\/08\/TLN-Paldiski_FIN_spalnja_1-1.jpg?resize=1536%2C1152&amp;ssl=1 1536w, https:\/\/i0.wp.com\/www.dshop.ee\/wp-content\/uploads\/2022\/08\/TLN-Paldiski_FIN_spalnja_1-1.jpg?resize=247%2C185&amp;ssl=1 247w, https:\/\/i0.wp.com\/www.dshop.ee\/wp-content\/uploads\/2022\/08\/TLN-Paldiski_FIN_spalnja_1-1.jpg?resize=510%2C383&amp;ssl=1 510w\" sizes=\"(max-width: 1020px) 100vw, 1020px\" \/>\t\t\t\t\t\t\n\t\t\t\t\t<\/div>\n\t\t\t\t\t\t<\/a>\t\t\n<style>\n#image_1768825898 {\n  width: 100%;\n}\n<\/style>\n\t<\/div>\n\t\n\t<div class=\"img has-hover x md-x lg-x y md-y lg-y\" id=\"image_81296778\">\n\t\t<a class=\"image-lightbox lightbox-gallery\" title=\"\" href=\"https:\/\/i0.wp.com\/www.dshop.ee\/wp-content\/uploads\/2022\/08\/TLN-Paldiski_FIN_spalnja_1-3.jpg?fit=1020%2C765&ssl=1\">\t\t\t\t\t\t<div class=\"img-inner dark\" style=\"margin:0 0px 0px 0px;\">\n\t\t\t<img loading=\"lazy\" decoding=\"async\" width=\"1020\" height=\"765\" src=\"https:\/\/i0.wp.com\/www.dshop.ee\/wp-content\/uploads\/2022\/08\/TLN-Paldiski_FIN_spalnja_1-3.jpg?fit=1020%2C765&amp;ssl=1\" class=\"attachment-large size-large\" alt=\"\" srcset=\"https:\/\/i0.wp.com\/www.dshop.ee\/wp-content\/uploads\/2022\/08\/TLN-Paldiski_FIN_spalnja_1-3.jpg?w=1600&amp;ssl=1 1600w, https:\/\/i0.wp.com\/www.dshop.ee\/wp-content\/uploads\/2022\/08\/TLN-Paldiski_FIN_spalnja_1-3.jpg?resize=533%2C400&amp;ssl=1 533w, https:\/\/i0.wp.com\/www.dshop.ee\/wp-content\/uploads\/2022\/08\/TLN-Paldiski_FIN_spalnja_1-3.jpg?resize=1067%2C800&amp;ssl=1 1067w, https:\/\/i0.wp.com\/www.dshop.ee\/wp-content\/uploads\/2022\/08\/TLN-Paldiski_FIN_spalnja_1-3.jpg?resize=768%2C576&amp;ssl=1 768w, https:\/\/i0.wp.com\/www.dshop.ee\/wp-content\/uploads\/2022\/08\/TLN-Paldiski_FIN_spalnja_1-3.jpg?resize=1536%2C1152&amp;ssl=1 1536w, https:\/\/i0.wp.com\/www.dshop.ee\/wp-content\/uploads\/2022\/08\/TLN-Paldiski_FIN_spalnja_1-3.jpg?resize=247%2C185&amp;ssl=1 247w, https:\/\/i0.wp.com\/www.dshop.ee\/wp-content\/uploads\/2022\/08\/TLN-Paldiski_FIN_spalnja_1-3.jpg?resize=510%2C383&amp;ssl=1 510w\" sizes=\"(max-width: 1020px) 100vw, 1020px\" \/>\t\t\t\t\t\t\n\t\t\t\t\t<\/div>\n\t\t\t\t\t\t<\/a>\t\t\n<style>\n#image_81296778 {\n  width: 100%;\n}\n<\/style>\n\t<\/div>\n\t\n     <\/div>\n\n     <div class=\"loading-spin dark large centered\"><\/div>\n\n\t<\/div>\n\n\n\t<div id=\"stack-1662162398\" class=\"stack stack-col justify-center items-start\">\n\t\t\n<a rel=\"noopener noreferrer\" href=\"https:\/\/anovozilova.com\/ru\/\" target=\"_blank\" class=\"button primary show-for-small\"  style=\"padding:5px 20px 5px 20px;\">\n    <span>Learn more about projects<\/span>\n  <\/a>\n\n\t\t\n<style>\n#stack-1662162398 > * {\n  --stack-gap: 0rem;\n}\n<\/style>\n\t<\/div>\n\t\n\t\t<\/div>\n\t\t\t\t\t<\/div>\n\n\t\n\n<style>\n#row-1053934999 > .col > .col-inner {\n  padding: 0 0px 0px 0px;\n}\n<\/style>\n<\/div>\n\t<div id=\"gap-840913986\" class=\"gap-element clearfix\" style=\"display:block; height:auto;\">\n\t\t\n<style>\n#gap-840913986 {\n  padding-top: 30px;\n}\n<\/style>\n\t<\/div>\n\t\n<div class=\"social-icons follow-icons full-width text-center\" ><a href=\"https:\/\/www.facebook.com\/anovozilovaa\" target=\"_blank\" rel=\"noopener noreferrer nofollow\" data-label=\"Facebook\" class=\"icon button circle is-outline facebook tooltip\" title=\"Follow on Facebook\" aria-label=\"Follow on Facebook\" ><i class=\"icon-facebook\" ><\/i><\/a><a href=\"https:\/\/www.instagram.com\/anovozilovaa\" target=\"_blank\" rel=\"noopener noreferrer nofollow\" data-label=\"Instagram\" class=\"icon button circle is-outline instagram tooltip\" title=\"Follow on Instagram\" aria-label=\"Follow on Instagram\" ><i class=\"icon-instagram\" ><\/i><\/a><a href=\"mailto:info@dshop.ee\" data-label=\"E-mail\" target=\"_blank\" rel=\"nofollow\" class=\"icon button circle is-outline email tooltip\" title=\"Send us an email\" aria-label=\"Send us an email\" ><i class=\"icon-envelop\" ><\/i><\/a><\/div>\n<h2><span style=\"font-size: 0%; color: #ffffff;\">Bedside table MONAKO Bluvel 14 velvet grey<\/span><\/h2>\n<h5 style=\"text-align: center;\"><em><span style=\"font-size: 75%;\">The color of the product shown in the picture may vary slightly, and the information in the description is general, therefore not all product characteristics may be mentioned. If you have any questions, we always look forward to your call at +372 56949250 or email to <a href=\"mailto:info@dshop.ee\">info@dshop.ee<\/a><\/span><\/em><\/h5>\n<h2><span style=\"font-size: 0%; color: #ffffff;\">Bedside table MONAKO Bluvel 14 velvet grey<\/span><\/h2>\n<h2><span style=\"font-size: 0%; color: #ffffff;\">Bedside table MONAKO Bluvel 14 velvet grey<\/span><\/h2>\n","protected":false},"excerpt":{"rendered":"<hr \/>\n<ul>\n<li>The bedside table is covered with a grey velvet fabric<\/li>\n<li>2 drawers<\/li>\n<li>Legs and handles made of gold-coloured metal<\/li>\n<\/ul>\n<hr \/>\n<p><strong>Weight (kg):<\/strong> 15<br \/>\n<strong>Height (cm):<\/strong> 56<br \/>\n<strong>Width (cm):<\/strong> 36<br \/>\n<strong>Length (cm):<\/strong> 53<br \/>\n<strong>Material:<\/strong> Velvet<\/p>\n<hr \/>\n<p><strong>Delivery time:<\/strong> 4-8 weeks<\/p>\n","protected":false},"featured_media":4938,"comment_status":"open","ping_status":"closed","template":"","meta":[],"product_cat":[111,246,166,249],"product_tag":[144,252,243,215],"class_list":["post-4926","product","type-product","status-publish","has-post-thumbnail","hentry","product_cat-furniture","product_cat-dressing-tables","product_cat-benches-and-bullshit","product_cat-bedside-tables","product_tag-all-for-home","product_tag-bedside-table","product_tag-dressing-table","product_tag-small-tables"],"yoast_head":"<!-- This site is optimized with the Yoast SEO plugin v21.5 - https:\/\/yoast.com\/wordpress\/plugins\/seo\/ -->\n<title>Bedside table MONAKO Bluvel 14 velvet grey - D.SHOP - cozy modern<\/title>\n<meta name=\"description\" content=\"Bedside table MONAKO Bluvel 14 velvet grey - with two drawers. Comfortably place all the necessary items and small things.\" \/>\n<meta name=\"robots\" content=\"index, follow, max-snippet:-1, max-image-preview:large, max-video-preview:-1\" \/>\n<link rel=\"canonical\" href=\"https:\/\/www.dshop.ee\/en\/product\/bedside-table-monako-bluvel-14-velvet-grey\/\" \/>\n<meta property=\"og:locale\" content=\"en_US\" \/>\n<meta property=\"og:type\" content=\"article\" \/>\n<meta property=\"og:title\" content=\"Bedside table MONAKO Bluvel 14 velvet grey - D.SHOP - cozy modern\" \/>\n<meta property=\"og:description\" content=\"Bedside table MONAKO Bluvel 14 velvet grey - with two drawers. Comfortably place all the necessary items and small things.\" \/>\n<meta property=\"og:url\" content=\"https:\/\/www.dshop.ee\/en\/product\/bedside-table-monako-bluvel-14-velvet-grey\/\" \/>\n<meta property=\"og:site_name\" content=\"D.SHOP\" \/>\n<meta property=\"article:publisher\" content=\"https:\/\/www.facebook.com\/anovozilovaa\" \/>\n<meta property=\"article:modified_time\" content=\"2022-08-22T08:33:13+00:00\" \/>\n<meta property=\"og:image\" content=\"https:\/\/i0.wp.com\/www.dshop.ee\/wp-content\/uploads\/2022\/08\/Monako_VELVET_hall_1.jpg?fit=549%2C460&ssl=1\" \/>\n\t<meta property=\"og:image:width\" content=\"549\" \/>\n\t<meta property=\"og:image:height\" content=\"460\" \/>\n\t<meta property=\"og:image:type\" content=\"image\/jpeg\" \/>\n<meta name=\"twitter:card\" content=\"summary_large_image\" \/>\n<meta name=\"twitter:label1\" content=\"Est. reading time\" \/>\n\t<meta name=\"twitter:data1\" content=\"2 minutes\" \/>\n<script type=\"application\/ld+json\" class=\"yoast-schema-graph\">{\"@context\":\"https:\/\/schema.org\",\"@graph\":[{\"@type\":\"WebPage\",\"@id\":\"https:\/\/www.dshop.ee\/en\/product\/bedside-table-monako-bluvel-14-velvet-grey\/\",\"url\":\"https:\/\/www.dshop.ee\/en\/product\/bedside-table-monako-bluvel-14-velvet-grey\/\",\"name\":\"Bedside table MONAKO Bluvel 14 velvet grey - D.SHOP - cozy modern\",\"isPartOf\":{\"@id\":\"https:\/\/www.dshop.ee\/en\/#website\"},\"datePublished\":\"2022-08-22T08:22:50+00:00\",\"dateModified\":\"2022-08-22T08:33:13+00:00\",\"description\":\"Bedside table MONAKO Bluvel 14 velvet grey - with two drawers. Comfortably place all the necessary items and small things.\",\"breadcrumb\":{\"@id\":\"https:\/\/www.dshop.ee\/en\/product\/bedside-table-monako-bluvel-14-velvet-grey\/#breadcrumb\"},\"inLanguage\":\"en-US\",\"potentialAction\":[{\"@type\":\"ReadAction\",\"target\":[\"https:\/\/www.dshop.ee\/en\/product\/bedside-table-monako-bluvel-14-velvet-grey\/\"]}]},{\"@type\":\"BreadcrumbList\",\"@id\":\"https:\/\/www.dshop.ee\/en\/product\/bedside-table-monako-bluvel-14-velvet-grey\/#breadcrumb\",\"itemListElement\":[{\"@type\":\"ListItem\",\"position\":1,\"name\":\"Home\",\"item\":\"https:\/\/dshop.ee\/en\/\"},{\"@type\":\"ListItem\",\"position\":2,\"name\":\"Shop\",\"item\":\"https:\/\/dshop.ee\/en\/shop\/\"},{\"@type\":\"ListItem\",\"position\":3,\"name\":\"Bedside table MONAKO Bluvel 14 | velvet grey\"}]},{\"@type\":\"WebSite\",\"@id\":\"https:\/\/www.dshop.ee\/en\/#website\",\"url\":\"https:\/\/www.dshop.ee\/en\/\",\"name\":\"D.SHOP\",\"description\":\"We are ready to help make a home of your dreams. So cozy and all yours.\",\"publisher\":{\"@id\":\"https:\/\/www.dshop.ee\/en\/#organization\"},\"potentialAction\":[{\"@type\":\"SearchAction\",\"target\":{\"@type\":\"EntryPoint\",\"urlTemplate\":\"https:\/\/www.dshop.ee\/en\/?s={search_term_string}\"},\"query-input\":\"required name=search_term_string\"}],\"inLanguage\":\"en-US\"},{\"@type\":\"Organization\",\"@id\":\"https:\/\/www.dshop.ee\/en\/#organization\",\"name\":\"D.SHOP\",\"url\":\"https:\/\/www.dshop.ee\/en\/\",\"logo\":{\"@type\":\"ImageObject\",\"inLanguage\":\"en-US\",\"@id\":\"https:\/\/www.dshop.ee\/en\/#\/schema\/logo\/image\/\",\"url\":\"https:\/\/i0.wp.com\/www.dshop.ee\/wp-content\/uploads\/2022\/05\/Dshop-logo-300-2.jpg?fit=300%2C188&ssl=1\",\"contentUrl\":\"https:\/\/i0.wp.com\/www.dshop.ee\/wp-content\/uploads\/2022\/05\/Dshop-logo-300-2.jpg?fit=300%2C188&ssl=1\",\"width\":300,\"height\":188,\"caption\":\"D.SHOP\"},\"image\":{\"@id\":\"https:\/\/www.dshop.ee\/en\/#\/schema\/logo\/image\/\"},\"sameAs\":[\"https:\/\/www.facebook.com\/anovozilovaa\",\"https:\/\/www.instagram.com\/anovozilovaa\/\"]}]}<\/script>\n<!-- \/ Yoast SEO plugin. -->","yoast_head_json":{"title":"Bedside table MONAKO Bluvel 14 velvet grey - D.SHOP - cozy modern","description":"Bedside table MONAKO Bluvel 14 velvet grey - with two drawers. Comfortably place all the necessary items and small things.","robots":{"index":"index","follow":"follow","max-snippet":"max-snippet:-1","max-image-preview":"max-image-preview:large","max-video-preview":"max-video-preview:-1"},"canonical":"https:\/\/www.dshop.ee\/en\/product\/bedside-table-monako-bluvel-14-velvet-grey\/","og_locale":"en_US","og_type":"article","og_title":"Bedside table MONAKO Bluvel 14 velvet grey - D.SHOP - cozy modern","og_description":"Bedside table MONAKO Bluvel 14 velvet grey - with two drawers. Comfortably place all the necessary items and small things.","og_url":"https:\/\/www.dshop.ee\/en\/product\/bedside-table-monako-bluvel-14-velvet-grey\/","og_site_name":"D.SHOP","article_publisher":"https:\/\/www.facebook.com\/anovozilovaa","article_modified_time":"2022-08-22T08:33:13+00:00","og_image":[{"width":549,"height":460,"url":"https:\/\/i0.wp.com\/www.dshop.ee\/wp-content\/uploads\/2022\/08\/Monako_VELVET_hall_1.jpg?fit=549%2C460&ssl=1","type":"image\/jpeg"}],"twitter_card":"summary_large_image","twitter_misc":{"Est. reading time":"2 minutes"},"schema":{"@context":"https:\/\/schema.org","@graph":[{"@type":"WebPage","@id":"https:\/\/www.dshop.ee\/en\/product\/bedside-table-monako-bluvel-14-velvet-grey\/","url":"https:\/\/www.dshop.ee\/en\/product\/bedside-table-monako-bluvel-14-velvet-grey\/","name":"Bedside table MONAKO Bluvel 14 velvet grey - D.SHOP - cozy modern","isPartOf":{"@id":"https:\/\/www.dshop.ee\/en\/#website"},"datePublished":"2022-08-22T08:22:50+00:00","dateModified":"2022-08-22T08:33:13+00:00","description":"Bedside table MONAKO Bluvel 14 velvet grey - with two drawers. Comfortably place all the necessary items and small things.","breadcrumb":{"@id":"https:\/\/www.dshop.ee\/en\/product\/bedside-table-monako-bluvel-14-velvet-grey\/#breadcrumb"},"inLanguage":"en-US","potentialAction":[{"@type":"ReadAction","target":["https:\/\/www.dshop.ee\/en\/product\/bedside-table-monako-bluvel-14-velvet-grey\/"]}]},{"@type":"BreadcrumbList","@id":"https:\/\/www.dshop.ee\/en\/product\/bedside-table-monako-bluvel-14-velvet-grey\/#breadcrumb","itemListElement":[{"@type":"ListItem","position":1,"name":"Home","item":"https:\/\/dshop.ee\/en\/"},{"@type":"ListItem","position":2,"name":"Shop","item":"https:\/\/dshop.ee\/en\/shop\/"},{"@type":"ListItem","position":3,"name":"Bedside table MONAKO Bluvel 14 | velvet grey"}]},{"@type":"WebSite","@id":"https:\/\/www.dshop.ee\/en\/#website","url":"https:\/\/www.dshop.ee\/en\/","name":"D.SHOP","description":"We are ready to help make a home of your dreams. So cozy and all yours.","publisher":{"@id":"https:\/\/www.dshop.ee\/en\/#organization"},"potentialAction":[{"@type":"SearchAction","target":{"@type":"EntryPoint","urlTemplate":"https:\/\/www.dshop.ee\/en\/?s={search_term_string}"},"query-input":"required name=search_term_string"}],"inLanguage":"en-US"},{"@type":"Organization","@id":"https:\/\/www.dshop.ee\/en\/#organization","name":"D.SHOP","url":"https:\/\/www.dshop.ee\/en\/","logo":{"@type":"ImageObject","inLanguage":"en-US","@id":"https:\/\/www.dshop.ee\/en\/#\/schema\/logo\/image\/","url":"https:\/\/i0.wp.com\/www.dshop.ee\/wp-content\/uploads\/2022\/05\/Dshop-logo-300-2.jpg?fit=300%2C188&ssl=1","contentUrl":"https:\/\/i0.wp.com\/www.dshop.ee\/wp-content\/uploads\/2022\/05\/Dshop-logo-300-2.jpg?fit=300%2C188&ssl=1","width":300,"height":188,"caption":"D.SHOP"},"image":{"@id":"https:\/\/www.dshop.ee\/en\/#\/schema\/logo\/image\/"},"sameAs":["https:\/\/www.facebook.com\/anovozilovaa","https:\/\/www.instagram.com\/anovozilovaa\/"]}]}},"jetpack-related-posts":[{"id":2980,"url":"https:\/\/www.dshop.ee\/en\/product\/bedside-table-monako-bluvel-52-pink-velvet\/","url_meta":{"origin":4926,"position":0},"title":"Bedside table MONAKO Bluvel 52 | pink velvet","date":"12.05.2022","format":false,"excerpt":"The bedside table is covered with a pink velvet fabric 2 drawers Legs and handles made of gold-coloured metal Weight (kg): 15 Height (cm): 56 Width (cm): 36 Length (cm): 53 Material: Velvet Delivery time: 4-8 weeks","rel":"","context":"Similar post","img":{"alt_text":"","src":"https:\/\/i0.wp.com\/www.dshop.ee\/wp-content\/uploads\/2022\/05\/Monako_VELVET_rozowy_1.jpg?fit=800%2C600&ssl=1&resize=350%2C200","width":350,"height":200},"classes":[]},{"id":791,"url":"https:\/\/www.dshop.ee\/toode\/tumba-lori-velvet-roheline-welle\/","url_meta":{"origin":4926,"position":1},"title":"Tumba LORI VELVET | roheline |","date":"20.04.2022","format":false,"excerpt":"Tumba on kaetud sametise kangaga Viimistlus: roheline Toodetud Poolas Materjal Kangas: samet Viimistlus: roheline Tarneaeg:\u00a0 3-4 n\u00e4dalat","rel":"","context":"Similar post","img":{"alt_text":"","src":"https:\/\/i0.wp.com\/www.dshop.ee\/wp-content\/uploads\/2022\/04\/lorizv_puf-lori-velvet-zielony-bluvel-78-1.jpg?fit=800%2C800&ssl=1&resize=350%2C200","width":350,"height":200},"classes":[]},{"id":4927,"url":"https:\/\/www.dshop.ee\/toode\/ookapp-monako-bluvel-14-velvet-hall\/","url_meta":{"origin":4926,"position":2},"title":"\u00d6\u00f6kapp MONAKO Bluvel 14 | velvet hall","date":"22.08.2022","format":false,"excerpt":"\u00d6\u00f6kapp on kaetud hall v\u00e4rvi sametise kangaga 2 sahtlit Jalad ja k\u00e4epidemed on kuldset v\u00e4rvi metallist Kaal (kg): 15 K\u00f5rgus (cm): 56 Laius (cm): 36 Pikkus (cm): 53 Material: Samet Tarneaeg: 4-8 n\u00e4dalat","rel":"","context":"Similar post","img":{"alt_text":"","src":"https:\/\/i0.wp.com\/www.dshop.ee\/wp-content\/uploads\/2022\/08\/Monako_VELVET_hall_1.jpg?fit=549%2C460&ssl=1&resize=350%2C200","width":350,"height":200},"classes":[]},{"id":2981,"url":"https:\/\/www.dshop.ee\/toode\/ookapp-monako-bluvel-52-velvet-roosa\/","url_meta":{"origin":4926,"position":3},"title":"\u00d6\u00f6kapp MONAKO Bluvel 52 | velvet roosa","date":"12.05.2022","format":false,"excerpt":"\u00d6\u00f6kapp on kaetud roosa v\u00e4rvi sametise kangaga 2 sahtlit Jalad ja k\u00e4epidemed on kuldset v\u00e4rvi metallist Kaal (kg): 15 K\u00f5rgus (cm): 56 Laius (cm): 36 Pikkus (cm): 53 Material: Samet Tarneaeg: 4-8 n\u00e4dalat","rel":"","context":"Similar post","img":{"alt_text":"","src":"https:\/\/i0.wp.com\/www.dshop.ee\/wp-content\/uploads\/2022\/05\/Monako_VELVET_rozowy_1.jpg?fit=800%2C600&ssl=1&resize=350%2C200","width":350,"height":200},"classes":[]},{"id":1244,"url":"https:\/\/www.dshop.ee\/en\/product\/tumba-corno-velvet-blue-furniture-for-home\/","url_meta":{"origin":4926,"position":4},"title":"Tumba CORNO | blue |","date":"26.04.2022","format":false,"excerpt":"The pouffe is lined with velvet fabric Legs made of metal, golden colour Colour: Blue It is delivered disassembled Specification Weight (kg): 6 Height (cm): 42 Width (cm): 42 Length (cm): 42 Material: Velvet Delivery time: 4-8 weeks","rel":"","context":"Similar post","img":{"alt_text":"","src":"https:\/\/i0.wp.com\/www.dshop.ee\/wp-content\/uploads\/2022\/04\/5b75fceee5552aca115c008e6bb09f8d.jpeg?fit=800%2C800&ssl=1&resize=350%2C200","width":350,"height":200},"classes":[]},{"id":790,"url":"https:\/\/www.dshop.ee\/en\/product\/tumba-lori-velvet-green-furniture-for-home\/","url_meta":{"origin":4926,"position":5},"title":"Tumba LORI VELVET | green |","date":"20.04.2022","format":false,"excerpt":"The tumba is covered with a velvet fabric Color: Green Produced in Poland Specification Weight (kg): 3.6 Height (cm): 34 Width (cm): 39 Length (cm): 39 Material: Velvet Delivery time: 3-4 weeks","rel":"","context":"Similar post","img":{"alt_text":"","src":"https:\/\/i0.wp.com\/www.dshop.ee\/wp-content\/uploads\/2022\/04\/lorizv_puf-lori-velvet-zielony-bluvel-78-1.jpg?fit=800%2C800&ssl=1&resize=350%2C200","width":350,"height":200},"classes":[]}],"_links":{"self":[{"href":"https:\/\/www.dshop.ee\/en\/wp-json\/wp\/v2\/product\/4926"}],"collection":[{"href":"https:\/\/www.dshop.ee\/en\/wp-json\/wp\/v2\/product"}],"about":[{"href":"https:\/\/www.dshop.ee\/en\/wp-json\/wp\/v2\/types\/product"}],"replies":[{"embeddable":true,"href":"https:\/\/www.dshop.ee\/en\/wp-json\/wp\/v2\/comments?post=4926"}],"wp:featuredmedia":[{"embeddable":true,"href":"https:\/\/www.dshop.ee\/en\/wp-json\/wp\/v2\/media\/4938"}],"wp:attachment":[{"href":"https:\/\/www.dshop.ee\/en\/wp-json\/wp\/v2\/media?parent=4926"}],"wp:term":[{"taxonomy":"product_cat","embeddable":true,"href":"https:\/\/www.dshop.ee\/en\/wp-json\/wp\/v2\/product_cat?post=4926"},{"taxonomy":"product_tag","embeddable":true,"href":"https:\/\/www.dshop.ee\/en\/wp-json\/wp\/v2\/product_tag?post=4926"}],"curies":[{"name":"wp","href":"https:\/\/api.w.org\/{rel}","templated":true}]}}