{"id":5137,"date":"2022-08-25T15:05:33","date_gmt":"2022-08-25T12:05:33","guid":{"rendered":"https:\/\/dshop.ee\/?post_type=product&#038;p=5137"},"modified":"2022-08-26T12:24:22","modified_gmt":"2022-08-26T09:24:22","slug":"floor-lamp-acan-m187b-collection-acan","status":"publish","type":"product","link":"https:\/\/www.dshop.ee\/en\/product\/floor-lamp-acan-m187b-collection-acan\/","title":{"rendered":"Floor lamp | ACAN M187B"},"content":{"rendered":"\t<section class=\"section\" id=\"section_1333994411\">\n\t\t<div class=\"bg section-bg fill bg-fill  bg-loaded\" >\n\n\t\t\t\n\t\t\t\n\t\t\t\n\n\t\t<\/div>\n\n\t\t\n\n\t\t<div class=\"section-content relative\">\n\t\t\t\n<div class=\"row align-middle align-center\"  id=\"row-787764478\">\n\n\t<div id=\"col-378097989\" class=\"col medium-12 small-12 large-11\"  >\n\t\t\t\t<div class=\"col-inner\"  >\n\t\t\t\n\t\t\t\n<div class=\"row\"  id=\"row-1977650815\">\n\n\t<div id=\"col-1221163903\" class=\"col medium-6 small-12 large-7\"  >\n\t\t\t\t<div class=\"col-inner\"  >\n\t\t\t\n\t\t\t\n\n  <div class=\"banner has-hover bg-zoom\" id=\"banner-1290140305\">\n          <div class=\"banner-inner fill\">\n        <div class=\"banner-bg fill\" >\n            <div class=\"bg fill bg-fill \"><\/div>\n                                    \n                    <\/div>\n\t\t\n        <div class=\"banner-layers container\">\n            <div class=\"fill banner-link\"><\/div>            \n   <div id=\"text-box-1062168782\" class=\"text-box banner-layer x50 md-x50 lg-x50 y50 md-y50 lg-y50 res-text\">\n                                <div class=\"text-box-content text dark\">\n              \n              <div class=\"text-inner text-center\">\n                  \n              <\/div>\n           <\/div>\n                            \n<style>\n#text-box-1062168782 {\n  width: 60%;\n}\n#text-box-1062168782 .text-box-content {\n  font-size: 100%;\n}\n@media (min-width:550px) {\n  #text-box-1062168782 {\n    width: 60%;\n  }\n}\n<\/style>\n    <\/div>\n \n        <\/div>\n      <\/div>\n\n            \n<style>\n#banner-1290140305 {\n  padding-top: 99.99%;\n  background-color: rgba(0, 0, 0, 0);\n}\n#banner-1290140305 .bg.bg-loaded {\n  background-image: url(https:\/\/i0.wp.com\/www.dshop.ee\/wp-content\/uploads\/2022\/08\/lampa_ACAN_M187B_antracyt-3.jpg?fit=1020%2C638&ssl=1);\n}\n#banner-1290140305 .bg {\n  background-position: 25% 62%;\n}\n@media (min-width:550px) {\n  #banner-1290140305 {\n    padding-top: 150%;\n  }\n}\n@media (min-width:850px) {\n  #banner-1290140305 {\n    padding-top: 90%;\n  }\n}\n<\/style>\n  <\/div>\n\n\n\t\t<\/div>\n\t\t\t\t\t<\/div>\n\n\t\n\n\t<div id=\"col-268318475\" class=\"col medium-6 small-12 large-5\"  >\n\t\t\t\t<div class=\"col-inner\"  >\n\t\t\t\n\t\t\t\n\n  <div class=\"banner has-hover bg-zoom\" id=\"banner-1192383124\">\n          <div class=\"banner-inner fill\">\n        <div class=\"banner-bg fill\" >\n            <div class=\"bg fill bg-fill \"><\/div>\n                                    \n                    <\/div>\n\t\t\n        <div class=\"banner-layers container\">\n            <div class=\"fill banner-link\"><\/div>            \n   <div id=\"text-box-119260667\" class=\"text-box banner-layer x50 md-x50 lg-x50 y50 md-y50 lg-y50 res-text\">\n                                <div class=\"text-box-content text dark\">\n              \n              <div class=\"text-inner text-center\">\n                  \n              <\/div>\n           <\/div>\n                            \n<style>\n#text-box-119260667 {\n  width: 60%;\n}\n#text-box-119260667 .text-box-content {\n  font-size: 100%;\n}\n@media (min-width:550px) {\n  #text-box-119260667 {\n    width: 60%;\n  }\n}\n<\/style>\n    <\/div>\n \n        <\/div>\n      <\/div>\n\n            \n<style>\n#banner-1192383124 {\n  padding-top: 60%;\n  background-color: rgba(0, 0, 0, 0);\n}\n#banner-1192383124 .bg.bg-loaded {\n  background-image: url(https:\/\/i0.wp.com\/www.dshop.ee\/wp-content\/uploads\/2022\/08\/lampa_ACAN_M187B_antracyt-2.jpg?fit=800%2C800&ssl=1);\n}\n#banner-1192383124 .bg {\n  background-position: 36% 30%;\n}\n@media (min-width:550px) {\n  #banner-1192383124 {\n    padding-top: 76%;\n  }\n}\n@media (min-width:850px) {\n  #banner-1192383124 {\n    padding-top: 88%;\n  }\n}\n<\/style>\n  <\/div>\n\n\n\t\t<\/div>\n\t\t\t\t\t<\/div>\n\n\t\n<\/div>\n<div class=\"row align-right\"  id=\"row-1522156196\">\n\n\t<div id=\"col-973932025\" class=\"col medium-7 small-12 large-7\"  >\n\t\t\t\t<div class=\"col-inner\"  >\n\t\t\t\n\t\t\t\n\n  <div class=\"banner has-hover bg-zoom\" id=\"banner-1940115230\">\n          <div class=\"banner-inner fill\">\n        <div class=\"banner-bg fill\" >\n            <div class=\"bg fill bg-fill \"><\/div>\n                                    \n                    <\/div>\n\t\t\n        <div class=\"banner-layers container\">\n            <div class=\"fill banner-link\"><\/div>            \n   <div id=\"text-box-1370469211\" class=\"text-box banner-layer x50 md-x50 lg-x50 y50 md-y50 lg-y50 res-text\">\n                                <div class=\"text-box-content text dark\">\n              \n              <div class=\"text-inner text-center\">\n                  \n              <\/div>\n           <\/div>\n                            \n<style>\n#text-box-1370469211 {\n  width: 60%;\n}\n#text-box-1370469211 .text-box-content {\n  font-size: 100%;\n}\n@media (min-width:550px) {\n  #text-box-1370469211 {\n    width: 60%;\n  }\n}\n<\/style>\n    <\/div>\n \n        <\/div>\n      <\/div>\n\n            \n<style>\n#banner-1940115230 {\n  padding-top: 60%;\n  background-color: rgba(0, 0, 0, 0);\n}\n#banner-1940115230 .bg.bg-loaded {\n  background-image: url(https:\/\/i0.wp.com\/www.dshop.ee\/wp-content\/uploads\/2022\/08\/lampa_ACAN_M187B_antracyt-1.jpg?fit=800%2C800&ssl=1);\n}\n#banner-1940115230 .bg {\n  background-position: 40% 56%;\n}\n@media (min-width:550px) {\n  #banner-1940115230 {\n    padding-top: 94%;\n  }\n}\n<\/style>\n  <\/div>\n\n\n\t\t<\/div>\n\t\t\t\t\n<style>\n#col-973932025 > .col-inner {\n  margin: 0 0px 0px 0px;\n}\n@media (min-width:550px) {\n  #col-973932025 > .col-inner {\n    margin: -290px 0px 0px 0px;\n  }\n}\n@media (min-width:850px) {\n  #col-973932025 > .col-inner {\n    margin: -165px 0px 0px 0px;\n  }\n}\n<\/style>\n\t<\/div>\n\n\t\n<\/div>\n\t\t<\/div>\n\t\t\t\t\t<\/div>\n\n\t\n<\/div>\n\t\t<\/div>\n\n\t\t\n<style>\n#section_1333994411 {\n  padding-top: 30px;\n  padding-bottom: 30px;\n}\n<\/style>\n\t<\/section>\n\t\n<div class=\"is-divider divider clearfix\" style=\"max-width:100%;height:1px;\"><\/div>\n\t<div id=\"stack-2032443724\" class=\"stack hide-for-small stack-row justify-center items-start\">\n\t\t\n<a rel=\"noopener noreferrer\" href=\"https:\/\/anovozilova.com\/\" target=\"_blank\" class=\"button primary hide-for-small\"  style=\"padding:5px 15px 5px 15px;\">\n    <span>Learn more about projects<\/span>\n  <\/a>\n\n\t\t\n<style>\n#stack-2032443724 > * {\n  --stack-gap: 0rem;\n}\n<\/style>\n\t<\/div>\n\t\n<h2><span style=\"font-size: 0%; color: #ffffff;\">Floor lamp ACAN M187B Collection ACAN<\/span><\/h2>\n\n  \n    <div class=\"row large-columns-5 medium-columns-3 small-columns-2 row-xsmall has-shadow row-box-shadow-1 row-box-shadow-1-hover slider row-slider slider-nav-reveal\"  data-flickity-options='{\"imagesLoaded\": true, \"groupCells\": \"100%\", \"dragThreshold\" : 5, \"cellAlign\": \"left\",\"wrapAround\": true,\"prevNextButtons\": true,\"percentPosition\": true,\"pageDots\": false, \"rightToLeft\": false, \"autoPlay\" : false}' >\n\n  \t<\/div>\n<div class=\"social-icons follow-icons full-width text-center\" ><a href=\"https:\/\/www.facebook.com\/anovozilovaa\" target=\"_blank\" rel=\"noopener noreferrer nofollow\" data-label=\"Facebook\" class=\"icon button circle is-outline facebook tooltip\" title=\"Follow on Facebook\" aria-label=\"Follow on Facebook\" ><i class=\"icon-facebook\" ><\/i><\/a><a href=\"https:\/\/www.instagram.com\/anovozilovaa\" target=\"_blank\" rel=\"noopener noreferrer nofollow\" data-label=\"Instagram\" class=\"icon button circle is-outline instagram tooltip\" title=\"Follow on Instagram\" aria-label=\"Follow on Instagram\" ><i class=\"icon-instagram\" ><\/i><\/a><a href=\"mailto:info@dshop.ee\" data-label=\"E-mail\" target=\"_blank\" rel=\"nofollow\" class=\"icon button circle is-outline email tooltip\" title=\"Send us an email\" aria-label=\"Send us an email\" ><i class=\"icon-envelop\" ><\/i><\/a><\/div>\n<h2><span style=\"font-size: 0%; color: #ffffff;\">Floor lamp ACAN M187B Collection ACAN<\/span><\/h2>\n<h5 style=\"text-align: center;\"><em><span style=\"font-size: 75%;\">The color of the product shown in the picture may vary slightly, and the information in the description is general, therefore not all product characteristics may be mentioned. If you have any questions, we always look forward to your call at +372 56949250 or email to <a href=\"mailto:info@dshop.ee\">info@dshop.ee<\/a><\/span><\/em><\/h5>\n<h2><span style=\"font-size: 0%; color: #ffffff;\">Floor lamp ACAN M187B Collection ACAN<\/span><\/h2>\n<p>&nbsp;<\/p>\n","protected":false},"excerpt":{"rendered":"<hr \/>\n<p style=\"text-align: justify;\">The ACAN M187B lamp fits perfectly into a modern living room. The combination of solid wood and high-quality steel, together with a large bulb, provide a modern look. The wooden shelf also allows you to put away small accessories or add additional decorations.<\/p>\n<p>Careful selection of materials and attention to detail at every stage of production guarantee that you will receive the highest quality product.<\/p>\n<hr \/>\n<p><strong>The most important features:<\/strong><\/p>\n<ul>\n<li>lamp size &#8211; height 178 cm, width: 47 cm, length: 47 cm<\/li>\n<li>solid oak shelf<\/li>\n<li>powder coated steel<\/li>\n<\/ul>\n<hr \/>\n<p><strong>Delivery time:<\/strong> 4-8 weeks<\/p>\n<hr \/>\n<p>&nbsp;<\/p>\n","protected":false},"featured_media":5195,"comment_status":"open","ping_status":"closed","template":"","meta":[],"product_cat":[81,89],"product_tag":[423,424,107],"class_list":["post-5137","product","type-product","status-publish","has-post-thumbnail","hentry","product_cat-interior-lightning","product_cat-floor-lamps","product_tag-collection-acan","product_tag-floor-lamps","product_tag-lighting"],"yoast_head":"<!-- This site is optimized with the Yoast SEO plugin v21.5 - https:\/\/yoast.com\/wordpress\/plugins\/seo\/ -->\n<title>Floor lamp ACAN M187B Collection ACAN - Cozy home<\/title>\n<meta name=\"description\" content=\"Floor lamp ACAN M187B Collection ACAN - lamp fits perfectly into a modern living room. Cozy and fashionable home. Careful selection of materials.\" \/>\n<meta name=\"robots\" content=\"index, follow, max-snippet:-1, max-image-preview:large, max-video-preview:-1\" \/>\n<link rel=\"canonical\" href=\"https:\/\/www.dshop.ee\/en\/product\/floor-lamp-acan-m187b-collection-acan\/\" \/>\n<meta property=\"og:locale\" content=\"en_US\" \/>\n<meta property=\"og:type\" content=\"article\" \/>\n<meta property=\"og:title\" content=\"Floor lamp ACAN M187B Collection ACAN - Cozy home\" \/>\n<meta property=\"og:description\" content=\"Floor lamp ACAN M187B Collection ACAN - lamp fits perfectly into a modern living room. Cozy and fashionable home. Careful selection of materials.\" \/>\n<meta property=\"og:url\" content=\"https:\/\/www.dshop.ee\/en\/product\/floor-lamp-acan-m187b-collection-acan\/\" \/>\n<meta property=\"og:site_name\" content=\"D.SHOP\" \/>\n<meta property=\"article:publisher\" content=\"https:\/\/www.facebook.com\/anovozilovaa\" \/>\n<meta property=\"article:modified_time\" content=\"2022-08-26T09:24:22+00:00\" \/>\n<meta property=\"og:image\" content=\"https:\/\/i0.wp.com\/www.dshop.ee\/wp-content\/uploads\/2022\/08\/lampa_ACAN_M187B_antracyt_1.jpg?fit=700%2C700&ssl=1\" \/>\n\t<meta property=\"og:image:width\" content=\"700\" \/>\n\t<meta property=\"og:image:height\" content=\"700\" \/>\n\t<meta property=\"og:image:type\" content=\"image\/jpeg\" \/>\n<meta name=\"twitter:card\" content=\"summary_large_image\" \/>\n<meta name=\"twitter:label1\" content=\"Est. reading time\" \/>\n\t<meta name=\"twitter:data1\" content=\"2 minutes\" \/>\n<script type=\"application\/ld+json\" class=\"yoast-schema-graph\">{\"@context\":\"https:\/\/schema.org\",\"@graph\":[{\"@type\":\"WebPage\",\"@id\":\"https:\/\/www.dshop.ee\/en\/product\/floor-lamp-acan-m187b-collection-acan\/\",\"url\":\"https:\/\/www.dshop.ee\/en\/product\/floor-lamp-acan-m187b-collection-acan\/\",\"name\":\"Floor lamp ACAN M187B Collection ACAN - Cozy home\",\"isPartOf\":{\"@id\":\"https:\/\/dshop.ee\/#website\"},\"datePublished\":\"2022-08-25T12:05:33+00:00\",\"dateModified\":\"2022-08-26T09:24:22+00:00\",\"description\":\"Floor lamp ACAN M187B Collection ACAN - lamp fits perfectly into a modern living room. Cozy and fashionable home. Careful selection of materials.\",\"breadcrumb\":{\"@id\":\"https:\/\/www.dshop.ee\/en\/product\/floor-lamp-acan-m187b-collection-acan\/#breadcrumb\"},\"inLanguage\":\"en-US\",\"potentialAction\":[{\"@type\":\"ReadAction\",\"target\":[\"https:\/\/www.dshop.ee\/en\/product\/floor-lamp-acan-m187b-collection-acan\/\"]}]},{\"@type\":\"BreadcrumbList\",\"@id\":\"https:\/\/www.dshop.ee\/en\/product\/floor-lamp-acan-m187b-collection-acan\/#breadcrumb\",\"itemListElement\":[{\"@type\":\"ListItem\",\"position\":1,\"name\":\"Home\",\"item\":\"https:\/\/www.dshop.ee\/en\/\"},{\"@type\":\"ListItem\",\"position\":2,\"name\":\"Shop\",\"item\":\"https:\/\/dshop.ee\/en\/shop\/\"},{\"@type\":\"ListItem\",\"position\":3,\"name\":\"Floor lamp | ACAN M187B\"}]},{\"@type\":\"WebSite\",\"@id\":\"https:\/\/dshop.ee\/#website\",\"url\":\"https:\/\/dshop.ee\/\",\"name\":\"D.SHOP\",\"description\":\"We are ready to help make a home of your dreams. So cozy and all yours.\",\"publisher\":{\"@id\":\"https:\/\/dshop.ee\/#organization\"},\"potentialAction\":[{\"@type\":\"SearchAction\",\"target\":{\"@type\":\"EntryPoint\",\"urlTemplate\":\"https:\/\/dshop.ee\/?s={search_term_string}\"},\"query-input\":\"required name=search_term_string\"}],\"inLanguage\":\"en-US\"},{\"@type\":\"Organization\",\"@id\":\"https:\/\/dshop.ee\/#organization\",\"name\":\"D.SHOP\",\"url\":\"https:\/\/dshop.ee\/\",\"logo\":{\"@type\":\"ImageObject\",\"inLanguage\":\"en-US\",\"@id\":\"https:\/\/dshop.ee\/#\/schema\/logo\/image\/\",\"url\":\"https:\/\/i0.wp.com\/www.dshop.ee\/wp-content\/uploads\/2022\/05\/Dshop-logo-300-2.jpg?fit=300%2C188&ssl=1\",\"contentUrl\":\"https:\/\/i0.wp.com\/www.dshop.ee\/wp-content\/uploads\/2022\/05\/Dshop-logo-300-2.jpg?fit=300%2C188&ssl=1\",\"width\":300,\"height\":188,\"caption\":\"D.SHOP\"},\"image\":{\"@id\":\"https:\/\/dshop.ee\/#\/schema\/logo\/image\/\"},\"sameAs\":[\"https:\/\/www.facebook.com\/anovozilovaa\",\"https:\/\/www.instagram.com\/anovozilovaa\/\"]}]}<\/script>\n<!-- \/ Yoast SEO plugin. -->","yoast_head_json":{"title":"Floor lamp ACAN M187B Collection ACAN - Cozy home","description":"Floor lamp ACAN M187B Collection ACAN - lamp fits perfectly into a modern living room. Cozy and fashionable home. Careful selection of materials.","robots":{"index":"index","follow":"follow","max-snippet":"max-snippet:-1","max-image-preview":"max-image-preview:large","max-video-preview":"max-video-preview:-1"},"canonical":"https:\/\/www.dshop.ee\/en\/product\/floor-lamp-acan-m187b-collection-acan\/","og_locale":"en_US","og_type":"article","og_title":"Floor lamp ACAN M187B Collection ACAN - Cozy home","og_description":"Floor lamp ACAN M187B Collection ACAN - lamp fits perfectly into a modern living room. Cozy and fashionable home. Careful selection of materials.","og_url":"https:\/\/www.dshop.ee\/en\/product\/floor-lamp-acan-m187b-collection-acan\/","og_site_name":"D.SHOP","article_publisher":"https:\/\/www.facebook.com\/anovozilovaa","article_modified_time":"2022-08-26T09:24:22+00:00","og_image":[{"width":700,"height":700,"url":"https:\/\/i0.wp.com\/www.dshop.ee\/wp-content\/uploads\/2022\/08\/lampa_ACAN_M187B_antracyt_1.jpg?fit=700%2C700&ssl=1","type":"image\/jpeg"}],"twitter_card":"summary_large_image","twitter_misc":{"Est. reading time":"2 minutes"},"schema":{"@context":"https:\/\/schema.org","@graph":[{"@type":"WebPage","@id":"https:\/\/www.dshop.ee\/en\/product\/floor-lamp-acan-m187b-collection-acan\/","url":"https:\/\/www.dshop.ee\/en\/product\/floor-lamp-acan-m187b-collection-acan\/","name":"Floor lamp ACAN M187B Collection ACAN - Cozy home","isPartOf":{"@id":"https:\/\/dshop.ee\/#website"},"datePublished":"2022-08-25T12:05:33+00:00","dateModified":"2022-08-26T09:24:22+00:00","description":"Floor lamp ACAN M187B Collection ACAN - lamp fits perfectly into a modern living room. Cozy and fashionable home. Careful selection of materials.","breadcrumb":{"@id":"https:\/\/www.dshop.ee\/en\/product\/floor-lamp-acan-m187b-collection-acan\/#breadcrumb"},"inLanguage":"en-US","potentialAction":[{"@type":"ReadAction","target":["https:\/\/www.dshop.ee\/en\/product\/floor-lamp-acan-m187b-collection-acan\/"]}]},{"@type":"BreadcrumbList","@id":"https:\/\/www.dshop.ee\/en\/product\/floor-lamp-acan-m187b-collection-acan\/#breadcrumb","itemListElement":[{"@type":"ListItem","position":1,"name":"Home","item":"https:\/\/www.dshop.ee\/en\/"},{"@type":"ListItem","position":2,"name":"Shop","item":"https:\/\/dshop.ee\/en\/shop\/"},{"@type":"ListItem","position":3,"name":"Floor lamp | ACAN M187B"}]},{"@type":"WebSite","@id":"https:\/\/dshop.ee\/#website","url":"https:\/\/dshop.ee\/","name":"D.SHOP","description":"We are ready to help make a home of your dreams. So cozy and all yours.","publisher":{"@id":"https:\/\/dshop.ee\/#organization"},"potentialAction":[{"@type":"SearchAction","target":{"@type":"EntryPoint","urlTemplate":"https:\/\/dshop.ee\/?s={search_term_string}"},"query-input":"required name=search_term_string"}],"inLanguage":"en-US"},{"@type":"Organization","@id":"https:\/\/dshop.ee\/#organization","name":"D.SHOP","url":"https:\/\/dshop.ee\/","logo":{"@type":"ImageObject","inLanguage":"en-US","@id":"https:\/\/dshop.ee\/#\/schema\/logo\/image\/","url":"https:\/\/i0.wp.com\/www.dshop.ee\/wp-content\/uploads\/2022\/05\/Dshop-logo-300-2.jpg?fit=300%2C188&ssl=1","contentUrl":"https:\/\/i0.wp.com\/www.dshop.ee\/wp-content\/uploads\/2022\/05\/Dshop-logo-300-2.jpg?fit=300%2C188&ssl=1","width":300,"height":188,"caption":"D.SHOP"},"image":{"@id":"https:\/\/dshop.ee\/#\/schema\/logo\/image\/"},"sameAs":["https:\/\/www.facebook.com\/anovozilovaa","https:\/\/www.instagram.com\/anovozilovaa\/"]}]}},"jetpack-related-posts":[{"id":5140,"url":"https:\/\/www.dshop.ee\/toode\/porandavalgusti-acan-m187b-kollektsioon-acan\/","url_meta":{"origin":5137,"position":0},"title":"P\u00f5randavalgusti | ACAN M187B","date":"25.08.2022","format":false,"excerpt":"P\u00f5randalamp ACAN sobib ideaalselt kaasaegsesse elutuppa T\u00e4ispuidu ja kvaliteetse terase kombinatsioon koos suure pirniga annab valgustile kaasaegse ilme. Puidust riiul v\u00f5imaldab lisada ka v\u00e4ikeseid aksessuaare v\u00f5i t\u00e4iendavaid kaunistusi. Hoolikas materjalide valik ja t\u00e4helepanu detailidele igas tootmisetapis tagavad, et saate k\u00f5rgeima kvaliteediga toote. K\u00f5ige olulisemad funktsioonid: lambi suurus-k\u00f5rgus 178cm, laius: 47cm,\u2026","rel":"","context":"Similar post","img":{"alt_text":"","src":"https:\/\/i0.wp.com\/www.dshop.ee\/wp-content\/uploads\/2022\/08\/lampa_ACAN_M187B_antracyt_1.jpg?fit=700%2C700&ssl=1&resize=350%2C200","width":350,"height":200},"classes":[]},{"id":5134,"url":"https:\/\/www.dshop.ee\/ru\/product\/%d0%bd%d0%b0%d0%bf%d0%be%d0%bb%d1%8c%d0%bd%d1%8b%d0%b9-%d1%81%d0%b2%d0%b5%d1%82%d0%b8%d0%bb%d1%8c%d0%bd%d0%b8%d0%ba-acan-m187b-%d0%ba%d0%be%d0%bb%d0%bb%d0%b5%d0%ba%d1%86%d0%b8%d1%8f-acan\/","url_meta":{"origin":5137,"position":1},"title":"\u041d\u0430\u043f\u043e\u043b\u044c\u043d\u044b\u0439 \u0441\u0432\u0435\u0442\u0438\u043b\u044c\u043d\u0438\u043a | ACAN M187B","date":"25.08.2022","format":false,"excerpt":"\u041b\u0430\u043c\u043f\u0430 ACAN \u0438\u0434\u0435\u0430\u043b\u044c\u043d\u043e \u0432\u043f\u0438\u0448\u0435\u0442\u0441\u044f \u0432 \u0441\u043e\u0432\u0440\u0435\u043c\u0435\u043d\u043d\u0443\u044e \u0433\u043e\u0441\u0442\u0438\u043d\u0443\u044e. \u0421\u043e\u0447\u0435\u0442\u0430\u043d\u0438\u0435 \u043c\u0430\u0441\u0441\u0438\u0432\u0430 \u0434\u0435\u0440\u0435\u0432\u0430 \u0438 \u0432\u044b\u0441\u043e\u043a\u043e\u043a\u0430\u0447\u0435\u0441\u0442\u0432\u0435\u043d\u043d\u043e\u0439 \u0441\u0442\u0430\u043b\u0438 \u0432 \u0441\u043e\u0447\u0435\u0442\u0430\u043d\u0438\u0438 \u0441 \u0431\u043e\u043b\u044c\u0448\u043e\u0439 \u043a\u043e\u043b\u0431\u043e\u0439 \u043f\u0440\u0438\u0434\u0430\u044e\u0442 \u0441\u0432\u0435\u0442\u0438\u043b\u044c\u043d\u0438\u043a\u0443 \u0441\u043e\u0432\u0440\u0435\u043c\u0435\u043d\u043d\u044b\u0439 \u0432\u0438\u0434. \u0414\u0435\u0440\u0435\u0432\u044f\u043d\u043d\u0430\u044f \u043f\u043e\u043b\u043a\u0430 \u0442\u0430\u043a\u0436\u0435 \u043f\u043e\u0437\u0432\u043e\u043b\u044f\u0435\u0442 \u0434\u043e\u0431\u0430\u0432\u0438\u0442\u044c \u043d\u0435\u0431\u043e\u043b\u044c\u0448\u0438\u0435 \u0430\u043a\u0441\u0435\u0441\u0441\u0443\u0430\u0440\u044b \u0438\u043b\u0438 \u0434\u043e\u043f\u043e\u043b\u043d\u0438\u0442\u0435\u043b\u044c\u043d\u044b\u0435 \u0443\u043a\u0440\u0430\u0448\u0435\u043d\u0438\u044f. \u0422\u0449\u0430\u0442\u0435\u043b\u044c\u043d\u044b\u0439 \u043f\u043e\u0434\u0431\u043e\u0440 \u043c\u0430\u0442\u0435\u0440\u0438\u0430\u043b\u043e\u0432 \u0438 \u0432\u043d\u0438\u043c\u0430\u043d\u0438\u0435 \u043a \u0434\u0435\u0442\u0430\u043b\u044f\u043c \u043d\u0430 \u043a\u0430\u0436\u0434\u043e\u043c \u044d\u0442\u0430\u043f\u0435 \u043f\u0440\u043e\u0438\u0437\u0432\u043e\u0434\u0441\u0442\u0432\u0430 \u0433\u0430\u0440\u0430\u043d\u0442\u0438\u0440\u0443\u044e\u0442, \u0447\u0442\u043e \u0432\u044b \u043f\u043e\u043b\u0443\u0447\u0438\u0442\u0435 \u043f\u0440\u043e\u0434\u0443\u043a\u0442 \u0432\u044b\u0441\u043e\u0447\u0430\u0439\u0448\u0435\u0433\u043e \u043a\u0430\u0447\u0435\u0441\u0442\u0432\u0430.\u2026","rel":"","context":"Similar post","img":{"alt_text":"","src":"https:\/\/i0.wp.com\/www.dshop.ee\/wp-content\/uploads\/2022\/08\/lampa_ACAN_M187B_antracyt_1.jpg?fit=700%2C700&ssl=1&resize=350%2C200","width":350,"height":200},"classes":[]},{"id":6085,"url":"https:\/\/www.dshop.ee\/en\/product\/mirror-radius-m281-80x80cm-hallway\/","url_meta":{"origin":5137,"position":2},"title":"Mirror RADIUS | M281 80x80cm","date":"02.09.2022","format":false,"excerpt":"The RADIUS M281 mirror is a mirror in a steel frame, which is characterized by a minimalistic shape combined with the highest quality of workmanship. This model looks great in a pair! Careful selection of materials and attention to detail at every stage of production guarantee that you will receive\u2026","rel":"","context":"Similar post","img":{"alt_text":"","src":"https:\/\/i0.wp.com\/www.dshop.ee\/wp-content\/uploads\/2022\/09\/mirror_radius_M281_czarny_4-2.jpg?fit=700%2C700&ssl=1&resize=350%2C200","width":350,"height":200},"classes":[]},{"id":6139,"url":"https:\/\/www.dshop.ee\/en\/product\/mirror-ferro-m284-80x77cm\/","url_meta":{"origin":5137,"position":3},"title":"Mirror FERRO | M284 80x77cm","date":"02.09.2022","format":false,"excerpt":"The irregular, modern shape of the FERRO M284 mirror gives the interior a unique character. This product fits especially well with our tables FERRO M285A, FERRO285B and the console FERRO M286 . Careful selection of materials and attention to detail at every stage of production guarantee that you will receive\u2026","rel":"","context":"Similar post","img":{"alt_text":"","src":"https:\/\/i0.wp.com\/www.dshop.ee\/wp-content\/uploads\/2022\/09\/mirror_ferro_M284_5-2.jpg?fit=700%2C700&ssl=1&resize=350%2C200","width":350,"height":200},"classes":[]},{"id":6087,"url":"https:\/\/www.dshop.ee\/toode\/peegel-radius-m281-80x80cm-esik\/","url_meta":{"origin":5137,"position":4},"title":"Peegel RADIUS | M281 80x80cm","date":"02.09.2022","format":false,"excerpt":"Peegel RADIUS M281 - see on terasraamiga peegel, millel on minimalistlik kuju koos k\u00f5rgeima t\u00f6\u00f6tlusega. See mudel n\u00e4eb paarina hea v\u00e4lja! Hoolikas materjalide valik ja t\u00e4helepanu detailidele igas tootmisetapis tagavad, et saate k\u00f5rgeima kvaliteediga toote. K\u00f5ige olulisemad funktsioonid: m\u00f5\u00f5dud: k\u00f5rgus: 80 cm laius: 80 cm kaal: 10.7 kg kaasaegne disain\u2026","rel":"","context":"Similar post","img":{"alt_text":"","src":"https:\/\/i0.wp.com\/www.dshop.ee\/wp-content\/uploads\/2022\/09\/mirror_radius_M281_czarny_4-2.jpg?fit=700%2C700&ssl=1&resize=350%2C200","width":350,"height":200},"classes":[]},{"id":6143,"url":"https:\/\/www.dshop.ee\/toode\/peegel-ferro-m284-80x77cm\/","url_meta":{"origin":5137,"position":5},"title":"Peegel FERRO | M284 80x77cm","date":"02.09.2022","format":false,"excerpt":"Peegli ebakorrap\u00e4rane kaasaegne vorm annab interj\u00f6\u00f6rile ainulaadse iseloomu. See toode sobib eriti h\u00e4sti meie t\u00f6\u00f6laudadega FERRO M285A, FERRO M285B ja konsooliga FERRO M286. Hoolikas materjalide valik ja t\u00e4helepanu detailidele igas tootmisetapis tagavad, et saate k\u00f5rgeima kvaliteediga toote. K\u00f5ige olulisemad funktsioonid: m\u00f5\u00f5dud: k\u00f5rgus: 80 cm laius: 77 cm kaal: 6.5 kg\u2026","rel":"","context":"Similar post","img":{"alt_text":"","src":"https:\/\/i0.wp.com\/www.dshop.ee\/wp-content\/uploads\/2022\/09\/mirror_ferro_M284_5-2.jpg?fit=700%2C700&ssl=1&resize=350%2C200","width":350,"height":200},"classes":[]}],"_links":{"self":[{"href":"https:\/\/www.dshop.ee\/en\/wp-json\/wp\/v2\/product\/5137"}],"collection":[{"href":"https:\/\/www.dshop.ee\/en\/wp-json\/wp\/v2\/product"}],"about":[{"href":"https:\/\/www.dshop.ee\/en\/wp-json\/wp\/v2\/types\/product"}],"replies":[{"embeddable":true,"href":"https:\/\/www.dshop.ee\/en\/wp-json\/wp\/v2\/comments?post=5137"}],"wp:featuredmedia":[{"embeddable":true,"href":"https:\/\/www.dshop.ee\/en\/wp-json\/wp\/v2\/media\/5195"}],"wp:attachment":[{"href":"https:\/\/www.dshop.ee\/en\/wp-json\/wp\/v2\/media?parent=5137"}],"wp:term":[{"taxonomy":"product_cat","embeddable":true,"href":"https:\/\/www.dshop.ee\/en\/wp-json\/wp\/v2\/product_cat?post=5137"},{"taxonomy":"product_tag","embeddable":true,"href":"https:\/\/www.dshop.ee\/en\/wp-json\/wp\/v2\/product_tag?post=5137"}],"curies":[{"name":"wp","href":"https:\/\/api.w.org\/{rel}","templated":true}]}}